{"id":19445,"date":"2026-05-05T15:48:03","date_gmt":"2026-05-05T15:48:03","guid":{"rendered":"https:\/\/urban-clothingstore.com\/?post_type=product&#038;p=19445"},"modified":"2026-05-07T16:28:58","modified_gmt":"2026-05-07T16:28:58","slug":"maice-premium-basic-black-white","status":"publish","type":"product","link":"https:\/\/urban-clothingstore.com\/en\/product\/maice-premium-basic-black-white\/","title":{"rendered":"Maic\u00eb Premium Basic \u2013 Black &#038; White"},"content":{"rendered":"<p data-start=\"50\" data-end=\"299\">Maic\u00eb premium me dizajn t\u00eb thjesht\u00eb dhe elegant, e krijuar p\u00ebr kombinime t\u00eb p\u00ebrditshme dhe stil t\u00eb past\u00ebr urban. Materiali i but\u00eb dhe komod ofron rehati gjat\u00eb gjith\u00eb dit\u00ebs, nd\u00ebrsa prerja moderne i jep pamje t\u00eb rregullt dhe premium.<\/p>\n<p data-start=\"301\" data-end=\"463\">Modeli vjen n\u00eb dy ngjyra esenciale: <strong data-start=\"337\" data-end=\"346\">Black<\/strong> p\u00ebr stil m\u00eb t\u00eb fort\u00eb dhe elegant, si dhe <strong data-start=\"388\" data-end=\"397\">White<\/strong> p\u00ebr pamje t\u00eb past\u00ebr, minimaliste dhe shum\u00eb t\u00eb leht\u00eb p\u00ebr kombinim.<\/p>\n<p data-start=\"465\" data-end=\"489\"><strong data-start=\"465\" data-end=\"489\">Detajet e produktit:<\/strong><\/p>\n<ul data-start=\"490\" data-end=\"675\">\n<li data-section-id=\"67e21n\" data-start=\"490\" data-end=\"512\">Dizajn basic premium<\/li>\n<li data-section-id=\"ypgqdf\" data-start=\"513\" data-end=\"531\">Jak\u00eb rrumbullake<\/li>\n<li data-section-id=\"1xntovp\" data-start=\"532\" data-end=\"565\">Material i but\u00eb dhe i rehatsh\u00ebm<\/li>\n<li data-section-id=\"1wwzyaq\" data-start=\"566\" data-end=\"591\">Prerje moderne p\u00ebr trup<\/li>\n<li data-section-id=\"1srsxtp\" data-start=\"592\" data-end=\"615\">Ngjyra: Black &amp; White<\/li>\n<li data-section-id=\"1u79m8k\" data-start=\"616\" data-end=\"675\">Ideale p\u00ebr stil casual, urban dhe kombinime t\u00eb p\u00ebrditshme<\/li>\n<\/ul>","protected":false},"excerpt":{"rendered":"<p>Maic\u00eb premium me dizajn t\u00eb thjesht\u00eb dhe elegant, e krijuar p\u00ebr kombinime t\u00eb p\u00ebrditshme dhe stil t\u00eb past\u00ebr urban. Materiali i but\u00eb dhe komod ofron rehati gjat\u00eb gjith\u00eb dit\u00ebs, nd\u00ebrsa prerja moderne i jep pamje t\u00eb rregullt dhe premium. Modeli vjen n\u00eb dy ngjyra esenciale: Black p\u00ebr stil m\u00eb t\u00eb fort\u00eb dhe elegant, si dhe [&hellip;]<\/p>","protected":false},"featured_media":19447,"comment_status":"open","ping_status":"closed","template":"","meta":[],"product_brand":[],"product_cat":[704,21],"product_tag":[1003,313,668,679,57],"class_list":{"0":"post-19445","1":"product","2":"type-product","3":"status-publish","4":"has-post-thumbnail","6":"product_cat-premium-slim-fit-t-shirt","7":"product_cat-tshirts","8":"product_tag-basic","9":"product_tag-maice","10":"product_tag-per-meshkuj","11":"product_tag-premium","12":"product_tag-slimfit","14":"first","15":"instock","16":"sale","17":"taxable","18":"shipping-taxable","19":"purchasable","20":"product-type-variable"},"jetpack_sharing_enabled":true,"_links":{"self":[{"href":"https:\/\/urban-clothingstore.com\/en\/wp-json\/wp\/v2\/product\/19445","targetHints":{"allow":["GET"]}}],"collection":[{"href":"https:\/\/urban-clothingstore.com\/en\/wp-json\/wp\/v2\/product"}],"about":[{"href":"https:\/\/urban-clothingstore.com\/en\/wp-json\/wp\/v2\/types\/product"}],"replies":[{"embeddable":true,"href":"https:\/\/urban-clothingstore.com\/en\/wp-json\/wp\/v2\/comments?post=19445"}],"wp:featuredmedia":[{"embeddable":true,"href":"https:\/\/urban-clothingstore.com\/en\/wp-json\/wp\/v2\/media\/19447"}],"wp:attachment":[{"href":"https:\/\/urban-clothingstore.com\/en\/wp-json\/wp\/v2\/media?parent=19445"}],"wp:term":[{"taxonomy":"product_brand","embeddable":true,"href":"https:\/\/urban-clothingstore.com\/en\/wp-json\/wp\/v2\/product_brand?post=19445"},{"taxonomy":"product_cat","embeddable":true,"href":"https:\/\/urban-clothingstore.com\/en\/wp-json\/wp\/v2\/product_cat?post=19445"},{"taxonomy":"product_tag","embeddable":true,"href":"https:\/\/urban-clothingstore.com\/en\/wp-json\/wp\/v2\/product_tag?post=19445"}],"curies":[{"name":"wp","href":"https:\/\/api.w.org\/{rel}","templated":true}]}}