{"id":19458,"date":"2026-05-05T16:37:17","date_gmt":"2026-05-05T16:37:17","guid":{"rendered":"https:\/\/urban-clothingstore.com\/?post_type=product&#038;p=19458"},"modified":"2026-05-05T16:37:17","modified_gmt":"2026-05-05T16:37:17","slug":"urban-summer-set-lightweight","status":"publish","type":"product","link":"https:\/\/urban-clothingstore.com\/en\/product\/urban-summer-set-lightweight\/","title":{"rendered":"\u201cUrban Summer Set \u2013 Lightweight"},"content":{"rendered":"<p data-start=\"174\" data-end=\"467\">Ky set veror p\u00ebrb\u00ebhet nga material <strong data-start=\"235\" data-end=\"256\">polyester + nylon<\/strong>, i projektuar p\u00ebr rehati maksimale dhe p\u00ebrdorim t\u00eb p\u00ebrditsh\u00ebm gjat\u00eb sezonit t\u00eb ver\u00ebs. Edhe pse nuk \u00ebsht\u00eb linen, materiali \u00ebsht\u00eb <strong data-start=\"385\" data-end=\"425\">i leht\u00eb, i fresk\u00ebt dhe shum\u00eb praktik<\/strong>, duke ofruar nj\u00eb pamje moderne dhe clean.<\/p>\n<p data-start=\"469\" data-end=\"635\">Fal\u00eb p\u00ebrb\u00ebrjes s\u00eb tij, ky set nuk rrudhet leht\u00eb dhe ruan form\u00ebn perfekte gjat\u00eb gjith\u00eb dit\u00ebs. \u00cbsht\u00eb zgjedhje ideale p\u00ebr meshkujt q\u00eb k\u00ebrkojn\u00eb stil pa shum\u00eb mir\u00ebmbajtje.<\/p>\n<hr data-start=\"637\" data-end=\"640\" \/>\n<p data-start=\"642\" data-end=\"659\"><strong data-start=\"642\" data-end=\"659\">Key Features:<\/strong><\/p>\n<ul data-start=\"661\" data-end=\"1174\">\n<li data-section-id=\"cwmfng\" data-start=\"661\" data-end=\"754\"><strong data-start=\"663\" data-end=\"694\">Material: Polyester + Nylon<\/strong><br data-start=\"694\" data-end=\"697\" \/>I leht\u00eb, rezistent dhe shum\u00eb praktik p\u00ebr p\u00ebrdorim ditor<\/li>\n<li data-section-id=\"14tz4n2\" data-start=\"756\" data-end=\"831\"><strong data-start=\"758\" data-end=\"779\">Nuk rrudhet leht\u00eb<\/strong><br data-start=\"779\" data-end=\"782\" \/>Perfekt p\u00ebr udh\u00ebtime dhe p\u00ebrdorim t\u00eb p\u00ebrditsh\u00ebm<\/li>\n<li data-section-id=\"utcc97\" data-start=\"833\" data-end=\"906\"><strong data-start=\"835\" data-end=\"855\">Tharje e shpejt\u00eb<\/strong><br data-start=\"855\" data-end=\"858\" \/>Ideal p\u00ebr dit\u00eb t\u00eb nxehta dhe aktivitete verore<\/li>\n<li data-section-id=\"1xo6s2u\" data-start=\"908\" data-end=\"976\"><strong data-start=\"910\" data-end=\"932\">Prerje Relaxed Fit<\/strong><br data-start=\"932\" data-end=\"935\" \/>Komfort maksimal dhe stil casual modern<\/li>\n<li data-section-id=\"10qcc56\" data-start=\"978\" data-end=\"1041\"><strong data-start=\"980\" data-end=\"1014\">Set i plot\u00eb (K\u00ebmish\u00eb + Shorts)<\/strong><br data-start=\"1014\" data-end=\"1017\" \/>Outfit gati p\u00ebr veshje<\/li>\n<li data-section-id=\"mgjet1\" data-start=\"1043\" data-end=\"1106\"><strong data-start=\"1045\" data-end=\"1075\">Ngjyr\u00eb portokalli vibrante<\/strong><br data-start=\"1075\" data-end=\"1078\" \/>Jep energji dhe stil veror<\/li>\n<li data-section-id=\"1eqyk1s\" data-start=\"1108\" data-end=\"1174\"><strong data-start=\"1110\" data-end=\"1132\">Leht\u00eb p\u00ebr kombinim<\/strong><br data-start=\"1132\" data-end=\"1135\" \/>Shkon perfekt me sneakers ose sandale<\/li>\n<\/ul>","protected":false},"excerpt":{"rendered":"<p>Ky set veror p\u00ebrb\u00ebhet nga material polyester + nylon, i projektuar p\u00ebr rehati maksimale dhe p\u00ebrdorim t\u00eb p\u00ebrditsh\u00ebm gjat\u00eb sezonit t\u00eb ver\u00ebs. Edhe pse nuk \u00ebsht\u00eb linen, materiali \u00ebsht\u00eb i leht\u00eb, i fresk\u00ebt dhe shum\u00eb praktik, duke ofruar nj\u00eb pamje moderne dhe clean. Fal\u00eb p\u00ebrb\u00ebrjes s\u00eb tij, ky set nuk rrudhet leht\u00eb dhe ruan form\u00ebn [&hellip;]<\/p>","protected":false},"featured_media":19459,"comment_status":"open","ping_status":"closed","template":"","meta":[],"product_brand":[],"product_cat":[77],"product_tag":[1065,1064],"class_list":{"0":"post-19458","1":"product","2":"type-product","3":"status-publish","4":"has-post-thumbnail","6":"product_cat-trucksuit","7":"product_tag-set-i-plote-kemishe-shorts-outfit-gati-per-veshje-ngjyre-portokalli-vibrante-jep-energji-dhe-stil-veror","8":"product_tag-urban-summer-set-lightweight","10":"first","11":"instock","12":"taxable","13":"shipping-taxable","14":"purchasable","15":"product-type-variable"},"jetpack_sharing_enabled":true,"_links":{"self":[{"href":"https:\/\/urban-clothingstore.com\/en\/wp-json\/wp\/v2\/product\/19458","targetHints":{"allow":["GET"]}}],"collection":[{"href":"https:\/\/urban-clothingstore.com\/en\/wp-json\/wp\/v2\/product"}],"about":[{"href":"https:\/\/urban-clothingstore.com\/en\/wp-json\/wp\/v2\/types\/product"}],"replies":[{"embeddable":true,"href":"https:\/\/urban-clothingstore.com\/en\/wp-json\/wp\/v2\/comments?post=19458"}],"wp:featuredmedia":[{"embeddable":true,"href":"https:\/\/urban-clothingstore.com\/en\/wp-json\/wp\/v2\/media\/19459"}],"wp:attachment":[{"href":"https:\/\/urban-clothingstore.com\/en\/wp-json\/wp\/v2\/media?parent=19458"}],"wp:term":[{"taxonomy":"product_brand","embeddable":true,"href":"https:\/\/urban-clothingstore.com\/en\/wp-json\/wp\/v2\/product_brand?post=19458"},{"taxonomy":"product_cat","embeddable":true,"href":"https:\/\/urban-clothingstore.com\/en\/wp-json\/wp\/v2\/product_cat?post=19458"},{"taxonomy":"product_tag","embeddable":true,"href":"https:\/\/urban-clothingstore.com\/en\/wp-json\/wp\/v2\/product_tag?post=19458"}],"curies":[{"name":"wp","href":"https:\/\/api.w.org\/{rel}","templated":true}]}}