{"id":19536,"date":"2026-05-07T14:08:37","date_gmt":"2026-05-07T14:08:37","guid":{"rendered":"https:\/\/urban-clothingstore.com\/?post_type=product&#038;p=19536"},"modified":"2026-05-07T14:08:37","modified_gmt":"2026-05-07T14:08:37","slug":"kostum-premium-light-grey-double-breasted","status":"publish","type":"product","link":"https:\/\/urban-clothingstore.com\/en\/product\/kostum-premium-light-grey-double-breasted\/","title":{"rendered":"Kostum Premium Light Grey Double-Breasted"},"content":{"rendered":"<section class=\"text-token-text-primary w-full focus:outline-none [--shadow-height:45px] has-data-writing-block:pointer-events-none has-data-writing-block:-mt-(--shadow-height) has-data-writing-block:pt-(--shadow-height) [&amp;:has([data-writing-block])&gt;*]:pointer-events-auto [content-visibility:auto] supports-[content-visibility:auto]:[contain-intrinsic-size:auto_100lvh] R6Vx5W_threadScrollVars scroll-mb-[calc(var(--scroll-root-safe-area-inset-bottom,0px)+var(--thread-response-height))] scroll-mt-[calc(var(--header-height)+min(200px,max(70px,20svh)))]\" dir=\"auto\" data-turn-id=\"request-WEB:acb40efd-5cc6-45aa-887a-072e7afbf522-1\" data-testid=\"conversation-turn-4\" data-scroll-anchor=\"false\" data-turn=\"assistant\">\n<div class=\"text-base my-auto mx-auto pb-10 [--thread-content-margin:var(--thread-content-margin-xs,calc(var(--spacing)*4))] @w-sm\/main:[--thread-content-margin:var(--thread-content-margin-sm,calc(var(--spacing)*6))] @w-lg\/main:[--thread-content-margin:var(--thread-content-margin-lg,calc(var(--spacing)*16))] px-(--thread-content-margin)\">\n<div class=\"[--thread-content-max-width:40rem] @w-lg\/main:[--thread-content-max-width:48rem] mx-auto max-w-(--thread-content-max-width) flex-1 group\/turn-messages focus-visible:outline-hidden relative flex w-full min-w-0 flex-col agent-turn\">\n<div class=\"flex max-w-full flex-col gap-4 grow\">\n<div class=\"min-h-8 text-message relative flex w-full flex-col items-end gap-2 text-start break-words whitespace-normal outline-none keyboard-focused:focus-ring [.text-message+&amp;]:mt-1\" dir=\"auto\" tabindex=\"0\" data-message-author-role=\"assistant\" data-message-id=\"49c9c789-de22-4973-acc0-d0bf0f0d52e9\" data-message-model-slug=\"gpt-5-5-thinking\" data-turn-start-message=\"true\">\n<div class=\"flex w-full flex-col gap-1 empty:hidden\">\n<div class=\"markdown prose dark:prose-invert wrap-break-word w-full dark markdown-new-styling\">\n<p data-start=\"25\" data-end=\"386\">Kostum <strong data-start=\"32\" data-end=\"70\">Premium Light Grey Double-Breasted<\/strong>, i krijuar p\u00ebr meshkuj q\u00eb duan t\u00eb dallohen me eleganc\u00eb, klas dhe stil modern. Ngjyra <strong data-start=\"156\" data-end=\"170\">light grey<\/strong> i jep kostumit nj\u00eb pamje t\u00eb past\u00ebr, luksoze dhe shum\u00eb t\u00eb leht\u00eb p\u00ebr kombinim, duke e b\u00ebr\u00eb ideal p\u00ebr evente speciale, dasma, mbr\u00ebmje elegante, takime biznesi apo raste ku k\u00ebrkohet nj\u00eb paraqitje e kuruar deri n\u00eb detaj.<\/p>\n<p data-start=\"388\" data-end=\"781\">Sakoja <strong data-start=\"395\" data-end=\"414\">double-breasted<\/strong> sjell nj\u00eb prezenc\u00eb m\u00eb t\u00eb fuqishme dhe m\u00eb elegante, me kopsa t\u00eb zeza q\u00eb krijojn\u00eb kontrast modern ndaj ngjyr\u00ebs s\u00eb hapur t\u00eb stofit. Prerja e rregullt e sakos thekson linjat e trupit pa e b\u00ebr\u00eb shum\u00eb t\u00eb ngusht\u00eb, duke ofruar rehati dhe pamje t\u00eb rafinuar n\u00eb t\u00eb nj\u00ebjt\u00ebn koh\u00eb. Jaka klasike dhe struktura e sakos e b\u00ebjn\u00eb kostumin t\u00eb duket serioz, premium dhe shum\u00eb mashkullor.<\/p>\n<p data-start=\"783\" data-end=\"1082\">Pantallonat vijn\u00eb me vij\u00eb t\u00eb past\u00ebr dhe prerje elegante, duke kompletuar siluet\u00ebn n\u00eb m\u00ebnyr\u00eb perfekte. Materiali me tekstur\u00eb t\u00eb im\u00ebt i jep kostumit nj\u00eb pamje m\u00eb t\u00eb pasur dhe m\u00eb luksoze, jo shum\u00eb glossy dhe jo shum\u00eb smooth, por me efekt t\u00eb sofistikuar q\u00eb duket bukur si n\u00eb foto ashtu edhe n\u00eb realitet.<\/p>\n<p data-start=\"1084\" data-end=\"1341\">Ky kostum mund t\u00eb kombinohet shum\u00eb bukur me k\u00ebmish\u00eb t\u00eb bardh\u00eb, k\u00ebpuc\u00eb klasike t\u00eb zeza dhe aksesor\u00eb minimal\u00eb p\u00ebr nj\u00eb pamje elegante \u201cgentleman\u201d. \u00cbsht\u00eb zgjedhje perfekte p\u00ebr meshkuj q\u00eb k\u00ebrkojn\u00eb nj\u00eb kostum q\u00eb duket modern, i shtrenjt\u00eb dhe me karakter t\u00eb fort\u00eb.<\/p>\n<p data-start=\"1343\" data-end=\"1608\" data-is-last-node=\"\" data-is-only-node=\"\"><strong data-start=\"1343\" data-end=\"1354\">Detaje:<\/strong><br data-start=\"1354\" data-end=\"1357\" \/>Ngjyra: <strong data-start=\"1365\" data-end=\"1379\">Light Grey<\/strong><br data-start=\"1379\" data-end=\"1382\" \/>Modeli: <strong data-start=\"1390\" data-end=\"1409\">Double-Breasted<\/strong><br data-start=\"1409\" data-end=\"1412\" \/>Stili: <strong data-start=\"1419\" data-end=\"1449\">Elegant \/ Premium \/ Modern<\/strong><br data-start=\"1449\" data-end=\"1452\" \/>Kopsat: <strong data-start=\"1460\" data-end=\"1483\">T\u00eb zeza me kontrast<\/strong><br data-start=\"1483\" data-end=\"1486\" \/>Pantallonat: <strong data-start=\"1499\" data-end=\"1536\">Prerje elegante me vij\u00eb t\u00eb past\u00ebr<\/strong><br data-start=\"1536\" data-end=\"1539\" \/>P\u00ebrshtatet p\u00ebr: <strong data-start=\"1555\" data-end=\"1608\" data-is-last-node=\"\">Dasma, evente, mbr\u00ebmje, biznes dhe raste speciale<\/strong><\/p>\n<\/div>\n<\/div>\n<\/div>\n<\/div>\n<div class=\"z-0 flex min-h-[46px] justify-start\"><\/div>\n<\/div>\n<\/div>\n<\/section>","protected":false},"excerpt":{"rendered":"<p>Kostum Premium Light Grey Double-Breasted, i krijuar p\u00ebr meshkuj q\u00eb duan t\u00eb dallohen me eleganc\u00eb, klas dhe stil modern. Ngjyra light grey i jep kostumit nj\u00eb pamje t\u00eb past\u00ebr, luksoze dhe shum\u00eb t\u00eb leht\u00eb p\u00ebr kombinim, duke e b\u00ebr\u00eb ideal p\u00ebr evente speciale, dasma, mbr\u00ebmje elegante, takime biznesi apo raste ku k\u00ebrkohet nj\u00eb paraqitje e [&hellip;]<\/p>","protected":false},"featured_media":19537,"comment_status":"open","ping_status":"closed","template":"","meta":[],"product_brand":[],"product_cat":[108],"product_tag":[1082,849,1078,1081,1079,1080],"class_list":{"0":"post-19536","1":"product","2":"type-product","3":"status-publish","4":"has-post-thumbnail","6":"product_cat-suit","7":"product_tag-biznes-dhe-raste-speciale","8":"product_tag-evente","9":"product_tag-kostum-premium-light-grey-double-breasted","10":"product_tag-mbremje","11":"product_tag-ngjyra-light-grey-modeli-double-breasted-stili-elegant-premium-modern","12":"product_tag-pantallonat-prerje-elegante-me-vije-te-paster-pershtatet-per-dasma","14":"first","15":"instock","16":"taxable","17":"shipping-taxable","18":"purchasable","19":"product-type-variable"},"jetpack_sharing_enabled":true,"_links":{"self":[{"href":"https:\/\/urban-clothingstore.com\/en\/wp-json\/wp\/v2\/product\/19536","targetHints":{"allow":["GET"]}}],"collection":[{"href":"https:\/\/urban-clothingstore.com\/en\/wp-json\/wp\/v2\/product"}],"about":[{"href":"https:\/\/urban-clothingstore.com\/en\/wp-json\/wp\/v2\/types\/product"}],"replies":[{"embeddable":true,"href":"https:\/\/urban-clothingstore.com\/en\/wp-json\/wp\/v2\/comments?post=19536"}],"wp:featuredmedia":[{"embeddable":true,"href":"https:\/\/urban-clothingstore.com\/en\/wp-json\/wp\/v2\/media\/19537"}],"wp:attachment":[{"href":"https:\/\/urban-clothingstore.com\/en\/wp-json\/wp\/v2\/media?parent=19536"}],"wp:term":[{"taxonomy":"product_brand","embeddable":true,"href":"https:\/\/urban-clothingstore.com\/en\/wp-json\/wp\/v2\/product_brand?post=19536"},{"taxonomy":"product_cat","embeddable":true,"href":"https:\/\/urban-clothingstore.com\/en\/wp-json\/wp\/v2\/product_cat?post=19536"},{"taxonomy":"product_tag","embeddable":true,"href":"https:\/\/urban-clothingstore.com\/en\/wp-json\/wp\/v2\/product_tag?post=19536"}],"curies":[{"name":"wp","href":"https:\/\/api.w.org\/{rel}","templated":true}]}}