{"id":19547,"date":"2026-05-07T14:14:06","date_gmt":"2026-05-07T14:14:06","guid":{"rendered":"https:\/\/urban-clothingstore.com\/?post_type=product&#038;p=19547"},"modified":"2026-05-07T14:14:06","modified_gmt":"2026-05-07T14:14:06","slug":"shorts-denim-premium-light-blue-ripped-style","status":"publish","type":"product","link":"https:\/\/urban-clothingstore.com\/en\/product\/shorts-denim-premium-light-blue-ripped-style\/","title":{"rendered":"Shorts Denim Premium Light Blue \u2013 Ripped Style"},"content":{"rendered":"<div class=\"flex max-w-full flex-col gap-4 grow\">\n<div class=\"min-h-8 text-message relative flex w-full flex-col items-end gap-2 text-start break-words whitespace-normal outline-none keyboard-focused:focus-ring [.text-message+&amp;]:mt-1\" dir=\"auto\" tabindex=\"0\" data-message-author-role=\"assistant\" data-message-id=\"f121bb46-ca74-4cc6-8065-a0c9ddc226f0\" data-message-model-slug=\"gpt-5-5-thinking\" data-turn-start-message=\"true\">\n<div class=\"flex w-full flex-col gap-1 empty:hidden\">\n<div class=\"markdown prose dark:prose-invert wrap-break-word w-full dark markdown-new-styling\">\n<p data-start=\"63\" data-end=\"343\">Shorts denim n\u00eb ngjyr\u00eb <strong data-start=\"104\" data-end=\"118\">light blue<\/strong>, t\u00eb dizajnuara p\u00ebr nj\u00eb stil modern, veror dhe shum\u00eb t\u00eb leht\u00eb p\u00ebr kombinim. Modeli vjen me prerje komode dhe pamje casual premium, duke i b\u00ebr\u00eb ideale p\u00ebr dit\u00ebt e ngrohta, dalje t\u00eb p\u00ebrditshme, pushime apo kombinime streetwear.<\/p>\n<p data-start=\"345\" data-end=\"623\">Detajet <strong data-start=\"353\" data-end=\"374\">ripped\/distressed<\/strong> n\u00eb pjes\u00ebn e p\u00ebrparme i japin shorts-it karakter m\u00eb trendi dhe urban, nd\u00ebrsa larja e but\u00eb e xhinsit krijon nj\u00eb pamje t\u00eb fresk\u00ebt dhe t\u00eb past\u00ebr. Qepjet kontrast, xhepat klasik\u00eb dhe etiketa \u201cDenim\u201d kompletojn\u00eb dizajnin me nj\u00eb stil t\u00eb kuruar dhe modern.<\/p>\n<p data-start=\"625\" data-end=\"769\">Ky model kombinohet shum\u00eb bukur me maic\u00eb oversize, polo triko, k\u00ebmish\u00eb t\u00eb leht\u00eb verore ose atlete t\u00eb bardha p\u00ebr nj\u00eb outfit t\u00eb past\u00ebr dhe trendy.<\/p>\n<p data-start=\"771\" data-end=\"1021\" data-is-last-node=\"\" data-is-only-node=\"\"><strong data-start=\"771\" data-end=\"795\">Detaje t\u00eb produktit:<\/strong><br data-start=\"795\" data-end=\"798\" \/>Ngjyra: <strong data-start=\"806\" data-end=\"826\">Light Blue Denim<\/strong><br data-start=\"826\" data-end=\"829\" \/>Modeli: <strong data-start=\"837\" data-end=\"853\" data-is-only-node=\"\">Shorts xhins<\/strong><br data-start=\"853\" data-end=\"856\" \/>Stili: <strong data-start=\"863\" data-end=\"894\">Ripped \/ Distressed \/ Urban<\/strong><br data-start=\"894\" data-end=\"897\" \/>Prerja: <strong data-start=\"905\" data-end=\"927\">Komode dhe moderne<\/strong><br data-start=\"927\" data-end=\"930\" \/>Materiali: <strong data-start=\"941\" data-end=\"950\">Denim<\/strong><br data-start=\"950\" data-end=\"953\" \/>P\u00ebrshtatet p\u00ebr: <strong data-start=\"969\" data-end=\"1021\" data-is-last-node=\"\">Ver\u00eb, p\u00ebrditshm\u00ebri, pushime dhe streetwear style<\/strong><\/p>\n<\/div>\n<\/div>\n<\/div>\n<\/div>","protected":false},"excerpt":{"rendered":"<p>Shorts denim n\u00eb ngjyr\u00eb light blue, t\u00eb dizajnuara p\u00ebr nj\u00eb stil modern, veror dhe shum\u00eb t\u00eb leht\u00eb p\u00ebr kombinim. Modeli vjen me prerje komode dhe pamje casual premium, duke i b\u00ebr\u00eb ideale p\u00ebr dit\u00ebt e ngrohta, dalje t\u00eb p\u00ebrditshme, pushime apo kombinime streetwear. Detajet ripped\/distressed n\u00eb pjes\u00ebn e p\u00ebrparme i japin shorts-it karakter m\u00eb trendi [&hellip;]<\/p>","protected":false},"featured_media":19548,"comment_status":"open","ping_status":"closed","template":"","meta":[],"product_brand":[],"product_cat":[69],"product_tag":[1085,1086,1087,1083,1084],"class_list":{"0":"post-19547","1":"product","2":"type-product","3":"status-publish","4":"has-post-thumbnail","6":"product_cat-shorts","7":"product_tag-materiali-denim-pershtatet-per-vere","8":"product_tag-perditshmeri","9":"product_tag-pushime-dhe-streetwear-style","10":"product_tag-shorts-denim-premium-light-blue","11":"product_tag-stili-ripped-distressed-urban-prerja-komode-dhe-moderne","13":"first","14":"instock","15":"taxable","16":"shipping-taxable","17":"purchasable","18":"product-type-variable"},"jetpack_sharing_enabled":true,"_links":{"self":[{"href":"https:\/\/urban-clothingstore.com\/en\/wp-json\/wp\/v2\/product\/19547","targetHints":{"allow":["GET"]}}],"collection":[{"href":"https:\/\/urban-clothingstore.com\/en\/wp-json\/wp\/v2\/product"}],"about":[{"href":"https:\/\/urban-clothingstore.com\/en\/wp-json\/wp\/v2\/types\/product"}],"replies":[{"embeddable":true,"href":"https:\/\/urban-clothingstore.com\/en\/wp-json\/wp\/v2\/comments?post=19547"}],"wp:featuredmedia":[{"embeddable":true,"href":"https:\/\/urban-clothingstore.com\/en\/wp-json\/wp\/v2\/media\/19548"}],"wp:attachment":[{"href":"https:\/\/urban-clothingstore.com\/en\/wp-json\/wp\/v2\/media?parent=19547"}],"wp:term":[{"taxonomy":"product_brand","embeddable":true,"href":"https:\/\/urban-clothingstore.com\/en\/wp-json\/wp\/v2\/product_brand?post=19547"},{"taxonomy":"product_cat","embeddable":true,"href":"https:\/\/urban-clothingstore.com\/en\/wp-json\/wp\/v2\/product_cat?post=19547"},{"taxonomy":"product_tag","embeddable":true,"href":"https:\/\/urban-clothingstore.com\/en\/wp-json\/wp\/v2\/product_tag?post=19547"}],"curies":[{"name":"wp","href":"https:\/\/api.w.org\/{rel}","templated":true}]}}