{"id":19557,"date":"2026-05-07T14:20:28","date_gmt":"2026-05-07T14:20:28","guid":{"rendered":"https:\/\/urban-clothingstore.com\/?post_type=product&#038;p=19557"},"modified":"2026-05-07T14:20:29","modified_gmt":"2026-05-07T14:20:29","slug":"shorts-denim-premium-black-ripped-style","status":"publish","type":"product","link":"https:\/\/urban-clothingstore.com\/en\/product\/shorts-denim-premium-black-ripped-style\/","title":{"rendered":"Shorts Denim Premium Black \u2013 Ripped Style"},"content":{"rendered":"<section class=\"text-token-text-primary w-full focus:outline-none [--shadow-height:45px] has-data-writing-block:pointer-events-none has-data-writing-block:-mt-(--shadow-height) has-data-writing-block:pt-(--shadow-height) [&amp;:has([data-writing-block])&gt;*]:pointer-events-auto [content-visibility:auto] supports-[content-visibility:auto]:[contain-intrinsic-size:auto_100lvh] R6Vx5W_threadScrollVars scroll-mb-[calc(var(--scroll-root-safe-area-inset-bottom,0px)+var(--thread-response-height))] scroll-mt-[calc(var(--header-height)+min(200px,max(70px,20svh)))]\" dir=\"auto\" data-turn-id=\"request-WEB:acb40efd-5cc6-45aa-887a-072e7afbf522-3\" data-testid=\"conversation-turn-8\" data-scroll-anchor=\"false\" data-turn=\"assistant\">\n<div class=\"text-base my-auto mx-auto pb-10 [--thread-content-margin:var(--thread-content-margin-xs,calc(var(--spacing)*4))] @w-sm\/main:[--thread-content-margin:var(--thread-content-margin-sm,calc(var(--spacing)*6))] @w-lg\/main:[--thread-content-margin:var(--thread-content-margin-lg,calc(var(--spacing)*16))] px-(--thread-content-margin)\">\n<div class=\"[--thread-content-max-width:40rem] @w-lg\/main:[--thread-content-max-width:48rem] mx-auto max-w-(--thread-content-max-width) flex-1 group\/turn-messages focus-visible:outline-hidden relative flex w-full min-w-0 flex-col agent-turn\">\n<div class=\"flex max-w-full flex-col gap-4 grow\">\n<div class=\"min-h-8 text-message relative flex w-full flex-col items-end gap-2 text-start break-words whitespace-normal outline-none keyboard-focused:focus-ring [.text-message+&amp;]:mt-1\" dir=\"auto\" tabindex=\"0\" data-message-author-role=\"assistant\" data-message-id=\"152dbd7c-e493-4f76-8365-857536367855\" data-message-model-slug=\"gpt-5-5-thinking\" data-turn-start-message=\"true\">\n<div class=\"flex w-full flex-col gap-1 empty:hidden\">\n<div class=\"markdown prose dark:prose-invert wrap-break-word w-full dark markdown-new-styling\">\n<p data-start=\"58\" data-end=\"322\">Shorts denim n\u00eb ngjyr\u00eb <strong data-start=\"99\" data-end=\"110\">t\u00eb zez\u00eb<\/strong>, t\u00eb dizajnuara p\u00ebr nj\u00eb stil modern, urban dhe shum\u00eb t\u00eb leht\u00eb p\u00ebr kombinim. Modeli vjen me prerje komode dhe pamje premium casual, ideal p\u00ebr dit\u00ebt e ngrohta, dalje t\u00eb p\u00ebrditshme, pushime apo kombinime streetwear.<\/p>\n<p data-start=\"324\" data-end=\"598\">Ngjyra e zez\u00eb i jep shorts-it pamje m\u00eb t\u00eb fort\u00eb dhe m\u00eb elegante, nd\u00ebrsa detajet <strong data-start=\"404\" data-end=\"425\">ripped\/distressed<\/strong> n\u00eb pjes\u00ebn e p\u00ebrparme krijojn\u00eb karakter trendi pa e tepruar. Qepjet e err\u00ebta, xhepat klasik\u00eb dhe etiketa \u201cDenim\u201d e kompletojn\u00eb dizajnin me nj\u00eb pamje t\u00eb past\u00ebr dhe t\u00eb kuruar.<\/p>\n<p data-start=\"600\" data-end=\"740\">Ky model kombinohet perfekt me maic\u00eb oversize, polo triko, k\u00ebmish\u00eb verore ose atlete t\u00eb bardha\/zeza p\u00ebr nj\u00eb outfit modern dhe shum\u00eb praktik.<\/p>\n<p data-start=\"742\" data-end=\"987\" data-is-last-node=\"\" data-is-only-node=\"\"><strong data-start=\"742\" data-end=\"766\">Detaje t\u00eb produktit:<\/strong><br data-start=\"766\" data-end=\"769\" \/>Ngjyra: <strong data-start=\"777\" data-end=\"792\">Black Denim<\/strong><br data-start=\"792\" data-end=\"795\" \/>Modeli: <strong data-start=\"803\" data-end=\"819\" data-is-only-node=\"\">Shorts xhins<\/strong><br data-start=\"819\" data-end=\"822\" \/>Stili: <strong data-start=\"829\" data-end=\"860\">Ripped \/ Distressed \/ Urban<\/strong><br data-start=\"860\" data-end=\"863\" \/>Prerja: <strong data-start=\"871\" data-end=\"893\">Komode dhe moderne<\/strong><br data-start=\"893\" data-end=\"896\" \/>Materiali: <strong data-start=\"907\" data-end=\"916\">Denim<\/strong><br data-start=\"916\" data-end=\"919\" \/>P\u00ebrshtatet p\u00ebr: <strong data-start=\"935\" data-end=\"987\" data-is-last-node=\"\">Ver\u00eb, p\u00ebrditshm\u00ebri, pushime dhe streetwear style<\/strong><\/p>\n<\/div>\n<\/div>\n<\/div>\n<\/div>\n<\/div>\n<\/div>\n<\/section>","protected":false},"excerpt":{"rendered":"<p>Shorts denim n\u00eb ngjyr\u00eb t\u00eb zez\u00eb, t\u00eb dizajnuara p\u00ebr nj\u00eb stil modern, urban dhe shum\u00eb t\u00eb leht\u00eb p\u00ebr kombinim. Modeli vjen me prerje komode dhe pamje premium casual, ideal p\u00ebr dit\u00ebt e ngrohta, dalje t\u00eb p\u00ebrditshme, pushime apo kombinime streetwear. Ngjyra e zez\u00eb i jep shorts-it pamje m\u00eb t\u00eb fort\u00eb dhe m\u00eb elegante, nd\u00ebrsa detajet [&hellip;]<\/p>","protected":false},"featured_media":19565,"comment_status":"open","ping_status":"closed","template":"","meta":[],"product_brand":[],"product_cat":[69],"product_tag":[1089,1088],"class_list":{"0":"post-19557","1":"product","2":"type-product","3":"status-publish","4":"has-post-thumbnail","6":"product_cat-shorts","7":"product_tag-ngjyra-black-denim-modeli-shorts-xhins-stili-ripped-distressed-urban-prerja-komode-dhe-moderne-materiali-denim","8":"product_tag-shorts-denim-premium-black","10":"first","11":"instock","12":"taxable","13":"shipping-taxable","14":"purchasable","15":"product-type-variable"},"jetpack_sharing_enabled":true,"_links":{"self":[{"href":"https:\/\/urban-clothingstore.com\/en\/wp-json\/wp\/v2\/product\/19557","targetHints":{"allow":["GET"]}}],"collection":[{"href":"https:\/\/urban-clothingstore.com\/en\/wp-json\/wp\/v2\/product"}],"about":[{"href":"https:\/\/urban-clothingstore.com\/en\/wp-json\/wp\/v2\/types\/product"}],"replies":[{"embeddable":true,"href":"https:\/\/urban-clothingstore.com\/en\/wp-json\/wp\/v2\/comments?post=19557"}],"wp:featuredmedia":[{"embeddable":true,"href":"https:\/\/urban-clothingstore.com\/en\/wp-json\/wp\/v2\/media\/19565"}],"wp:attachment":[{"href":"https:\/\/urban-clothingstore.com\/en\/wp-json\/wp\/v2\/media?parent=19557"}],"wp:term":[{"taxonomy":"product_brand","embeddable":true,"href":"https:\/\/urban-clothingstore.com\/en\/wp-json\/wp\/v2\/product_brand?post=19557"},{"taxonomy":"product_cat","embeddable":true,"href":"https:\/\/urban-clothingstore.com\/en\/wp-json\/wp\/v2\/product_cat?post=19557"},{"taxonomy":"product_tag","embeddable":true,"href":"https:\/\/urban-clothingstore.com\/en\/wp-json\/wp\/v2\/product_tag?post=19557"}],"curies":[{"name":"wp","href":"https:\/\/api.w.org\/{rel}","templated":true}]}}