{"id":19566,"date":"2026-05-07T14:24:07","date_gmt":"2026-05-07T14:24:07","guid":{"rendered":"https:\/\/urban-clothingstore.com\/?post_type=product&#038;p=19566"},"modified":"2026-05-07T14:24:07","modified_gmt":"2026-05-07T14:24:07","slug":"shorts-denim-premium-dark-blue","status":"publish","type":"product","link":"https:\/\/urban-clothingstore.com\/en\/product\/shorts-denim-premium-dark-blue\/","title":{"rendered":"Shorts Denim Premium Dark Blue"},"content":{"rendered":"<section class=\"text-token-text-primary w-full focus:outline-none [--shadow-height:45px] has-data-writing-block:pointer-events-none has-data-writing-block:-mt-(--shadow-height) has-data-writing-block:pt-(--shadow-height) [&amp;:has([data-writing-block])&gt;*]:pointer-events-auto [content-visibility:auto] supports-[content-visibility:auto]:[contain-intrinsic-size:auto_100lvh] R6Vx5W_threadScrollVars scroll-mb-[calc(var(--scroll-root-safe-area-inset-bottom,0px)+var(--thread-response-height))] scroll-mt-[calc(var(--header-height)+min(200px,max(70px,20svh)))]\" dir=\"auto\" data-turn-id=\"request-WEB:acb40efd-5cc6-45aa-887a-072e7afbf522-4\" data-testid=\"conversation-turn-10\" data-scroll-anchor=\"false\" data-turn=\"assistant\">\n<div class=\"text-base my-auto mx-auto pb-10 [--thread-content-margin:var(--thread-content-margin-xs,calc(var(--spacing)*4))] @w-sm\/main:[--thread-content-margin:var(--thread-content-margin-sm,calc(var(--spacing)*6))] @w-lg\/main:[--thread-content-margin:var(--thread-content-margin-lg,calc(var(--spacing)*16))] px-(--thread-content-margin)\">\n<div class=\"[--thread-content-max-width:40rem] @w-lg\/main:[--thread-content-max-width:48rem] mx-auto max-w-(--thread-content-max-width) flex-1 group\/turn-messages focus-visible:outline-hidden relative flex w-full min-w-0 flex-col agent-turn\">\n<div class=\"flex max-w-full flex-col gap-4 grow\">\n<div class=\"min-h-8 text-message relative flex w-full flex-col items-end gap-2 text-start break-words whitespace-normal outline-none keyboard-focused:focus-ring [.text-message+&amp;]:mt-1\" dir=\"auto\" tabindex=\"0\" data-message-author-role=\"assistant\" data-message-id=\"cb2683e8-bafe-452b-9c69-c4b1bc6690a6\" data-message-model-slug=\"gpt-5-5-thinking\" data-turn-start-message=\"true\">\n<div class=\"flex w-full flex-col gap-1 empty:hidden\">\n<div class=\"markdown prose dark:prose-invert wrap-break-word w-full dark markdown-new-styling\">\n<p data-start=\"47\" data-end=\"301\">Shorts denim n\u00eb ngjyr\u00eb <strong data-start=\"88\" data-end=\"101\">dark blue<\/strong>, me pamje t\u00eb past\u00ebr, moderne dhe shum\u00eb t\u00eb leht\u00eb p\u00ebr kombinim. Ky model \u00ebsht\u00eb ideal p\u00ebr meshkuj q\u00eb k\u00ebrkojn\u00eb nj\u00eb stil casual premium, pa shum\u00eb detaje t\u00eb tepruara, por me prezenc\u00eb t\u00eb fort\u00eb dhe elegante.<\/p>\n<p data-start=\"303\" data-end=\"591\">Ngjyra blu e err\u00ebt i jep shorts-it nj\u00eb pamje m\u00eb t\u00eb kuruar dhe m\u00eb serioze, duke e b\u00ebr\u00eb t\u00eb p\u00ebrshtatsh\u00ebm si p\u00ebr dalje t\u00eb p\u00ebrditshme, ashtu edhe p\u00ebr kombinime m\u00eb trendy gjat\u00eb sezonit t\u00eb ver\u00ebs. Materiali denim ka tekstur\u00eb t\u00eb bukur dhe larje t\u00eb balancuar, duke krijuar efekt modern dhe cil\u00ebsor.<\/p>\n<p data-start=\"593\" data-end=\"882\">Prerja komode ofron rehati gjat\u00eb gjith\u00eb dit\u00ebs, nd\u00ebrsa xhepat klasik\u00eb, qepjet kontrast dhe etiketa \u201cDenim\u201d e kompletojn\u00eb dizajnin me nj\u00eb stil t\u00eb past\u00ebr dhe urban. Mund t\u00eb kombinohet shum\u00eb bukur me maic\u00eb t\u00eb bardh\u00eb, polo triko, k\u00ebmish\u00eb verore ose atlete p\u00ebr nj\u00eb outfit t\u00eb fresk\u00ebt dhe premium.<\/p>\n<p data-start=\"884\" data-end=\"1134\" data-is-last-node=\"\" data-is-only-node=\"\"><strong data-start=\"884\" data-end=\"908\">Detaje t\u00eb produktit:<\/strong><br data-start=\"908\" data-end=\"911\" \/>Ngjyra: <strong data-start=\"919\" data-end=\"938\">Dark Blue Denim<\/strong><br data-start=\"938\" data-end=\"941\" \/>Modeli: <strong data-start=\"949\" data-end=\"965\" data-is-only-node=\"\">Shorts xhins<\/strong><br data-start=\"965\" data-end=\"968\" \/>Stili: <strong data-start=\"975\" data-end=\"1003\">Casual \/ Urban \/ Premium<\/strong><br data-start=\"1003\" data-end=\"1006\" \/>Prerja: <strong data-start=\"1014\" data-end=\"1036\">Komode dhe moderne<\/strong><br data-start=\"1036\" data-end=\"1039\" \/>Materiali: <strong data-start=\"1050\" data-end=\"1059\">Denim<\/strong><br data-start=\"1059\" data-end=\"1062\" \/>P\u00ebrshtatet p\u00ebr: <strong data-start=\"1078\" data-end=\"1134\" data-is-last-node=\"\">Ver\u00eb, p\u00ebrditshm\u00ebri, pushime dhe kombinime streetwear<\/strong><\/p>\n<\/div>\n<\/div>\n<\/div>\n<\/div>\n<\/div>\n<\/div>\n<\/section>","protected":false},"excerpt":{"rendered":"<p>Shorts denim n\u00eb ngjyr\u00eb dark blue, me pamje t\u00eb past\u00ebr, moderne dhe shum\u00eb t\u00eb leht\u00eb p\u00ebr kombinim. Ky model \u00ebsht\u00eb ideal p\u00ebr meshkuj q\u00eb k\u00ebrkojn\u00eb nj\u00eb stil casual premium, pa shum\u00eb detaje t\u00eb tepruara, por me prezenc\u00eb t\u00eb fort\u00eb dhe elegante. Ngjyra blu e err\u00ebt i jep shorts-it nj\u00eb pamje m\u00eb t\u00eb kuruar dhe m\u00eb [&hellip;]<\/p>","protected":false},"featured_media":19567,"comment_status":"open","ping_status":"closed","template":"","meta":[],"product_brand":[],"product_cat":[69],"product_tag":[1091,1086,1092,1090],"class_list":{"0":"post-19566","1":"product","2":"type-product","3":"status-publish","4":"has-post-thumbnail","6":"product_cat-shorts","7":"product_tag-ngjyra-dark-blue-denim-modeli-shorts-xhins-stili-casual-urban-premium-prerja-komode-dhe-moderne-materiali-denim-pershtatet-per-vere","8":"product_tag-perditshmeri","9":"product_tag-pushime-dhe-kombinime-streetwear","10":"product_tag-shorts-denim-premium","12":"first","13":"instock","14":"taxable","15":"shipping-taxable","16":"purchasable","17":"product-type-variable"},"jetpack_sharing_enabled":true,"_links":{"self":[{"href":"https:\/\/urban-clothingstore.com\/en\/wp-json\/wp\/v2\/product\/19566","targetHints":{"allow":["GET"]}}],"collection":[{"href":"https:\/\/urban-clothingstore.com\/en\/wp-json\/wp\/v2\/product"}],"about":[{"href":"https:\/\/urban-clothingstore.com\/en\/wp-json\/wp\/v2\/types\/product"}],"replies":[{"embeddable":true,"href":"https:\/\/urban-clothingstore.com\/en\/wp-json\/wp\/v2\/comments?post=19566"}],"wp:featuredmedia":[{"embeddable":true,"href":"https:\/\/urban-clothingstore.com\/en\/wp-json\/wp\/v2\/media\/19567"}],"wp:attachment":[{"href":"https:\/\/urban-clothingstore.com\/en\/wp-json\/wp\/v2\/media?parent=19566"}],"wp:term":[{"taxonomy":"product_brand","embeddable":true,"href":"https:\/\/urban-clothingstore.com\/en\/wp-json\/wp\/v2\/product_brand?post=19566"},{"taxonomy":"product_cat","embeddable":true,"href":"https:\/\/urban-clothingstore.com\/en\/wp-json\/wp\/v2\/product_cat?post=19566"},{"taxonomy":"product_tag","embeddable":true,"href":"https:\/\/urban-clothingstore.com\/en\/wp-json\/wp\/v2\/product_tag?post=19566"}],"curies":[{"name":"wp","href":"https:\/\/api.w.org\/{rel}","templated":true}]}}