{"id":19575,"date":"2026-05-07T14:29:36","date_gmt":"2026-05-07T14:29:36","guid":{"rendered":"https:\/\/urban-clothingstore.com\/?post_type=product&#038;p=19575"},"modified":"2026-05-07T14:29:36","modified_gmt":"2026-05-07T14:29:36","slug":"shorts-denim-premium-black-distressed-style","status":"publish","type":"product","link":"https:\/\/urban-clothingstore.com\/en\/product\/shorts-denim-premium-black-distressed-style\/","title":{"rendered":"Shorts Denim Premium Black \u2013 Distressed Style"},"content":{"rendered":"<section class=\"text-token-text-primary w-full focus:outline-none [--shadow-height:45px] has-data-writing-block:pointer-events-none has-data-writing-block:-mt-(--shadow-height) has-data-writing-block:pt-(--shadow-height) [&amp;:has([data-writing-block])&gt;*]:pointer-events-auto [content-visibility:auto] supports-[content-visibility:auto]:[contain-intrinsic-size:auto_100lvh] R6Vx5W_threadScrollVars scroll-mb-[calc(var(--scroll-root-safe-area-inset-bottom,0px)+var(--thread-response-height))] scroll-mt-[calc(var(--header-height)+min(200px,max(70px,20svh)))]\" dir=\"auto\" data-turn-id=\"request-WEB:acb40efd-5cc6-45aa-887a-072e7afbf522-5\" data-testid=\"conversation-turn-12\" data-scroll-anchor=\"false\" data-turn=\"assistant\">\n<div class=\"text-base my-auto mx-auto pb-10 [--thread-content-margin:var(--thread-content-margin-xs,calc(var(--spacing)*4))] @w-sm\/main:[--thread-content-margin:var(--thread-content-margin-sm,calc(var(--spacing)*6))] @w-lg\/main:[--thread-content-margin:var(--thread-content-margin-lg,calc(var(--spacing)*16))] px-(--thread-content-margin)\">\n<div class=\"[--thread-content-max-width:40rem] @w-lg\/main:[--thread-content-max-width:48rem] mx-auto max-w-(--thread-content-max-width) flex-1 group\/turn-messages focus-visible:outline-hidden relative flex w-full min-w-0 flex-col agent-turn\">\n<div class=\"flex max-w-full flex-col gap-4 grow\">\n<div class=\"min-h-8 text-message relative flex w-full flex-col items-end gap-2 text-start break-words whitespace-normal outline-none keyboard-focused:focus-ring [.text-message+&amp;]:mt-1\" dir=\"auto\" tabindex=\"0\" data-message-author-role=\"assistant\" data-message-id=\"f44a3df1-b2ef-462e-bc6c-06be8400b260\" data-message-model-slug=\"gpt-5-5-thinking\" data-turn-start-message=\"true\">\n<div class=\"flex w-full flex-col gap-1 empty:hidden\">\n<div class=\"markdown prose dark:prose-invert wrap-break-word w-full dark markdown-new-styling\">\n<p data-start=\"62\" data-end=\"349\">Shorts denim n\u00eb ngjyr\u00eb <strong data-start=\"103\" data-end=\"118\">black denim<\/strong>, t\u00eb dizajnuara p\u00ebr nj\u00eb pamje moderne, t\u00eb fort\u00eb dhe shum\u00eb trendi. Ky model kombinon stilin urban me nj\u00eb pamje premium, duke qen\u00eb zgjedhje perfekte p\u00ebr meshkuj q\u00eb k\u00ebrkojn\u00eb rehati, stil dhe leht\u00ebsi n\u00eb kombinim gjat\u00eb sezonit t\u00eb ver\u00ebs.<\/p>\n<p data-start=\"351\" data-end=\"628\">Ngjyra e zez\u00eb i jep shorts-it nj\u00eb karakter m\u00eb elegant dhe m\u00eb t\u00eb fuqish\u00ebm, nd\u00ebrsa detajet e lehta <strong data-start=\"448\" data-end=\"469\">distressed\/ripped<\/strong> krijojn\u00eb nj\u00eb pamje streetwear pa e tepruar. Materiali denim ka tekstur\u00eb t\u00eb bukur dhe larje t\u00eb err\u00ebt, q\u00eb e b\u00ebn produktin t\u00eb duket i past\u00ebr, modern dhe cil\u00ebsor.<\/p>\n<p data-start=\"630\" data-end=\"933\">Prerja komode ofron l\u00ebvizje t\u00eb lirshme dhe rehati gjat\u00eb gjith\u00eb dit\u00ebs, nd\u00ebrsa xhepat klasik\u00eb, qepjet e err\u00ebta dhe etiketa \u201cDenim\u201d e kompletojn\u00eb dizajnin me nj\u00eb pamje t\u00eb kuruar. Mund t\u00eb kombinohet shum\u00eb bukur me maic\u00eb oversize, polo triko, k\u00ebmish\u00eb t\u00eb hapur verore ose atlete p\u00ebr nj\u00eb outfit casual premium.<\/p>\n<p data-start=\"935\" data-end=\"1185\" data-is-last-node=\"\" data-is-only-node=\"\"><strong data-start=\"935\" data-end=\"959\">Detaje t\u00eb produktit:<\/strong><br data-start=\"959\" data-end=\"962\" \/>Ngjyra: <strong data-start=\"970\" data-end=\"985\">Black Denim<\/strong><br data-start=\"985\" data-end=\"988\" \/>Modeli: <strong data-start=\"996\" data-end=\"1012\" data-is-only-node=\"\">Shorts xhins<\/strong><br data-start=\"1012\" data-end=\"1015\" \/>Stili: <strong data-start=\"1022\" data-end=\"1054\">Distressed \/ Urban \/ Premium<\/strong><br data-start=\"1054\" data-end=\"1057\" \/>Prerja: <strong data-start=\"1065\" data-end=\"1087\">Komode dhe moderne<\/strong><br data-start=\"1087\" data-end=\"1090\" \/>Materiali: <strong data-start=\"1101\" data-end=\"1110\">Denim<\/strong><br data-start=\"1110\" data-end=\"1113\" \/>P\u00ebrshtatet p\u00ebr: <strong data-start=\"1129\" data-end=\"1185\" data-is-last-node=\"\">Ver\u00eb, p\u00ebrditshm\u00ebri, pushime dhe kombinime streetwear<\/strong><\/p>\n<\/div>\n<\/div>\n<\/div>\n<\/div>\n<\/div>\n<\/div>\n<\/section>","protected":false},"excerpt":{"rendered":"<p>Shorts denim n\u00eb ngjyr\u00eb black denim, t\u00eb dizajnuara p\u00ebr nj\u00eb pamje moderne, t\u00eb fort\u00eb dhe shum\u00eb trendi. Ky model kombinon stilin urban me nj\u00eb pamje premium, duke qen\u00eb zgjedhje perfekte p\u00ebr meshkuj q\u00eb k\u00ebrkojn\u00eb rehati, stil dhe leht\u00ebsi n\u00eb kombinim gjat\u00eb sezonit t\u00eb ver\u00ebs. Ngjyra e zez\u00eb i jep shorts-it nj\u00eb karakter m\u00eb elegant dhe [&hellip;]<\/p>","protected":false},"featured_media":19576,"comment_status":"open","ping_status":"closed","template":"","meta":[],"product_brand":[],"product_cat":[69],"product_tag":[1093,1086,1092,1088],"class_list":{"0":"post-19575","1":"product","2":"type-product","3":"status-publish","4":"has-post-thumbnail","6":"product_cat-shorts","7":"product_tag-ngjyra-black-denim-modeli-shorts-xhins-stili-distressed-urban-premium-prerja-komode-dhe-moderne-materiali-denim-pershtatet-per-vere","8":"product_tag-perditshmeri","9":"product_tag-pushime-dhe-kombinime-streetwear","10":"product_tag-shorts-denim-premium-black","12":"first","13":"instock","14":"taxable","15":"shipping-taxable","16":"purchasable","17":"product-type-variable"},"jetpack_sharing_enabled":true,"_links":{"self":[{"href":"https:\/\/urban-clothingstore.com\/en\/wp-json\/wp\/v2\/product\/19575","targetHints":{"allow":["GET"]}}],"collection":[{"href":"https:\/\/urban-clothingstore.com\/en\/wp-json\/wp\/v2\/product"}],"about":[{"href":"https:\/\/urban-clothingstore.com\/en\/wp-json\/wp\/v2\/types\/product"}],"replies":[{"embeddable":true,"href":"https:\/\/urban-clothingstore.com\/en\/wp-json\/wp\/v2\/comments?post=19575"}],"wp:featuredmedia":[{"embeddable":true,"href":"https:\/\/urban-clothingstore.com\/en\/wp-json\/wp\/v2\/media\/19576"}],"wp:attachment":[{"href":"https:\/\/urban-clothingstore.com\/en\/wp-json\/wp\/v2\/media?parent=19575"}],"wp:term":[{"taxonomy":"product_brand","embeddable":true,"href":"https:\/\/urban-clothingstore.com\/en\/wp-json\/wp\/v2\/product_brand?post=19575"},{"taxonomy":"product_cat","embeddable":true,"href":"https:\/\/urban-clothingstore.com\/en\/wp-json\/wp\/v2\/product_cat?post=19575"},{"taxonomy":"product_tag","embeddable":true,"href":"https:\/\/urban-clothingstore.com\/en\/wp-json\/wp\/v2\/product_tag?post=19575"}],"curies":[{"name":"wp","href":"https:\/\/api.w.org\/{rel}","templated":true}]}}