{"id":19587,"date":"2026-05-07T14:34:29","date_gmt":"2026-05-07T14:34:29","guid":{"rendered":"https:\/\/urban-clothingstore.com\/?post_type=product&#038;p=19587"},"modified":"2026-05-07T14:34:29","modified_gmt":"2026-05-07T14:34:29","slug":"shorts-denim-premium-dark-blue-raw-hem-style","status":"publish","type":"product","link":"https:\/\/urban-clothingstore.com\/en\/product\/shorts-denim-premium-dark-blue-raw-hem-style\/","title":{"rendered":"Shorts Denim Premium Dark Blue \u2013 Raw Hem Style"},"content":{"rendered":"<section class=\"text-token-text-primary w-full focus:outline-none [--shadow-height:45px] has-data-writing-block:pointer-events-none has-data-writing-block:-mt-(--shadow-height) has-data-writing-block:pt-(--shadow-height) [&amp;:has([data-writing-block])&gt;*]:pointer-events-auto [content-visibility:auto] supports-[content-visibility:auto]:[contain-intrinsic-size:auto_100lvh] R6Vx5W_threadScrollVars scroll-mb-[calc(var(--scroll-root-safe-area-inset-bottom,0px)+var(--thread-response-height))] scroll-mt-[calc(var(--header-height)+min(200px,max(70px,20svh)))]\" dir=\"auto\" data-turn-id=\"request-WEB:acb40efd-5cc6-45aa-887a-072e7afbf522-6\" data-testid=\"conversation-turn-14\" data-scroll-anchor=\"false\" data-turn=\"assistant\">\n<div class=\"text-base my-auto mx-auto pb-10 [--thread-content-margin:var(--thread-content-margin-xs,calc(var(--spacing)*4))] @w-sm\/main:[--thread-content-margin:var(--thread-content-margin-sm,calc(var(--spacing)*6))] @w-lg\/main:[--thread-content-margin:var(--thread-content-margin-lg,calc(var(--spacing)*16))] px-(--thread-content-margin)\">\n<div class=\"[--thread-content-max-width:40rem] @w-lg\/main:[--thread-content-max-width:48rem] mx-auto max-w-(--thread-content-max-width) flex-1 group\/turn-messages focus-visible:outline-hidden relative flex w-full min-w-0 flex-col agent-turn\">\n<div class=\"flex max-w-full flex-col gap-4 grow\">\n<div class=\"min-h-8 text-message relative flex w-full flex-col items-end gap-2 text-start break-words whitespace-normal outline-none keyboard-focused:focus-ring [.text-message+&amp;]:mt-1\" dir=\"auto\" tabindex=\"0\" data-message-author-role=\"assistant\" data-message-id=\"17470fcc-5582-4165-9572-0d1714cda832\" data-message-model-slug=\"gpt-5-5-thinking\" data-turn-start-message=\"true\">\n<div class=\"flex w-full flex-col gap-1 empty:hidden\">\n<div class=\"markdown prose dark:prose-invert wrap-break-word w-full dark markdown-new-styling\">\n<p data-start=\"63\" data-end=\"324\">Shorts denim n\u00eb ngjyr\u00eb <strong data-start=\"104\" data-end=\"117\">dark blue<\/strong>, t\u00eb dizajnuara p\u00ebr nj\u00eb stil veror, modern dhe premium. Ky model vjen me pamje t\u00eb past\u00ebr dhe t\u00eb fuqishme, ideal p\u00ebr meshkuj q\u00eb k\u00ebrkojn\u00eb nj\u00eb shorts t\u00eb leht\u00eb p\u00ebr kombinim, por me prezenc\u00eb t\u00eb ve\u00e7ant\u00eb n\u00eb outfit.<\/p>\n<p data-start=\"326\" data-end=\"594\">Ngjyra blu e err\u00ebt i jep produktit nj\u00eb pamje m\u00eb elegante dhe m\u00eb t\u00eb kuruar, nd\u00ebrsa larja e xhinsit krijon efekt modern dhe cil\u00ebsor. Detaji <strong data-start=\"464\" data-end=\"475\">raw hem<\/strong> n\u00eb fund t\u00eb shorts-it, me prerje pak t\u00eb \u00e7liruar, i jep modelit karakter m\u00eb urban dhe trendy pa e humbur stilin premium.<\/p>\n<p data-start=\"596\" data-end=\"860\">Prerja komode e b\u00ebn shum\u00eb praktik p\u00ebr p\u00ebrdorim t\u00eb p\u00ebrditsh\u00ebm gjat\u00eb ver\u00ebs, pushime, dalje n\u00eb qytet apo kombinime streetwear. Mund t\u00eb vishet leht\u00ebsisht me maic\u00eb oversize, polo triko, k\u00ebmish\u00eb t\u00eb leht\u00eb verore ose atlete t\u00eb bardha p\u00ebr nj\u00eb look t\u00eb fresk\u00ebt dhe t\u00eb kuruar.<\/p>\n<p data-start=\"862\" data-end=\"1109\" data-is-last-node=\"\" data-is-only-node=\"\"><strong data-start=\"862\" data-end=\"886\">Detaje t\u00eb produktit:<\/strong><br data-start=\"886\" data-end=\"889\" \/>Ngjyra: <strong data-start=\"897\" data-end=\"916\">Dark Blue Denim<\/strong><br data-start=\"916\" data-end=\"919\" \/>Modeli: <strong data-start=\"927\" data-end=\"943\" data-is-only-node=\"\">Shorts xhins<\/strong><br data-start=\"943\" data-end=\"946\" \/>Stili: <strong data-start=\"953\" data-end=\"982\">Raw Hem \/ Urban \/ Premium<\/strong><br data-start=\"982\" data-end=\"985\" \/>Prerja: <strong data-start=\"993\" data-end=\"1015\">Komode dhe moderne<\/strong><br data-start=\"1015\" data-end=\"1018\" \/>Materiali: <strong data-start=\"1029\" data-end=\"1038\">Denim<\/strong><br data-start=\"1038\" data-end=\"1041\" \/>P\u00ebrshtatet p\u00ebr: <strong data-start=\"1057\" data-end=\"1109\" data-is-last-node=\"\">Ver\u00eb, p\u00ebrditshm\u00ebri, pushime dhe streetwear style<\/strong><\/p>\n<\/div>\n<\/div>\n<\/div>\n<\/div>\n<\/div>\n<\/div>\n<\/section>","protected":false},"excerpt":{"rendered":"<p>Shorts denim n\u00eb ngjyr\u00eb dark blue, t\u00eb dizajnuara p\u00ebr nj\u00eb stil veror, modern dhe premium. Ky model vjen me pamje t\u00eb past\u00ebr dhe t\u00eb fuqishme, ideal p\u00ebr meshkuj q\u00eb k\u00ebrkojn\u00eb nj\u00eb shorts t\u00eb leht\u00eb p\u00ebr kombinim, por me prezenc\u00eb t\u00eb ve\u00e7ant\u00eb n\u00eb outfit. Ngjyra blu e err\u00ebt i jep produktit nj\u00eb pamje m\u00eb elegante dhe [&hellip;]<\/p>","protected":false},"featured_media":19588,"comment_status":"open","ping_status":"closed","template":"","meta":[],"product_brand":[],"product_cat":[69],"product_tag":[1095,1086,1087,1094],"class_list":{"0":"post-19587","1":"product","2":"type-product","3":"status-publish","4":"has-post-thumbnail","6":"product_cat-shorts","7":"product_tag-ngjyra-dark-blue-denim-modeli-shorts-xhins-stili-raw-hem-urban-premium-prerja-komode-dhe-moderne-materiali-denim-pershtatet-per-vere","8":"product_tag-perditshmeri","9":"product_tag-pushime-dhe-streetwear-style","10":"product_tag-shorts-denim-premium-dark-blue","12":"first","13":"instock","14":"taxable","15":"shipping-taxable","16":"purchasable","17":"product-type-variable"},"jetpack_sharing_enabled":true,"_links":{"self":[{"href":"https:\/\/urban-clothingstore.com\/en\/wp-json\/wp\/v2\/product\/19587","targetHints":{"allow":["GET"]}}],"collection":[{"href":"https:\/\/urban-clothingstore.com\/en\/wp-json\/wp\/v2\/product"}],"about":[{"href":"https:\/\/urban-clothingstore.com\/en\/wp-json\/wp\/v2\/types\/product"}],"replies":[{"embeddable":true,"href":"https:\/\/urban-clothingstore.com\/en\/wp-json\/wp\/v2\/comments?post=19587"}],"wp:featuredmedia":[{"embeddable":true,"href":"https:\/\/urban-clothingstore.com\/en\/wp-json\/wp\/v2\/media\/19588"}],"wp:attachment":[{"href":"https:\/\/urban-clothingstore.com\/en\/wp-json\/wp\/v2\/media?parent=19587"}],"wp:term":[{"taxonomy":"product_brand","embeddable":true,"href":"https:\/\/urban-clothingstore.com\/en\/wp-json\/wp\/v2\/product_brand?post=19587"},{"taxonomy":"product_cat","embeddable":true,"href":"https:\/\/urban-clothingstore.com\/en\/wp-json\/wp\/v2\/product_cat?post=19587"},{"taxonomy":"product_tag","embeddable":true,"href":"https:\/\/urban-clothingstore.com\/en\/wp-json\/wp\/v2\/product_tag?post=19587"}],"curies":[{"name":"wp","href":"https:\/\/api.w.org\/{rel}","templated":true}]}}