{"id":19605,"date":"2026-05-07T14:43:31","date_gmt":"2026-05-07T14:43:31","guid":{"rendered":"https:\/\/urban-clothingstore.com\/?post_type=product&#038;p=19605"},"modified":"2026-05-07T14:43:31","modified_gmt":"2026-05-07T14:43:31","slug":"shorts-denim-premium-2y-ripped-blue-wash","status":"publish","type":"product","link":"https:\/\/urban-clothingstore.com\/en\/product\/shorts-denim-premium-2y-ripped-blue-wash\/","title":{"rendered":"Shorts Denim Premium 2Y \u2013 Ripped Blue Wash"},"content":{"rendered":"<section class=\"text-token-text-primary w-full focus:outline-none [--shadow-height:45px] has-data-writing-block:pointer-events-none has-data-writing-block:-mt-(--shadow-height) has-data-writing-block:pt-(--shadow-height) [&amp;:has([data-writing-block])&gt;*]:pointer-events-auto [content-visibility:auto] supports-[content-visibility:auto]:[contain-intrinsic-size:auto_100lvh] R6Vx5W_threadScrollVars scroll-mb-[calc(var(--scroll-root-safe-area-inset-bottom,0px)+var(--thread-response-height))] scroll-mt-[calc(var(--header-height)+min(200px,max(70px,20svh)))]\" dir=\"auto\" data-turn-id=\"request-WEB:acb40efd-5cc6-45aa-887a-072e7afbf522-8\" data-testid=\"conversation-turn-18\" data-scroll-anchor=\"false\" data-turn=\"assistant\">\n<div class=\"text-base my-auto mx-auto pb-10 [--thread-content-margin:var(--thread-content-margin-xs,calc(var(--spacing)*4))] @w-sm\/main:[--thread-content-margin:var(--thread-content-margin-sm,calc(var(--spacing)*6))] @w-lg\/main:[--thread-content-margin:var(--thread-content-margin-lg,calc(var(--spacing)*16))] px-(--thread-content-margin)\">\n<div class=\"[--thread-content-max-width:40rem] @w-lg\/main:[--thread-content-max-width:48rem] mx-auto max-w-(--thread-content-max-width) flex-1 group\/turn-messages focus-visible:outline-hidden relative flex w-full min-w-0 flex-col agent-turn\">\n<div class=\"flex max-w-full flex-col gap-4 grow\">\n<div class=\"min-h-8 text-message relative flex w-full flex-col items-end gap-2 text-start break-words whitespace-normal outline-none keyboard-focused:focus-ring [.text-message+&amp;]:mt-1\" dir=\"auto\" tabindex=\"0\" data-message-author-role=\"assistant\" data-message-id=\"996e122b-1be1-4320-8d83-a0499cfcc4ec\" data-message-model-slug=\"gpt-5-5-thinking\" data-turn-start-message=\"true\">\n<div class=\"flex w-full flex-col gap-1 empty:hidden\">\n<div class=\"markdown prose dark:prose-invert wrap-break-word w-full dark markdown-new-styling\">\n<p data-start=\"59\" data-end=\"404\">Shorts denim <strong data-start=\"90\" data-end=\"104\">2Y Premium<\/strong> n\u00eb ngjyr\u00eb <strong data-start=\"115\" data-end=\"128\">blue wash<\/strong>, t\u00eb dizajnuara p\u00ebr meshkuj q\u00eb k\u00ebrkojn\u00eb nj\u00eb stil t\u00eb fort\u00eb, modern dhe shum\u00eb trendi p\u00ebr sezonin veror. Ky model vjen me larje t\u00eb bukur blu, detaje t\u00eb theksuara <strong data-start=\"287\" data-end=\"308\" data-is-only-node=\"\">ripped\/distressed<\/strong> dhe fund me efekt t\u00eb \u00e7liruar, duke krijuar nj\u00eb pamje streetwear premium q\u00eb bie menj\u00ebher\u00eb n\u00eb sy.<\/p>\n<p data-start=\"406\" data-end=\"691\">Detajet e grisura n\u00eb pjes\u00ebn e p\u00ebrparme i japin shorts-it karakter urban dhe energjik, nd\u00ebrsa nuancat e zbardhura n\u00eb denim krijojn\u00eb nj\u00eb efekt m\u00eb t\u00eb fresk\u00ebt dhe veror. Qepjet kontrast, kopsat metalike dhe etiketa <strong data-start=\"617\" data-end=\"631\">2Y Premium<\/strong> e kompletojn\u00eb dizajnin me nj\u00eb pamje t\u00eb kuruar dhe cil\u00ebsore.<\/p>\n<p data-start=\"693\" data-end=\"978\">Prerja komode ofron rehati gjat\u00eb gjith\u00eb dit\u00ebs dhe p\u00ebrshtatet shum\u00eb mir\u00eb p\u00ebr dalje t\u00eb p\u00ebrditshme, pushime, kombinime casual apo outfit-e streetwear. Mund t\u00eb kombinohen perfekt me maic\u00eb oversize, polo triko, k\u00ebmish\u00eb t\u00eb hapur verore ose atlete t\u00eb bardha p\u00ebr nj\u00eb look modern dhe t\u00eb past\u00ebr.<\/p>\n<p data-start=\"980\" data-end=\"1255\" data-is-last-node=\"\" data-is-only-node=\"\"><strong data-start=\"980\" data-end=\"1004\">Detaje t\u00eb produktit:<\/strong><br data-start=\"1004\" data-end=\"1007\" \/>Ngjyra: <strong data-start=\"1015\" data-end=\"1034\">Blue Wash Denim<\/strong><br data-start=\"1034\" data-end=\"1037\" \/>Modeli: <strong data-start=\"1045\" data-end=\"1072\" data-is-only-node=\"\">Shorts xhins 2Y Premium<\/strong><br data-start=\"1072\" data-end=\"1075\" \/>Stili: <strong data-start=\"1082\" data-end=\"1128\">Ripped \/ Distressed \/ Streetwear \/ Premium<\/strong><br data-start=\"1128\" data-end=\"1131\" \/>Prerja: <strong data-start=\"1139\" data-end=\"1161\">Komode dhe moderne<\/strong><br data-start=\"1161\" data-end=\"1164\" \/>Materiali: <strong data-start=\"1175\" data-end=\"1184\">Denim<\/strong><br data-start=\"1184\" data-end=\"1187\" \/>P\u00ebrshtatet p\u00ebr: <strong data-start=\"1203\" data-end=\"1255\" data-is-last-node=\"\">Ver\u00eb, pushime, p\u00ebrditshm\u00ebri dhe kombinime trendy<\/strong><\/p>\n<\/div>\n<\/div>\n<\/div>\n<\/div>\n<\/div>\n<\/div>\n<\/section>","protected":false},"excerpt":{"rendered":"<p>Shorts denim 2Y Premium n\u00eb ngjyr\u00eb blue wash, t\u00eb dizajnuara p\u00ebr meshkuj q\u00eb k\u00ebrkojn\u00eb nj\u00eb stil t\u00eb fort\u00eb, modern dhe shum\u00eb trendi p\u00ebr sezonin veror. Ky model vjen me larje t\u00eb bukur blu, detaje t\u00eb theksuara ripped\/distressed dhe fund me efekt t\u00eb \u00e7liruar, duke krijuar nj\u00eb pamje streetwear premium q\u00eb bie menj\u00ebher\u00eb n\u00eb sy. Detajet [&hellip;]<\/p>","protected":false},"featured_media":19606,"comment_status":"open","ping_status":"closed","template":"","meta":[],"product_brand":[],"product_cat":[69],"product_tag":[1100,1101,893,1099],"class_list":{"0":"post-19605","1":"product","2":"type-product","3":"status-publish","4":"has-post-thumbnail","6":"product_cat-shorts","7":"product_tag-ngjyra-blue-wash-denim-modeli-shorts-xhins-2y-premium-stili-ripped-distressed-streetwear-premium-prerja-komode-dhe-moderne-materiali-denim-pershtatet-per-vere","8":"product_tag-perditshmeri-dhe-kombinime-trendy","9":"product_tag-pushime","10":"product_tag-shorts-denim-premium-2y","12":"first","13":"instock","14":"taxable","15":"shipping-taxable","16":"purchasable","17":"product-type-variable"},"jetpack_sharing_enabled":true,"_links":{"self":[{"href":"https:\/\/urban-clothingstore.com\/en\/wp-json\/wp\/v2\/product\/19605","targetHints":{"allow":["GET"]}}],"collection":[{"href":"https:\/\/urban-clothingstore.com\/en\/wp-json\/wp\/v2\/product"}],"about":[{"href":"https:\/\/urban-clothingstore.com\/en\/wp-json\/wp\/v2\/types\/product"}],"replies":[{"embeddable":true,"href":"https:\/\/urban-clothingstore.com\/en\/wp-json\/wp\/v2\/comments?post=19605"}],"wp:featuredmedia":[{"embeddable":true,"href":"https:\/\/urban-clothingstore.com\/en\/wp-json\/wp\/v2\/media\/19606"}],"wp:attachment":[{"href":"https:\/\/urban-clothingstore.com\/en\/wp-json\/wp\/v2\/media?parent=19605"}],"wp:term":[{"taxonomy":"product_brand","embeddable":true,"href":"https:\/\/urban-clothingstore.com\/en\/wp-json\/wp\/v2\/product_brand?post=19605"},{"taxonomy":"product_cat","embeddable":true,"href":"https:\/\/urban-clothingstore.com\/en\/wp-json\/wp\/v2\/product_cat?post=19605"},{"taxonomy":"product_tag","embeddable":true,"href":"https:\/\/urban-clothingstore.com\/en\/wp-json\/wp\/v2\/product_tag?post=19605"}],"curies":[{"name":"wp","href":"https:\/\/api.w.org\/{rel}","templated":true}]}}