{"id":19716,"date":"2026-05-08T12:35:20","date_gmt":"2026-05-08T12:35:20","guid":{"rendered":"https:\/\/urban-clothingstore.com\/?post_type=product&#038;p=19716"},"modified":"2026-05-08T12:35:21","modified_gmt":"2026-05-08T12:35:21","slug":"kostum-premium-3-pjesesh-white-tuxedo-elegant-ceremony-edition","status":"publish","type":"product","link":"https:\/\/urban-clothingstore.com\/en\/product\/kostum-premium-3-pjesesh-white-tuxedo-elegant-ceremony-edition\/","title":{"rendered":"Kostum Premium 3-Pjes\u00ebsh White Tuxedo \u2013 Elegant Ceremony Edition"},"content":{"rendered":"<div class=\"\" data-turn-id-container=\"request-WEB:a2915a34-5d65-43a3-8f44-677fea8a430c-0\" data-is-intersecting=\"true\">\n<section class=\"text-token-text-primary w-full focus:outline-none [--shadow-height:45px] has-data-writing-block:pointer-events-none has-data-writing-block:-mt-(--shadow-height) has-data-writing-block:pt-(--shadow-height) [&amp;:has([data-writing-block])&gt;*]:pointer-events-auto R6Vx5W_threadScrollVars scroll-mb-[calc(var(--scroll-root-safe-area-inset-bottom,0px)+var(--thread-response-height))] scroll-mt-[calc(var(--header-height)+min(200px,max(70px,20svh)))]\" dir=\"auto\" data-turn-id=\"request-WEB:a2915a34-5d65-43a3-8f44-677fea8a430c-0\" data-testid=\"conversation-turn-2\" data-scroll-anchor=\"false\" data-turn=\"assistant\">\n<div class=\"text-base my-auto mx-auto pb-10 [--thread-content-margin:var(--thread-content-margin-xs,calc(var(--spacing)*4))] @w-sm\/main:[--thread-content-margin:var(--thread-content-margin-sm,calc(var(--spacing)*6))] @w-lg\/main:[--thread-content-margin:var(--thread-content-margin-lg,calc(var(--spacing)*16))] px-(--thread-content-margin)\">\n<div class=\"[--thread-content-max-width:40rem] @w-lg\/main:[--thread-content-max-width:48rem] mx-auto max-w-(--thread-content-max-width) flex-1 group\/turn-messages focus-visible:outline-hidden relative flex w-full min-w-0 flex-col agent-turn\">\n<div class=\"flex max-w-full flex-col gap-4 grow\">\n<div class=\"min-h-8 text-message relative flex w-full flex-col items-end gap-2 text-start break-words whitespace-normal outline-none keyboard-focused:focus-ring [.text-message+&amp;]:mt-1\" dir=\"auto\" tabindex=\"0\" data-message-author-role=\"assistant\" data-message-id=\"3e2f0e94-111e-4c30-bf7f-b463f0f3a6bd\" data-message-model-slug=\"gpt-5-5-thinking\" data-turn-start-message=\"true\">\n<div class=\"flex w-full flex-col gap-1 empty:hidden\">\n<div class=\"markdown prose dark:prose-invert wrap-break-word w-full dark markdown-new-styling\">\n<p data-start=\"85\" data-end=\"473\">Ky kostum premium 3-pjes\u00ebsh n\u00eb ngjyr\u00eb t\u00eb bardh\u00eb \u00ebsht\u00eb zgjedhja perfekte p\u00ebr meshkujt q\u00eb k\u00ebrkojn\u00eb eleganc\u00eb, klas dhe prezenc\u00eb t\u00eb ve\u00e7ant\u00eb n\u00eb \u00e7do event special. Dizajni i tij formal me sako, jelek dhe pantallona krijon nj\u00eb pamje shum\u00eb luksoze, nd\u00ebrsa kombinimi me papion t\u00eb zi, k\u00ebmish\u00eb t\u00eb bardh\u00eb dhe k\u00ebpuc\u00eb elegante t\u00eb zeza i jep outfit-it nj\u00eb karakter t\u00eb fort\u00eb ceremonial.<\/p>\n<p data-start=\"475\" data-end=\"802\">Sakoja ka prerje moderne dhe t\u00eb past\u00ebr, me jak\u00eb elegante dhe form\u00eb t\u00eb rregullt q\u00eb thekson linjat e trupit. Jeleku i bardh\u00eb e b\u00ebn kostumin edhe m\u00eb t\u00eb kompletuar, duke i dh\u00ebn\u00eb pamje \u201ctuxedo\u201d shum\u00eb premium. Pantallonat kan\u00eb prerje t\u00eb ngusht\u00eb elegante, t\u00eb p\u00ebrshtatshme p\u00ebr evente ku k\u00ebrkohet stil i rafinuar dhe paraqitje perfekte.<\/p>\n<p data-start=\"804\" data-end=\"1108\">Ky kostum \u00ebsht\u00eb ideal p\u00ebr dasma, mbr\u00ebmje gala, fejesa, ceremoni, evente luksoze dhe \u00e7do rast ku d\u00ebshironi t\u00eb dukeni ndryshe, me stil dhe shum\u00eb elegant. Ngjyra e bardh\u00eb e past\u00ebr jep nj\u00eb pamje shum\u00eb t\u00eb fresk\u00ebt, moderne dhe ekskluzive, nd\u00ebrsa detajet e zeza krijojn\u00eb kontrast t\u00eb fuqish\u00ebm dhe shum\u00eb t\u00ebrheq\u00ebs.<\/p>\n<p data-start=\"1110\" data-end=\"1178\">Mund ta porosisni online dhe ta blini direkt p\u00ebrmes website-it ton\u00eb.<\/p>\n<p data-start=\"1180\" data-end=\"1199\"><strong data-start=\"1180\" data-end=\"1197\">Key Features:<\/strong><\/p>\n<ul data-start=\"1200\" data-end=\"1732\" data-is-last-node=\"\" data-is-only-node=\"\">\n<li data-section-id=\"195xh9g\" data-start=\"1200\" data-end=\"1256\">Kostum premium 3-pjes\u00ebsh: sako, jelek dhe pantallona<\/li>\n<li data-section-id=\"1sx01gn\" data-start=\"1257\" data-end=\"1302\">Ngjyr\u00eb e bardh\u00eb elegante me pamje luksoze<\/li>\n<li data-section-id=\"1qgtf5r\" data-start=\"1303\" data-end=\"1358\">Stil formal tuxedo p\u00ebr ceremoni dhe evente speciale<\/li>\n<li data-section-id=\"1138omf\" data-start=\"1359\" data-end=\"1415\">Kombinim perfekt me papion t\u00eb zi dhe k\u00ebpuc\u00eb elegante<\/li>\n<li data-section-id=\"2wanl3\" data-start=\"1416\" data-end=\"1464\">Prerje moderne q\u00eb p\u00ebrshtatet bukur me trupin<\/li>\n<li data-section-id=\"1tvjd6x\" data-start=\"1465\" data-end=\"1512\">Jelek elegant q\u00eb e kompleton pamjen premium<\/li>\n<li data-section-id=\"bvwh1c\" data-start=\"1513\" data-end=\"1564\">Ideal p\u00ebr dasma, fejesa, gala dhe raste solemne<\/li>\n<li data-section-id=\"1a3ho3s\" data-start=\"1565\" data-end=\"1617\">Pamje shum\u00eb e past\u00ebr, ekskluzive dhe aristokrate<\/li>\n<li data-section-id=\"iizmuf\" data-start=\"1618\" data-end=\"1678\">Produkt i p\u00ebrshtatsh\u00ebm p\u00ebr klient\u00eb q\u00eb k\u00ebrkojn\u00eb stil unik<\/li>\n<li data-section-id=\"c1khcn\" data-start=\"1679\" data-end=\"1732\" data-is-last-node=\"\">I disponuesh\u00ebm p\u00ebr porosi online n\u00eb website-in ton\u00eb<\/li>\n<\/ul>\n<\/div>\n<\/div>\n<\/div>\n<\/div>\n<\/div>\n<\/div>\n<\/section>\n<\/div>","protected":false},"excerpt":{"rendered":"<p>Ky kostum premium 3-pjes\u00ebsh n\u00eb ngjyr\u00eb t\u00eb bardh\u00eb \u00ebsht\u00eb zgjedhja perfekte p\u00ebr meshkujt q\u00eb k\u00ebrkojn\u00eb eleganc\u00eb, klas dhe prezenc\u00eb t\u00eb ve\u00e7ant\u00eb n\u00eb \u00e7do event special. Dizajni i tij formal me sako, jelek dhe pantallona krijon nj\u00eb pamje shum\u00eb luksoze, nd\u00ebrsa kombinimi me papion t\u00eb zi, k\u00ebmish\u00eb t\u00eb bardh\u00eb dhe k\u00ebpuc\u00eb elegante t\u00eb zeza i jep [&hellip;]<\/p>","protected":false},"featured_media":19717,"comment_status":"open","ping_status":"closed","template":"","meta":[],"product_brand":[],"product_cat":[108],"product_tag":[1112,1113],"class_list":{"0":"post-19716","1":"product","2":"type-product","3":"status-publish","4":"has-post-thumbnail","6":"product_cat-suit","7":"product_tag-kostum-premium-3-pjesesh-white-tuxedo","8":"product_tag-kostum-premium-3-pjesesh-sako","10":"first","11":"instock","12":"taxable","13":"shipping-taxable","14":"purchasable","15":"product-type-variable"},"jetpack_sharing_enabled":true,"_links":{"self":[{"href":"https:\/\/urban-clothingstore.com\/en\/wp-json\/wp\/v2\/product\/19716","targetHints":{"allow":["GET"]}}],"collection":[{"href":"https:\/\/urban-clothingstore.com\/en\/wp-json\/wp\/v2\/product"}],"about":[{"href":"https:\/\/urban-clothingstore.com\/en\/wp-json\/wp\/v2\/types\/product"}],"replies":[{"embeddable":true,"href":"https:\/\/urban-clothingstore.com\/en\/wp-json\/wp\/v2\/comments?post=19716"}],"wp:featuredmedia":[{"embeddable":true,"href":"https:\/\/urban-clothingstore.com\/en\/wp-json\/wp\/v2\/media\/19717"}],"wp:attachment":[{"href":"https:\/\/urban-clothingstore.com\/en\/wp-json\/wp\/v2\/media?parent=19716"}],"wp:term":[{"taxonomy":"product_brand","embeddable":true,"href":"https:\/\/urban-clothingstore.com\/en\/wp-json\/wp\/v2\/product_brand?post=19716"},{"taxonomy":"product_cat","embeddable":true,"href":"https:\/\/urban-clothingstore.com\/en\/wp-json\/wp\/v2\/product_cat?post=19716"},{"taxonomy":"product_tag","embeddable":true,"href":"https:\/\/urban-clothingstore.com\/en\/wp-json\/wp\/v2\/product_tag?post=19716"}],"curies":[{"name":"wp","href":"https:\/\/api.w.org\/{rel}","templated":true}]}}