{"id":19736,"date":"2026-05-08T12:47:13","date_gmt":"2026-05-08T12:47:13","guid":{"rendered":"https:\/\/urban-clothingstore.com\/?post_type=product&#038;p=19736"},"modified":"2026-05-08T12:47:13","modified_gmt":"2026-05-08T12:47:13","slug":"kostum-premium-3-pjesesh-dark-brown-modern-italian-elegance","status":"publish","type":"product","link":"https:\/\/urban-clothingstore.com\/en\/product\/kostum-premium-3-pjesesh-dark-brown-modern-italian-elegance\/","title":{"rendered":"Kostum Premium 3-Pjes\u00ebsh Dark Brown \u2013 Modern Italian Elegance"},"content":{"rendered":"<div class=\"\" data-turn-id-container=\"request-WEB:a2915a34-5d65-43a3-8f44-677fea8a430c-2\" data-is-intersecting=\"true\">\n<section class=\"text-token-text-primary w-full focus:outline-none [--shadow-height:45px] has-data-writing-block:pointer-events-none has-data-writing-block:-mt-(--shadow-height) has-data-writing-block:pt-(--shadow-height) [&amp;:has([data-writing-block])&gt;*]:pointer-events-auto R6Vx5W_threadScrollVars scroll-mb-[calc(var(--scroll-root-safe-area-inset-bottom,0px)+var(--thread-response-height))] scroll-mt-[calc(var(--header-height)+min(200px,max(70px,20svh)))]\" dir=\"auto\" data-turn-id=\"request-WEB:a2915a34-5d65-43a3-8f44-677fea8a430c-2\" data-testid=\"conversation-turn-6\" data-scroll-anchor=\"false\" data-turn=\"assistant\">\n<div class=\"text-base my-auto mx-auto pb-10 [--thread-content-margin:var(--thread-content-margin-xs,calc(var(--spacing)*4))] @w-sm\/main:[--thread-content-margin:var(--thread-content-margin-sm,calc(var(--spacing)*6))] @w-lg\/main:[--thread-content-margin:var(--thread-content-margin-lg,calc(var(--spacing)*16))] px-(--thread-content-margin)\">\n<div class=\"[--thread-content-max-width:40rem] @w-lg\/main:[--thread-content-max-width:48rem] mx-auto max-w-(--thread-content-max-width) flex-1 group\/turn-messages focus-visible:outline-hidden relative flex w-full min-w-0 flex-col agent-turn\">\n<div class=\"flex max-w-full flex-col gap-4 grow\">\n<div class=\"min-h-8 text-message relative flex w-full flex-col items-end gap-2 text-start break-words whitespace-normal outline-none keyboard-focused:focus-ring [.text-message+&amp;]:mt-1\" dir=\"auto\" tabindex=\"0\" data-message-author-role=\"assistant\" data-message-id=\"a23dd796-ecf6-4e71-ad29-01887b19503e\" data-message-model-slug=\"gpt-5-5-thinking\" data-turn-start-message=\"true\">\n<div class=\"flex w-full flex-col gap-1 empty:hidden\">\n<div class=\"markdown prose dark:prose-invert wrap-break-word w-full dark markdown-new-styling\">\n<p data-start=\"82\" data-end=\"394\">Ky kostum premium 3-pjes\u00ebsh n\u00eb ngjyr\u00eb <strong data-start=\"138\" data-end=\"152\">dark brown<\/strong> \u00ebsht\u00eb nj\u00eb zgjedhje shum\u00eb elegante, moderne dhe luksoze p\u00ebr meshkujt q\u00eb k\u00ebrkojn\u00eb stil t\u00eb ve\u00e7ant\u00eb dhe paraqitje t\u00eb rafinuar. Kombinimi i sakos, jelekut double-breasted dhe pantallonave krijon nj\u00eb pamje t\u00eb kompletuar, serioze dhe shum\u00eb premium.<\/p>\n<p data-start=\"396\" data-end=\"826\">Ngjyra kafe e err\u00ebt i jep kostumit nj\u00eb karakter t\u00eb fort\u00eb, mashkullor dhe elegant, duke e b\u00ebr\u00eb ideal p\u00ebr raste speciale ku d\u00ebshironi t\u00eb dukeni ndryshe nga ngjyrat klasike. Sakoja ka prerje moderne q\u00eb thekson bukur form\u00ebn e trupit, nd\u00ebrsa jeleku me kopsa t\u00eb dyfishta i jep outfit-it nj\u00eb pamje m\u00eb luksoze dhe m\u00eb t\u00eb ve\u00e7ant\u00eb. Pantallonat jan\u00eb t\u00eb dizajnuara me linj\u00eb elegante, duke ruajtur balanc\u00ebn mes stilit formal dhe pamjes moderne.<\/p>\n<p data-start=\"828\" data-end=\"1135\">Ky kostum kombinohet shum\u00eb bukur me k\u00ebmish\u00eb t\u00eb bardh\u00eb dhe atlete t\u00eb bardha p\u00ebr nj\u00eb stil <strong data-start=\"916\" data-end=\"940\">smart casual premium<\/strong>, por mund t\u00eb vishet edhe me k\u00ebpuc\u00eb elegante p\u00ebr nj\u00eb pamje m\u00eb formale. \u00cbsht\u00eb perfekt p\u00ebr dasma, fejesa, mbr\u00ebmje elegante, evente speciale, darka luksoze dhe \u00e7do rast ku k\u00ebrkohet prezenc\u00eb me klas.<\/p>\n<p data-start=\"1137\" data-end=\"1205\">Mund ta porosisni online dhe ta blini direkt p\u00ebrmes website-it ton\u00eb.<\/p>\n<p data-start=\"1207\" data-end=\"1226\"><strong data-start=\"1207\" data-end=\"1224\">Key Features:<\/strong><\/p>\n<ul data-start=\"1227\" data-end=\"1767\" data-is-last-node=\"\" data-is-only-node=\"\">\n<li data-section-id=\"195xh9g\" data-start=\"1227\" data-end=\"1283\">Kostum premium 3-pjes\u00ebsh: sako, jelek dhe pantallona<\/li>\n<li data-section-id=\"jh82z9\" data-start=\"1284\" data-end=\"1333\">Ngjyr\u00eb dark brown\/kafe e err\u00ebt shum\u00eb elegante<\/li>\n<li data-section-id=\"12kfy97\" data-start=\"1334\" data-end=\"1377\">Jelek double-breasted me kopsa kontrast<\/li>\n<li data-section-id=\"1vo8j9u\" data-start=\"1378\" data-end=\"1419\">Prerje moderne me pamje Italian style<\/li>\n<li data-section-id=\"1rtx156\" data-start=\"1420\" data-end=\"1467\">Stil luksoz, mashkullor dhe shum\u00eb i ve\u00e7ant\u00eb<\/li>\n<li data-section-id=\"ltukne\" data-start=\"1468\" data-end=\"1524\">I p\u00ebrshtatsh\u00ebm p\u00ebr dasma, fejesa dhe evente speciale<\/li>\n<li data-section-id=\"lc1it8\" data-start=\"1525\" data-end=\"1566\">Kombinohet bukur me k\u00ebmish\u00eb t\u00eb bardh\u00eb<\/li>\n<li data-section-id=\"17cz6cw\" data-start=\"1567\" data-end=\"1647\">Mund t\u00eb vishet me atlete p\u00ebr look modern ose k\u00ebpuc\u00eb elegante p\u00ebr look formal<\/li>\n<li data-section-id=\"1ro6ist\" data-start=\"1648\" data-end=\"1705\">Ideal p\u00ebr klient\u00eb q\u00eb k\u00ebrkojn\u00eb kostum unik dhe premium<\/li>\n<li data-section-id=\"12ookdw\" data-start=\"1706\" data-end=\"1767\" data-is-last-node=\"\">Produkt i disponuesh\u00ebm p\u00ebr porosi online n\u00eb website-in ton\u00eb<\/li>\n<\/ul>\n<\/div>\n<\/div>\n<\/div>\n<\/div>\n<\/div>\n<\/div>\n<\/section>\n<\/div>","protected":false},"excerpt":{"rendered":"<p>Ky kostum premium 3-pjes\u00ebsh n\u00eb ngjyr\u00eb dark brown \u00ebsht\u00eb nj\u00eb zgjedhje shum\u00eb elegante, moderne dhe luksoze p\u00ebr meshkujt q\u00eb k\u00ebrkojn\u00eb stil t\u00eb ve\u00e7ant\u00eb dhe paraqitje t\u00eb rafinuar. Kombinimi i sakos, jelekut double-breasted dhe pantallonave krijon nj\u00eb pamje t\u00eb kompletuar, serioze dhe shum\u00eb premium. Ngjyra kafe e err\u00ebt i jep kostumit nj\u00eb karakter t\u00eb fort\u00eb, mashkullor [&hellip;]<\/p>","protected":false},"featured_media":19737,"comment_status":"open","ping_status":"closed","template":"","meta":[],"product_brand":[],"product_cat":[108],"product_tag":[1118,1116,1115,1113,1117],"class_list":{"0":"post-19736","1":"product","2":"type-product","3":"status-publish","4":"has-post-thumbnail","6":"product_cat-suit","7":"product_tag-fejesa-dhe-evente-speciale-kombinohet-bukur-me-kemishe-te-bardhe","8":"product_tag-jelek-dhe-pantallona-ngjyre-dark-brown-kafe-e-erret-shume-elegante-jelek-double-breasted-me-kopsa-kontrast-prerje-moderne-me-pamje-italian-style-stil-luksoz","9":"product_tag-kostum-premium-3-pjesesh-dark-brown","10":"product_tag-kostum-premium-3-pjesesh-sako","11":"product_tag-mashkullor-dhe-shume-i-vecante-i-pershtatshem-per-dasma","13":"first","14":"instock","15":"taxable","16":"shipping-taxable","17":"purchasable","18":"product-type-variable"},"jetpack_sharing_enabled":true,"_links":{"self":[{"href":"https:\/\/urban-clothingstore.com\/en\/wp-json\/wp\/v2\/product\/19736","targetHints":{"allow":["GET"]}}],"collection":[{"href":"https:\/\/urban-clothingstore.com\/en\/wp-json\/wp\/v2\/product"}],"about":[{"href":"https:\/\/urban-clothingstore.com\/en\/wp-json\/wp\/v2\/types\/product"}],"replies":[{"embeddable":true,"href":"https:\/\/urban-clothingstore.com\/en\/wp-json\/wp\/v2\/comments?post=19736"}],"wp:featuredmedia":[{"embeddable":true,"href":"https:\/\/urban-clothingstore.com\/en\/wp-json\/wp\/v2\/media\/19737"}],"wp:attachment":[{"href":"https:\/\/urban-clothingstore.com\/en\/wp-json\/wp\/v2\/media?parent=19736"}],"wp:term":[{"taxonomy":"product_brand","embeddable":true,"href":"https:\/\/urban-clothingstore.com\/en\/wp-json\/wp\/v2\/product_brand?post=19736"},{"taxonomy":"product_cat","embeddable":true,"href":"https:\/\/urban-clothingstore.com\/en\/wp-json\/wp\/v2\/product_cat?post=19736"},{"taxonomy":"product_tag","embeddable":true,"href":"https:\/\/urban-clothingstore.com\/en\/wp-json\/wp\/v2\/product_tag?post=19736"}],"curies":[{"name":"wp","href":"https:\/\/api.w.org\/{rel}","templated":true}]}}