{"id":19745,"date":"2026-05-08T12:51:53","date_gmt":"2026-05-08T12:51:53","guid":{"rendered":"https:\/\/urban-clothingstore.com\/?post_type=product&#038;p=19745"},"modified":"2026-05-08T12:51:53","modified_gmt":"2026-05-08T12:51:53","slug":"kostum-premium-3-pjesesh-dark-grey-modern-italian-elegance","status":"publish","type":"product","link":"https:\/\/urban-clothingstore.com\/en\/product\/kostum-premium-3-pjesesh-dark-grey-modern-italian-elegance\/","title":{"rendered":"Kostum Premium 3-Pjes\u00ebsh Dark Grey \u2013 Modern Italian Elegance"},"content":{"rendered":"<div class=\"\" data-turn-id-container=\"request-WEB:a2915a34-5d65-43a3-8f44-677fea8a430c-3\" data-is-intersecting=\"true\">\n<section class=\"text-token-text-primary w-full focus:outline-none [--shadow-height:45px] has-data-writing-block:pointer-events-none has-data-writing-block:-mt-(--shadow-height) has-data-writing-block:pt-(--shadow-height) [&amp;:has([data-writing-block])&gt;*]:pointer-events-auto R6Vx5W_threadScrollVars scroll-mb-[calc(var(--scroll-root-safe-area-inset-bottom,0px)+var(--thread-response-height))] scroll-mt-[calc(var(--header-height)+min(200px,max(70px,20svh)))]\" dir=\"auto\" data-turn-id=\"request-WEB:a2915a34-5d65-43a3-8f44-677fea8a430c-3\" data-testid=\"conversation-turn-8\" data-scroll-anchor=\"false\" data-turn=\"assistant\">\n<div class=\"text-base my-auto mx-auto pb-10 [--thread-content-margin:var(--thread-content-margin-xs,calc(var(--spacing)*4))] @w-sm\/main:[--thread-content-margin:var(--thread-content-margin-sm,calc(var(--spacing)*6))] @w-lg\/main:[--thread-content-margin:var(--thread-content-margin-lg,calc(var(--spacing)*16))] px-(--thread-content-margin)\">\n<div class=\"[--thread-content-max-width:40rem] @w-lg\/main:[--thread-content-max-width:48rem] mx-auto max-w-(--thread-content-max-width) flex-1 group\/turn-messages focus-visible:outline-hidden relative flex w-full min-w-0 flex-col agent-turn\">\n<div class=\"flex max-w-full flex-col gap-4 grow\">\n<div class=\"min-h-8 text-message relative flex w-full flex-col items-end gap-2 text-start break-words whitespace-normal outline-none keyboard-focused:focus-ring [.text-message+&amp;]:mt-1\" dir=\"auto\" tabindex=\"0\" data-message-author-role=\"assistant\" data-message-id=\"c85c10bf-2555-4e2f-a781-324d5596a286\" data-message-model-slug=\"gpt-5-5-thinking\" data-turn-start-message=\"true\">\n<div class=\"flex w-full flex-col gap-1 empty:hidden\">\n<div class=\"markdown prose dark:prose-invert wrap-break-word w-full dark markdown-new-styling\">\n<p data-start=\"81\" data-end=\"431\">Ky kostum premium 3-pjes\u00ebsh n\u00eb ngjyr\u00eb <strong data-start=\"137\" data-end=\"150\">dark grey<\/strong> \u00ebsht\u00eb nj\u00eb kombinim perfekt mes eleganc\u00ebs klasike dhe stilit modern italian. I dizajnuar p\u00ebr meshkuj q\u00eb k\u00ebrkojn\u00eb pamje t\u00eb rafinuar, serioze dhe premium, ky kostum p\u00ebrb\u00ebhet nga <strong data-start=\"326\" data-end=\"372\">sako, jelek double-breasted dhe pantallona<\/strong>, duke krijuar nj\u00eb outfit t\u00eb kompletuar p\u00ebr raste speciale.<\/p>\n<p data-start=\"433\" data-end=\"837\">Ngjyra gri e err\u00ebt i jep kostumit nj\u00eb pamje shum\u00eb t\u00eb sofistikuar dhe t\u00eb leht\u00eb p\u00ebr t\u2019u kombinuar. Sakoja ka prerje moderne q\u00eb thekson bukur linjat e trupit, nd\u00ebrsa jeleku me kopsa t\u00eb dyfishta krijon nj\u00eb efekt m\u00eb luksoz dhe m\u00eb elegant. Pantallonat me prerje t\u00eb past\u00ebr japin pamje t\u00eb rregullt dhe moderne, duke e b\u00ebr\u00eb k\u00ebt\u00eb kostum t\u00eb p\u00ebrshtatsh\u00ebm si p\u00ebr evente formale, ashtu edhe p\u00ebr kombinime smart casual.<\/p>\n<p data-start=\"839\" data-end=\"1162\">Kombinimi me k\u00ebmish\u00eb t\u00eb bardh\u00eb dhe atlete t\u00eb bardha i jep kostumit nj\u00eb pamje moderne, t\u00eb fresk\u00ebt dhe shum\u00eb trendi. P\u00ebr nj\u00eb stil m\u00eb formal, mund t\u00eb kombinohet edhe me k\u00ebpuc\u00eb elegante t\u00eb zeza ose kafe. \u00cbsht\u00eb ideal p\u00ebr dasma, fejesa, mbr\u00ebmje elegante, evente biznesi, darka luksoze dhe raste ku k\u00ebrkohet nj\u00eb paraqitje me klas.<\/p>\n<p data-start=\"1164\" data-end=\"1232\">Mund ta porosisni online dhe ta blini direkt p\u00ebrmes website-it ton\u00eb.<\/p>\n<p data-start=\"1234\" data-end=\"1253\"><strong data-start=\"1234\" data-end=\"1251\">Key Features:<\/strong><\/p>\n<ul data-start=\"1254\" data-end=\"1783\" data-is-last-node=\"\" data-is-only-node=\"\">\n<li data-section-id=\"195xh9g\" data-start=\"1254\" data-end=\"1310\">Kostum premium 3-pjes\u00ebsh: sako, jelek dhe pantallona<\/li>\n<li data-section-id=\"1ur64xb\" data-start=\"1311\" data-end=\"1358\">Ngjyr\u00eb dark grey\/gri e err\u00ebt shum\u00eb elegante<\/li>\n<li data-section-id=\"12kfy97\" data-start=\"1359\" data-end=\"1402\">Jelek double-breasted me kopsa kontrast<\/li>\n<li data-section-id=\"1aoj9as\" data-start=\"1403\" data-end=\"1437\">Prerje moderne me stil Italian<\/li>\n<li data-section-id=\"1c3gg6j\" data-start=\"1438\" data-end=\"1485\">Pamje luksoze, serioze dhe shum\u00eb e rafinuar<\/li>\n<li data-section-id=\"ltukne\" data-start=\"1486\" data-end=\"1542\">I p\u00ebrshtatsh\u00ebm p\u00ebr dasma, fejesa dhe evente speciale<\/li>\n<li data-section-id=\"lc1it8\" data-start=\"1543\" data-end=\"1584\">Kombinohet bukur me k\u00ebmish\u00eb t\u00eb bardh\u00eb<\/li>\n<li data-section-id=\"17cz6cw\" data-start=\"1585\" data-end=\"1665\">Mund t\u00eb vishet me atlete p\u00ebr look modern ose k\u00ebpuc\u00eb elegante p\u00ebr look formal<\/li>\n<li data-section-id=\"gbbhxf\" data-start=\"1666\" data-end=\"1713\">Ideale p\u00ebr stil smart casual dhe ceremonial<\/li>\n<li data-section-id=\"d5ctkf\" data-start=\"1714\" data-end=\"1783\" data-is-last-node=\"\">Produkt premium i disponuesh\u00ebm p\u00ebr porosi online n\u00eb website-in ton\u00eb<\/li>\n<\/ul>\n<\/div>\n<\/div>\n<\/div>\n<\/div>\n<\/div>\n<\/div>\n<\/section>\n<\/div>","protected":false},"excerpt":{"rendered":"<p>Ky kostum premium 3-pjes\u00ebsh n\u00eb ngjyr\u00eb dark grey \u00ebsht\u00eb nj\u00eb kombinim perfekt mes eleganc\u00ebs klasike dhe stilit modern italian. I dizajnuar p\u00ebr meshkuj q\u00eb k\u00ebrkojn\u00eb pamje t\u00eb rafinuar, serioze dhe premium, ky kostum p\u00ebrb\u00ebhet nga sako, jelek double-breasted dhe pantallona, duke krijuar nj\u00eb outfit t\u00eb kompletuar p\u00ebr raste speciale. Ngjyra gri e err\u00ebt i jep [&hellip;]<\/p>","protected":false},"featured_media":19746,"comment_status":"open","ping_status":"closed","template":"","meta":[],"product_brand":[],"product_cat":[108],"product_tag":[1118,1120,1119,1113,1121],"class_list":{"0":"post-19745","1":"product","2":"type-product","3":"status-publish","4":"has-post-thumbnail","6":"product_cat-suit","7":"product_tag-fejesa-dhe-evente-speciale-kombinohet-bukur-me-kemishe-te-bardhe","8":"product_tag-jelek-dhe-pantallona-ngjyre-dark-grey-gri-e-erret-shume-elegante-jelek-double-breasted-me-kopsa-kontrast-prerje-moderne-me-stil-italian-pamje-luksoze","9":"product_tag-kostum-premium-3-pjesesh-dark-grey","10":"product_tag-kostum-premium-3-pjesesh-sako","11":"product_tag-serioze-dhe-shume-e-rafinuar-i-pershtatshem-per-dasma","13":"first","14":"instock","15":"taxable","16":"shipping-taxable","17":"purchasable","18":"product-type-variable"},"jetpack_sharing_enabled":true,"_links":{"self":[{"href":"https:\/\/urban-clothingstore.com\/en\/wp-json\/wp\/v2\/product\/19745","targetHints":{"allow":["GET"]}}],"collection":[{"href":"https:\/\/urban-clothingstore.com\/en\/wp-json\/wp\/v2\/product"}],"about":[{"href":"https:\/\/urban-clothingstore.com\/en\/wp-json\/wp\/v2\/types\/product"}],"replies":[{"embeddable":true,"href":"https:\/\/urban-clothingstore.com\/en\/wp-json\/wp\/v2\/comments?post=19745"}],"wp:featuredmedia":[{"embeddable":true,"href":"https:\/\/urban-clothingstore.com\/en\/wp-json\/wp\/v2\/media\/19746"}],"wp:attachment":[{"href":"https:\/\/urban-clothingstore.com\/en\/wp-json\/wp\/v2\/media?parent=19745"}],"wp:term":[{"taxonomy":"product_brand","embeddable":true,"href":"https:\/\/urban-clothingstore.com\/en\/wp-json\/wp\/v2\/product_brand?post=19745"},{"taxonomy":"product_cat","embeddable":true,"href":"https:\/\/urban-clothingstore.com\/en\/wp-json\/wp\/v2\/product_cat?post=19745"},{"taxonomy":"product_tag","embeddable":true,"href":"https:\/\/urban-clothingstore.com\/en\/wp-json\/wp\/v2\/product_tag?post=19745"}],"curies":[{"name":"wp","href":"https:\/\/api.w.org\/{rel}","templated":true}]}}