{"id":19754,"date":"2026-05-08T12:56:19","date_gmt":"2026-05-08T12:56:19","guid":{"rendered":"https:\/\/urban-clothingstore.com\/?post_type=product&#038;p=19754"},"modified":"2026-05-08T12:56:20","modified_gmt":"2026-05-08T12:56:20","slug":"kostum-premium-3-pjesesh-olive-green-modern-italian-elegance","status":"publish","type":"product","link":"https:\/\/urban-clothingstore.com\/en\/product\/kostum-premium-3-pjesesh-olive-green-modern-italian-elegance\/","title":{"rendered":"Kostum Premium 3-Pjes\u00ebsh Olive Green \u2013 Modern Italian Elegance"},"content":{"rendered":"<div class=\"relative basis-auto flex-col -mb-(--composer-overlap-px) pb-(--composer-overlap-px) [--composer-overlap-px:28px] grow flex\">\n<div class=\"flex flex-col text-sm\">\n<div class=\"\" data-turn-id-container=\"request-WEB:a2915a34-5d65-43a3-8f44-677fea8a430c-4\" data-is-intersecting=\"true\">\n<section class=\"text-token-text-primary w-full focus:outline-none [--shadow-height:45px] has-data-writing-block:pointer-events-none has-data-writing-block:-mt-(--shadow-height) has-data-writing-block:pt-(--shadow-height) [&amp;:has([data-writing-block])&gt;*]:pointer-events-auto R6Vx5W_threadScrollVars scroll-mb-[calc(var(--scroll-root-safe-area-inset-bottom,0px)+var(--thread-response-height))] scroll-mt-[calc(var(--header-height)+min(200px,max(70px,20svh)))]\" dir=\"auto\" data-turn-id=\"request-WEB:a2915a34-5d65-43a3-8f44-677fea8a430c-4\" data-testid=\"conversation-turn-10\" data-scroll-anchor=\"false\" data-turn=\"assistant\">\n<div class=\"text-base my-auto mx-auto pb-10 [--thread-content-margin:var(--thread-content-margin-xs,calc(var(--spacing)*4))] @w-sm\/main:[--thread-content-margin:var(--thread-content-margin-sm,calc(var(--spacing)*6))] @w-lg\/main:[--thread-content-margin:var(--thread-content-margin-lg,calc(var(--spacing)*16))] px-(--thread-content-margin)\">\n<div class=\"[--thread-content-max-width:40rem] @w-lg\/main:[--thread-content-max-width:48rem] mx-auto max-w-(--thread-content-max-width) flex-1 group\/turn-messages focus-visible:outline-hidden relative flex w-full min-w-0 flex-col agent-turn\">\n<div class=\"flex max-w-full flex-col gap-4 grow\">\n<div class=\"min-h-8 text-message relative flex w-full flex-col items-end gap-2 text-start break-words whitespace-normal outline-none keyboard-focused:focus-ring [.text-message+&amp;]:mt-1\" dir=\"auto\" tabindex=\"0\" data-message-author-role=\"assistant\" data-message-id=\"2053fd6c-cccf-427d-a78e-0088e2d716d8\" data-message-model-slug=\"gpt-5-5-thinking\" data-turn-start-message=\"true\">\n<div class=\"flex w-full flex-col gap-1 empty:hidden\">\n<div class=\"markdown prose dark:prose-invert wrap-break-word w-full dark markdown-new-styling\">\n<p data-start=\"83\" data-end=\"410\">Ky kostum premium 3-pjes\u00ebsh n\u00eb ngjyr\u00eb <strong data-start=\"139\" data-end=\"154\">olive green<\/strong> \u00ebsht\u00eb nj\u00eb zgjedhje shum\u00eb moderne, elegante dhe e ve\u00e7ant\u00eb p\u00ebr meshkujt q\u00eb duan t\u00eb dallohen me stil unik dhe paraqitje premium. I kompletuar me <strong data-start=\"297\" data-end=\"343\">sako, jelek double-breasted dhe pantallona<\/strong>, ky kostum krijon nj\u00eb pamje t\u00eb rafinuar, luksoze dhe shum\u00eb trendi.<\/p>\n<p data-start=\"412\" data-end=\"842\">Ngjyra olive green i jep kostumit nj\u00eb karakter t\u00eb fort\u00eb, modern dhe mashkullor, duke e b\u00ebr\u00eb perfekt p\u00ebr ata q\u00eb k\u00ebrkojn\u00eb di\u00e7ka ndryshe nga ngjyrat klasike si e zeza, gri apo navy blue. Sakoja me prerje elegante thekson bukur linjat e trupit, nd\u00ebrsa jeleku me kopsa t\u00eb dyfishta i jep outfit-it pamje m\u00eb t\u00eb pasur dhe m\u00eb ceremoniale. Pantallonat me prerje t\u00eb past\u00ebr e kompletojn\u00eb kostumin me nj\u00eb siluet\u00eb t\u00eb rregullt dhe shum\u00eb moderne.<\/p>\n<p data-start=\"844\" data-end=\"1173\">Ky model kombinohet shum\u00eb bukur me k\u00ebmish\u00eb t\u00eb bardh\u00eb dhe atlete t\u00eb bardha p\u00ebr nj\u00eb stil <strong data-start=\"931\" data-end=\"955\">smart casual premium<\/strong>, por mund t\u00eb vishet edhe me k\u00ebpuc\u00eb elegante p\u00ebr nj\u00eb pamje m\u00eb formale. \u00cbsht\u00eb ideal p\u00ebr dasma, fejesa, mbr\u00ebmje elegante, evente speciale, darka luksoze dhe raste ku d\u00ebshironi t\u00eb keni nj\u00eb prezenc\u00eb me klas dhe shum\u00eb stil.<\/p>\n<p data-start=\"1175\" data-end=\"1243\">Mund ta porosisni online dhe ta blini direkt p\u00ebrmes website-it ton\u00eb.<\/p>\n<p data-start=\"1245\" data-end=\"1264\"><strong data-start=\"1245\" data-end=\"1262\">Key Features:<\/strong><\/p>\n<ul data-start=\"1265\" data-end=\"1798\" data-is-last-node=\"\" data-is-only-node=\"\">\n<li data-section-id=\"195xh9g\" data-start=\"1265\" data-end=\"1321\">Kostum premium 3-pjes\u00ebsh: sako, jelek dhe pantallona<\/li>\n<li data-section-id=\"1mh6jdz\" data-start=\"1322\" data-end=\"1371\">Ngjyr\u00eb olive green elegante dhe shum\u00eb moderne<\/li>\n<li data-section-id=\"12kfy97\" data-start=\"1372\" data-end=\"1415\">Jelek double-breasted me kopsa kontrast<\/li>\n<li data-section-id=\"1aoj9as\" data-start=\"1416\" data-end=\"1450\">Prerje moderne me stil Italian<\/li>\n<li data-section-id=\"f2xugv\" data-start=\"1451\" data-end=\"1495\">Pamje luksoze, mashkullore dhe e ve\u00e7ant\u00eb<\/li>\n<li data-section-id=\"ltukne\" data-start=\"1496\" data-end=\"1552\">I p\u00ebrshtatsh\u00ebm p\u00ebr dasma, fejesa dhe evente speciale<\/li>\n<li data-section-id=\"rnvys4\" data-start=\"1553\" data-end=\"1600\">Kombinohet shum\u00eb bukur me k\u00ebmish\u00eb t\u00eb bardh\u00eb<\/li>\n<li data-section-id=\"17cz6cw\" data-start=\"1601\" data-end=\"1681\">Mund t\u00eb vishet me atlete p\u00ebr look modern ose k\u00ebpuc\u00eb elegante p\u00ebr look formal<\/li>\n<li data-section-id=\"1720llj\" data-start=\"1682\" data-end=\"1736\">Ideal p\u00ebr sezonin pranver\u00eb\/ver\u00eb dhe evente premium<\/li>\n<li data-section-id=\"12ookdw\" data-start=\"1737\" data-end=\"1798\" data-is-last-node=\"\">Produkt i disponuesh\u00ebm p\u00ebr porosi online n\u00eb website-in ton\u00eb<\/li>\n<\/ul>\n<\/div>\n<\/div>\n<\/div>\n<\/div>\n<\/div>\n<\/div>\n<\/section>\n<\/div>\n<\/div>\n<\/div>","protected":false},"excerpt":{"rendered":"<p>Ky kostum premium 3-pjes\u00ebsh n\u00eb ngjyr\u00eb olive green \u00ebsht\u00eb nj\u00eb zgjedhje shum\u00eb moderne, elegante dhe e ve\u00e7ant\u00eb p\u00ebr meshkujt q\u00eb duan t\u00eb dallohen me stil unik dhe paraqitje premium. I kompletuar me sako, jelek double-breasted dhe pantallona, ky kostum krijon nj\u00eb pamje t\u00eb rafinuar, luksoze dhe shum\u00eb trendi. Ngjyra olive green i jep kostumit nj\u00eb [&hellip;]<\/p>","protected":false},"featured_media":19755,"comment_status":"open","ping_status":"closed","template":"","meta":[],"product_brand":[],"product_cat":[108],"product_tag":[1122,1123],"class_list":{"0":"post-19754","1":"product","2":"type-product","3":"status-publish","4":"has-post-thumbnail","6":"product_cat-suit","7":"product_tag-kostum-premium-3-pjesesh-olive-green-modern-italian-elegance","8":"product_tag-mund-te-vishet-me-atlete-per-look-modern-ose-kepuce-elegante-per-look-formal-ideal-per-sezonin-pranvere-vere-dhe-evente-premium-produkt-i-disponueshem-per-porosi-online-ne-website-in-tone","10":"first","11":"instock","12":"taxable","13":"shipping-taxable","14":"purchasable","15":"product-type-variable"},"jetpack_sharing_enabled":true,"_links":{"self":[{"href":"https:\/\/urban-clothingstore.com\/en\/wp-json\/wp\/v2\/product\/19754","targetHints":{"allow":["GET"]}}],"collection":[{"href":"https:\/\/urban-clothingstore.com\/en\/wp-json\/wp\/v2\/product"}],"about":[{"href":"https:\/\/urban-clothingstore.com\/en\/wp-json\/wp\/v2\/types\/product"}],"replies":[{"embeddable":true,"href":"https:\/\/urban-clothingstore.com\/en\/wp-json\/wp\/v2\/comments?post=19754"}],"wp:featuredmedia":[{"embeddable":true,"href":"https:\/\/urban-clothingstore.com\/en\/wp-json\/wp\/v2\/media\/19755"}],"wp:attachment":[{"href":"https:\/\/urban-clothingstore.com\/en\/wp-json\/wp\/v2\/media?parent=19754"}],"wp:term":[{"taxonomy":"product_brand","embeddable":true,"href":"https:\/\/urban-clothingstore.com\/en\/wp-json\/wp\/v2\/product_brand?post=19754"},{"taxonomy":"product_cat","embeddable":true,"href":"https:\/\/urban-clothingstore.com\/en\/wp-json\/wp\/v2\/product_cat?post=19754"},{"taxonomy":"product_tag","embeddable":true,"href":"https:\/\/urban-clothingstore.com\/en\/wp-json\/wp\/v2\/product_tag?post=19754"}],"curies":[{"name":"wp","href":"https:\/\/api.w.org\/{rel}","templated":true}]}}