{"id":19764,"date":"2026-05-08T14:09:21","date_gmt":"2026-05-08T14:09:21","guid":{"rendered":"https:\/\/urban-clothingstore.com\/?post_type=product&#038;p=19764"},"modified":"2026-05-08T14:09:22","modified_gmt":"2026-05-08T14:09:22","slug":"pantallona-premium-slim-fit-summer-elegant-collection","status":"publish","type":"product","link":"https:\/\/urban-clothingstore.com\/en\/product\/pantallona-premium-slim-fit-summer-elegant-collection\/","title":{"rendered":"Pantallona Premium Slim Fit \u2013 Summer Elegant Collection"},"content":{"rendered":"<div class=\"\" data-turn-id-container=\"request-WEB:a2915a34-5d65-43a3-8f44-677fea8a430c-5\" data-is-intersecting=\"true\">\n<section class=\"text-token-text-primary w-full focus:outline-none [--shadow-height:45px] has-data-writing-block:pointer-events-none has-data-writing-block:-mt-(--shadow-height) has-data-writing-block:pt-(--shadow-height) [&amp;:has([data-writing-block])&gt;*]:pointer-events-auto R6Vx5W_threadScrollVars scroll-mb-[calc(var(--scroll-root-safe-area-inset-bottom,0px)+var(--thread-response-height))] scroll-mt-[calc(var(--header-height)+min(200px,max(70px,20svh)))]\" dir=\"auto\" data-turn-id=\"request-WEB:a2915a34-5d65-43a3-8f44-677fea8a430c-5\" data-testid=\"conversation-turn-12\" data-scroll-anchor=\"false\" data-turn=\"assistant\">\n<div class=\"text-base my-auto mx-auto pb-10 [--thread-content-margin:var(--thread-content-margin-xs,calc(var(--spacing)*4))] @w-sm\/main:[--thread-content-margin:var(--thread-content-margin-sm,calc(var(--spacing)*6))] @w-lg\/main:[--thread-content-margin:var(--thread-content-margin-lg,calc(var(--spacing)*16))] px-(--thread-content-margin)\">\n<div class=\"[--thread-content-max-width:40rem] @w-lg\/main:[--thread-content-max-width:48rem] mx-auto max-w-(--thread-content-max-width) flex-1 group\/turn-messages focus-visible:outline-hidden relative flex w-full min-w-0 flex-col agent-turn\">\n<div class=\"flex max-w-full flex-col gap-4 grow\">\n<div class=\"min-h-8 text-message relative flex w-full flex-col items-end gap-2 text-start break-words whitespace-normal outline-none keyboard-focused:focus-ring [.text-message+&amp;]:mt-1\" dir=\"auto\" tabindex=\"0\" data-message-author-role=\"assistant\" data-message-id=\"c799647f-d67e-4797-9f4b-7efded0afa5c\" data-message-model-slug=\"gpt-5-5-thinking\" data-turn-start-message=\"true\">\n<div class=\"flex w-full flex-col gap-1 empty:hidden\">\n<div class=\"markdown prose dark:prose-invert wrap-break-word w-full dark markdown-new-styling\">\n<p data-start=\"76\" data-end=\"407\">K\u00ebto pantallona premium slim fit jan\u00eb zgjedhja perfekte p\u00ebr meshkujt q\u00eb k\u00ebrkojn\u00eb stil modern, eleganc\u00eb dhe rehati n\u00eb t\u00eb nj\u00ebjt\u00ebn koh\u00eb. Me prerje t\u00eb past\u00ebr dhe form\u00eb t\u00eb rregullt, ky model i jep trupit nj\u00eb pamje elegante dhe t\u00eb kuruar, duke qen\u00eb ideal p\u00ebr kombinime verore, smart casual dhe outfit-e m\u00eb t\u00eb rafinuara.<\/p>\n<p data-start=\"409\" data-end=\"704\">Materiali duket i leht\u00eb dhe komod p\u00ebr veshje ditore, nd\u00ebrsa dizajni me bel klasik, xhepa an\u00ebsor\u00eb dhe vij\u00eb t\u00eb past\u00ebr p\u00ebrpara i jep pantallonave nj\u00eb pamje shum\u00eb moderne. Mund t\u00eb kombinohen leht\u00eb me k\u00ebmish\u00eb t\u00eb bardh\u00eb, polo, maic\u00eb premium ose sako verore, var\u00ebsisht nga rasti dhe stili q\u00eb d\u00ebshironi.<\/p>\n<p data-start=\"706\" data-end=\"956\">Ngjyra <strong data-start=\"713\" data-end=\"727\">bezh\u00eb\/ecru<\/strong> \u00ebsht\u00eb shum\u00eb elegante dhe e leht\u00eb p\u00ebr kombinim, perfekte p\u00ebr nj\u00eb look t\u00eb past\u00ebr dhe premium. Nd\u00ebrsa ngjyra <strong data-start=\"834\" data-end=\"848\">coral pink<\/strong> sjell nj\u00eb stil m\u00eb t\u00eb fresk\u00ebt, veror dhe trendi, ideale p\u00ebr ata q\u00eb duan t\u00eb dallohen me nj\u00eb kombinim m\u00eb unik.<\/p>\n<p data-start=\"958\" data-end=\"1028\">Mund t\u2019i porosisni online dhe t\u2019i blini direkt p\u00ebrmes website-it ton\u00eb.<\/p>\n<p data-start=\"1030\" data-end=\"1049\"><strong data-start=\"1030\" data-end=\"1047\">Key Features:<\/strong><\/p>\n<ul data-start=\"1050\" data-end=\"1475\" data-is-last-node=\"\" data-is-only-node=\"\">\n<li data-section-id=\"1d0036h\" data-start=\"1050\" data-end=\"1081\">Pantallona premium slim fit<\/li>\n<li data-section-id=\"1pl8xjo\" data-start=\"1082\" data-end=\"1113\">Prerje moderne dhe elegante<\/li>\n<li data-section-id=\"smw7nv\" data-start=\"1114\" data-end=\"1156\">Model i p\u00ebrshtatsh\u00ebm p\u00ebr pranver\u00eb\/ver\u00eb<\/li>\n<li data-section-id=\"u6puo0\" data-start=\"1157\" data-end=\"1189\">Bel klasik me kops\u00eb dhe rrip<\/li>\n<li data-section-id=\"pv78uw\" data-start=\"1190\" data-end=\"1216\">Xhepa an\u00ebsor\u00eb praktik\u00eb<\/li>\n<li data-section-id=\"1rlqm1c\" data-start=\"1217\" data-end=\"1263\">Kombinohen bukur me k\u00ebmish\u00eb, polo ose sako<\/li>\n<li data-section-id=\"1xtrb1m\" data-start=\"1264\" data-end=\"1308\">Ideale p\u00ebr stil smart casual dhe elegant<\/li>\n<li data-section-id=\"fskorn\" data-start=\"1309\" data-end=\"1371\">T\u00eb p\u00ebrshtatshme p\u00ebr dalje, evente, darka dhe veshje ditore<\/li>\n<li data-section-id=\"4ypmk\" data-start=\"1372\" data-end=\"1420\">Ngjyra t\u00eb ve\u00e7anta: bezh\u00eb\/ecru dhe coral pink<\/li>\n<li data-section-id=\"m9oktr\" data-start=\"1421\" data-end=\"1475\" data-is-last-node=\"\">T\u00eb disponueshme p\u00ebr porosi online n\u00eb website-in ton\u00eb<\/li>\n<\/ul>\n<\/div>\n<\/div>\n<\/div>\n<\/div>\n<\/div>\n<\/div>\n<\/section>\n<\/div>","protected":false},"excerpt":{"rendered":"<p>K\u00ebto pantallona premium slim fit jan\u00eb zgjedhja perfekte p\u00ebr meshkujt q\u00eb k\u00ebrkojn\u00eb stil modern, eleganc\u00eb dhe rehati n\u00eb t\u00eb nj\u00ebjt\u00ebn koh\u00eb. Me prerje t\u00eb past\u00ebr dhe form\u00eb t\u00eb rregullt, ky model i jep trupit nj\u00eb pamje elegante dhe t\u00eb kuruar, duke qen\u00eb ideal p\u00ebr kombinime verore, smart casual dhe outfit-e m\u00eb t\u00eb rafinuara. Materiali duket [&hellip;]<\/p>","protected":false},"featured_media":19775,"comment_status":"open","ping_status":"closed","template":"","meta":[],"product_brand":[],"product_cat":[58],"product_tag":[],"class_list":{"0":"post-19764","1":"product","2":"type-product","3":"status-publish","4":"has-post-thumbnail","6":"product_cat-pants","8":"first","9":"instock","10":"sale","11":"taxable","12":"shipping-taxable","13":"purchasable","14":"product-type-variable"},"jetpack_sharing_enabled":true,"_links":{"self":[{"href":"https:\/\/urban-clothingstore.com\/en\/wp-json\/wp\/v2\/product\/19764","targetHints":{"allow":["GET"]}}],"collection":[{"href":"https:\/\/urban-clothingstore.com\/en\/wp-json\/wp\/v2\/product"}],"about":[{"href":"https:\/\/urban-clothingstore.com\/en\/wp-json\/wp\/v2\/types\/product"}],"replies":[{"embeddable":true,"href":"https:\/\/urban-clothingstore.com\/en\/wp-json\/wp\/v2\/comments?post=19764"}],"wp:featuredmedia":[{"embeddable":true,"href":"https:\/\/urban-clothingstore.com\/en\/wp-json\/wp\/v2\/media\/19775"}],"wp:attachment":[{"href":"https:\/\/urban-clothingstore.com\/en\/wp-json\/wp\/v2\/media?parent=19764"}],"wp:term":[{"taxonomy":"product_brand","embeddable":true,"href":"https:\/\/urban-clothingstore.com\/en\/wp-json\/wp\/v2\/product_brand?post=19764"},{"taxonomy":"product_cat","embeddable":true,"href":"https:\/\/urban-clothingstore.com\/en\/wp-json\/wp\/v2\/product_cat?post=19764"},{"taxonomy":"product_tag","embeddable":true,"href":"https:\/\/urban-clothingstore.com\/en\/wp-json\/wp\/v2\/product_tag?post=19764"}],"curies":[{"name":"wp","href":"https:\/\/api.w.org\/{rel}","templated":true}]}}