{"id":1979,"date":"2025-04-08T12:16:10","date_gmt":"2025-04-08T12:16:10","guid":{"rendered":"https:\/\/urban-clothingstore.com\/?post_type=product&#038;p=1979"},"modified":"2025-08-19T12:24:56","modified_gmt":"2025-08-19T12:24:56","slug":"mens-slim-fit-dress-shirt","status":"publish","type":"product","link":"https:\/\/urban-clothingstore.com\/en\/product\/mens-slim-fit-dress-shirt\/","title":{"rendered":"K\u00ebmish\u00eb Slim-fit e Zez\u00eb p\u00ebr Meshkuj"},"content":{"rendered":"<p class=\"\" data-start=\"110\" data-end=\"482\"><span class=\"jCAhz ChMk0b\"><span class=\"ryNqvb\">P\u00ebrmir\u00ebsoni gard\u00ebrob\u00ebn tuaj me k\u00ebt\u00eb k\u00ebmish\u00eb elegante klasike t\u00eb zez\u00eb, t\u00eb p\u00ebrshtatur p\u00ebr nj\u00eb prerje moderne dhe t\u00eb ngusht\u00eb.<\/span><\/span> <span class=\"jCAhz ChMk0b\"><span class=\"ryNqvb\">E punuar me nj\u00eb p\u00ebrzierje pambuku cil\u00ebsor, kjo k\u00ebmish\u00eb ka nj\u00eb jak\u00eb klasike t\u00eb hapur, m\u00ebng\u00eb t\u00eb gjata dhe nj\u00eb pjes\u00eb t\u00eb p\u00ebrparme t\u00eb l\u00ebmuar me kopsa.<\/span><\/span> <span class=\"jCAhz ChMk0b\"><span class=\"ryNqvb\">P\u00eblhura e saj e but\u00eb dhe e ajrosur siguron rehati gjat\u00eb gjith\u00eb dit\u00ebs, duke ruajtur nj\u00eb pamje elegante p\u00ebr \u00e7do rast &#8211; pavar\u00ebsisht n\u00ebse po shkoni n\u00eb zyr\u00eb, n\u00eb nj\u00eb takim apo n\u00eb nj\u00eb mbr\u00ebmje.<\/span><\/span> <span class=\"jCAhz ChMk0b\"><span class=\"ryNqvb\">Kombinojeni me pantallona ose xhinse p\u00ebr nj\u00eb stil t\u00eb rafinuar, por edhe t\u00eb gjithansh\u00ebm.<\/span><\/span><\/p>","protected":false},"excerpt":{"rendered":"<p>P\u00ebrmir\u00ebsoni gard\u00ebrob\u00ebn tuaj me k\u00ebt\u00eb k\u00ebmish\u00eb elegante klasike t\u00eb zez\u00eb, t\u00eb p\u00ebrshtatur p\u00ebr nj\u00eb prerje moderne dhe t\u00eb ngusht\u00eb. E punuar me nj\u00eb p\u00ebrzierje pambuku cil\u00ebsor, kjo k\u00ebmish\u00eb ka nj\u00eb jak\u00eb klasike t\u00eb hapur, m\u00ebng\u00eb t\u00eb gjata dhe nj\u00eb pjes\u00eb t\u00eb p\u00ebrparme t\u00eb l\u00ebmuar me kopsa. P\u00eblhura e saj e but\u00eb dhe e ajrosur siguron [&hellip;]<\/p>","protected":false},"featured_media":1980,"comment_status":"open","ping_status":"closed","template":"","meta":[],"product_brand":[],"product_cat":[61],"product_tag":[30,55,63,62,29],"class_list":{"0":"post-1979","1":"product","2":"type-product","3":"status-publish","4":"has-post-thumbnail","6":"product_cat-shirt","7":"product_tag-black","8":"product_tag-darkblue","9":"product_tag-darkgrey","10":"product_tag-shirt","11":"product_tag-white","13":"first","14":"instock","15":"taxable","16":"shipping-taxable","17":"purchasable","18":"product-type-variable","19":"has-default-attributes"},"jetpack_sharing_enabled":true,"_links":{"self":[{"href":"https:\/\/urban-clothingstore.com\/en\/wp-json\/wp\/v2\/product\/1979","targetHints":{"allow":["GET"]}}],"collection":[{"href":"https:\/\/urban-clothingstore.com\/en\/wp-json\/wp\/v2\/product"}],"about":[{"href":"https:\/\/urban-clothingstore.com\/en\/wp-json\/wp\/v2\/types\/product"}],"replies":[{"embeddable":true,"href":"https:\/\/urban-clothingstore.com\/en\/wp-json\/wp\/v2\/comments?post=1979"}],"wp:featuredmedia":[{"embeddable":true,"href":"https:\/\/urban-clothingstore.com\/en\/wp-json\/wp\/v2\/media\/1980"}],"wp:attachment":[{"href":"https:\/\/urban-clothingstore.com\/en\/wp-json\/wp\/v2\/media?parent=1979"}],"wp:term":[{"taxonomy":"product_brand","embeddable":true,"href":"https:\/\/urban-clothingstore.com\/en\/wp-json\/wp\/v2\/product_brand?post=1979"},{"taxonomy":"product_cat","embeddable":true,"href":"https:\/\/urban-clothingstore.com\/en\/wp-json\/wp\/v2\/product_cat?post=1979"},{"taxonomy":"product_tag","embeddable":true,"href":"https:\/\/urban-clothingstore.com\/en\/wp-json\/wp\/v2\/product_tag?post=1979"}],"curies":[{"name":"wp","href":"https:\/\/api.w.org\/{rel}","templated":true}]}}