{"id":19973,"date":"2026-05-12T13:56:24","date_gmt":"2026-05-12T13:56:24","guid":{"rendered":"https:\/\/urban-clothingstore.com\/?post_type=product&#038;p=19973"},"modified":"2026-05-12T13:56:24","modified_gmt":"2026-05-12T13:56:24","slug":"polo-zip-premium-me-teksture-vertikale","status":"publish","type":"product","link":"https:\/\/urban-clothingstore.com\/en\/product\/polo-zip-premium-me-teksture-vertikale\/","title":{"rendered":"Polo Zip Premium me Tekstur\u00eb Vertikale"},"content":{"rendered":"<div class=\"qMYqUG_convSearchResultHighlightRoot\">\n<div class=\"\" data-turn-id-container=\"request-WEB:ee7bd9ed-6fe6-4703-b34a-93a38f4fd14d-0\" data-is-intersecting=\"true\">\n<div class=\"relative w-full overflow-visible\">\n<section class=\"text-token-text-primary w-full focus:outline-none [--shadow-height:45px] has-data-writing-block:pointer-events-none has-data-writing-block:-mt-(--shadow-height) has-data-writing-block:pt-(--shadow-height) [&amp;:has([data-writing-block])&gt;*]:pointer-events-auto R6Vx5W_threadScrollVars scroll-mb-[calc(var(--scroll-root-safe-area-inset-bottom,0px)+var(--thread-response-height))] scroll-mt-[calc(var(--header-height)+min(200px,max(70px,20svh)))]\" dir=\"auto\" data-turn-id=\"request-WEB:ee7bd9ed-6fe6-4703-b34a-93a38f4fd14d-0\" data-turn-id-container=\"request-WEB:ee7bd9ed-6fe6-4703-b34a-93a38f4fd14d-0\" data-testid=\"conversation-turn-2\" data-scroll-anchor=\"false\" data-turn=\"assistant\">\n<div class=\"text-base my-auto mx-auto pb-10 [--thread-content-margin:var(--thread-content-margin-xs,calc(var(--spacing)*4))] @w-sm\/main:[--thread-content-margin:var(--thread-content-margin-sm,calc(var(--spacing)*6))] @w-lg\/main:[--thread-content-margin:var(--thread-content-margin-lg,calc(var(--spacing)*16))] px-(--thread-content-margin)\">\n<div class=\"[--thread-content-max-width:40rem] @w-lg\/main:[--thread-content-max-width:48rem] mx-auto max-w-(--thread-content-max-width) flex-1 group\/turn-messages focus-visible:outline-hidden relative flex w-full min-w-0 flex-col agent-turn\">\n<div class=\"flex max-w-full flex-col gap-4 grow\">\n<div class=\"min-h-8 text-message relative flex w-full flex-col items-end gap-2 text-start break-words whitespace-normal outline-none keyboard-focused:focus-ring [.text-message+&amp;]:mt-1\" dir=\"auto\" tabindex=\"0\" data-message-author-role=\"assistant\" data-message-id=\"749d880a-d084-40c1-8a41-c921c070e855\" data-message-model-slug=\"gpt-5-5-thinking\" data-turn-start-message=\"true\">\n<div class=\"flex w-full flex-col gap-1 empty:hidden\">\n<div class=\"markdown prose dark:prose-invert wrap-break-word w-full dark markdown-new-styling\">\n<p data-start=\"55\" data-end=\"297\">Polo premium me zip, e dizajnuar me tekstur\u00eb vertikale elegante dhe jak\u00eb klasike p\u00ebr nj\u00eb pamje moderne e t\u00eb past\u00ebr. Materiali i but\u00eb dhe prerja komode e b\u00ebjn\u00eb ideale p\u00ebr kombinime casual, elegante dhe p\u00ebr stil t\u00eb p\u00ebrditsh\u00ebm.<\/p>\n<p data-start=\"299\" data-end=\"418\">Detaji me zip n\u00eb pjes\u00ebn e p\u00ebrparme i jep karakter modern, nd\u00ebrsa fundi dhe m\u00ebng\u00ebt me rib e mbajn\u00eb form\u00ebn bukur n\u00eb trup.<\/p>\n<p data-start=\"420\" data-end=\"601\" data-is-last-node=\"\" data-is-only-node=\"\"><strong data-start=\"420\" data-end=\"437\">Key Features:<\/strong><br data-start=\"437\" data-end=\"440\" \/>\u2022 Tekstur\u00eb vertikale premium<br data-start=\"468\" data-end=\"471\" \/>\u2022 Jak\u00eb klasike me zip<br data-start=\"492\" data-end=\"495\" \/>\u2022 Prerje komode dhe moderne<br data-start=\"522\" data-end=\"525\" \/>\u2022 Material i but\u00eb dhe elegant<br data-start=\"554\" data-end=\"557\" \/>\u2022 Ideale p\u00ebr kombinime casual &amp; smart casual<\/p>\n<\/div>\n<\/div>\n<\/div>\n<\/div>\n<div class=\"z-0 flex min-h-[46px] justify-start\"><\/div>\n<div class=\"mt-3 w-full empty:hidden\">\n<div class=\"text-center\"><\/div>\n<\/div>\n<\/div>\n<\/div>\n<\/section>\n<div class=\"contents\"><\/div>\n<\/div>\n<\/div>\n<\/div>\n<div class=\"pointer-events-none -mt-px h-px translate-y-[calc(var(--scroll-root-safe-area-inset-bottom)-14*var(--spacing))]\" aria-hidden=\"true\"><\/div>","protected":false},"excerpt":{"rendered":"<p>Polo premium me zip, e dizajnuar me tekstur\u00eb vertikale elegante dhe jak\u00eb klasike p\u00ebr nj\u00eb pamje moderne e t\u00eb past\u00ebr. Materiali i but\u00eb dhe prerja komode e b\u00ebjn\u00eb ideale p\u00ebr kombinime casual, elegante dhe p\u00ebr stil t\u00eb p\u00ebrditsh\u00ebm. Detaji me zip n\u00eb pjes\u00ebn e p\u00ebrparme i jep karakter modern, nd\u00ebrsa fundi dhe m\u00ebng\u00ebt me rib [&hellip;]<\/p>","protected":false},"featured_media":19975,"comment_status":"open","ping_status":"closed","template":"","meta":[],"product_brand":[],"product_cat":[704],"product_tag":[335,313,668,679,57],"class_list":{"0":"post-19973","1":"product","2":"type-product","3":"status-publish","4":"has-post-thumbnail","6":"product_cat-premium-slim-fit-t-shirt","7":"product_tag-elegante","8":"product_tag-maice","9":"product_tag-per-meshkuj","10":"product_tag-premium","11":"product_tag-slimfit","13":"first","14":"instock","15":"taxable","16":"shipping-taxable","17":"purchasable","18":"product-type-variable"},"jetpack_sharing_enabled":true,"_links":{"self":[{"href":"https:\/\/urban-clothingstore.com\/en\/wp-json\/wp\/v2\/product\/19973","targetHints":{"allow":["GET"]}}],"collection":[{"href":"https:\/\/urban-clothingstore.com\/en\/wp-json\/wp\/v2\/product"}],"about":[{"href":"https:\/\/urban-clothingstore.com\/en\/wp-json\/wp\/v2\/types\/product"}],"replies":[{"embeddable":true,"href":"https:\/\/urban-clothingstore.com\/en\/wp-json\/wp\/v2\/comments?post=19973"}],"wp:featuredmedia":[{"embeddable":true,"href":"https:\/\/urban-clothingstore.com\/en\/wp-json\/wp\/v2\/media\/19975"}],"wp:attachment":[{"href":"https:\/\/urban-clothingstore.com\/en\/wp-json\/wp\/v2\/media?parent=19973"}],"wp:term":[{"taxonomy":"product_brand","embeddable":true,"href":"https:\/\/urban-clothingstore.com\/en\/wp-json\/wp\/v2\/product_brand?post=19973"},{"taxonomy":"product_cat","embeddable":true,"href":"https:\/\/urban-clothingstore.com\/en\/wp-json\/wp\/v2\/product_cat?post=19973"},{"taxonomy":"product_tag","embeddable":true,"href":"https:\/\/urban-clothingstore.com\/en\/wp-json\/wp\/v2\/product_tag?post=19973"}],"curies":[{"name":"wp","href":"https:\/\/api.w.org\/{rel}","templated":true}]}}