{"id":2159,"date":"2025-04-08T15:41:17","date_gmt":"2025-04-08T15:41:17","guid":{"rendered":"https:\/\/urban-clothingstore.com\/?post_type=product&#038;p=2159"},"modified":"2025-08-26T12:41:39","modified_gmt":"2025-08-26T12:41:39","slug":"urban-graphic-tee-with-oversized-shorts","status":"publish","type":"product","link":"https:\/\/urban-clothingstore.com\/en\/product\/urban-graphic-tee-with-oversized-shorts\/","title":{"rendered":"Maic\u00eb Urbane Grafike me Pantallona t\u00eb Shkurtra t\u00eb Gjera"},"content":{"rendered":"<p class=\"\" data-start=\"139\" data-end=\"538\"><span class=\"jCAhz\"><span class=\"ryNqvb\">Kjo veshje i p\u00ebrshtatet atmosfer\u00ebs s\u00eb veshjeve t\u00eb rrug\u00ebs jasht\u00eb orarit.<\/span><\/span> <span class=\"jCAhz ChMk0b\"><span class=\"ryNqvb\">Me nj\u00eb bluz\u00eb grafike t\u00eb vjet\u00ebruar me nj\u00eb fund t\u00eb zbeht\u00eb vintage, ajo kombinohet me pantallona t\u00eb shkurtra t\u00eb m\u00ebdha me nj\u00eb detaj minimalist.<\/span><\/span> <span class=\"jCAhz\"><span class=\"ryNqvb\">\u2014 Nj\u00eb kombinim urban i p\u00ebrjetsh\u00ebm.<\/span><\/span> <span class=\"jCAhz ChMk0b\"><span class=\"ryNqvb\">Shtoni nj\u00eb or\u00eb t\u00eb theksuar dhe tatuazhe t\u00eb dukshme p\u00ebr m\u00eb shum\u00eb stil dhe personalitet.<\/span><\/span><\/p>\n<p class=\"\" data-start=\"139\" data-end=\"538\"><span class=\"jCAhz ChMk0b\"><span class=\"ryNqvb\">Vibe: E rast\u00ebsishme, e guximshme, e leht\u00eb.<\/span><\/span> <span class=\"jCAhz ChMk0b\"><span class=\"ryNqvb\">Perfekte p\u00ebr sh\u00ebtitje n\u00eb fundjav\u00eb, vrapime n\u00eb parkun e patinazhit ose thjesht p\u00ebr t\u00eb shfaqur vet\u00ebbesimin e qet\u00eb.<\/span><\/span><\/p>","protected":false},"excerpt":{"rendered":"<p>Kjo veshje i p\u00ebrshtatet atmosfer\u00ebs s\u00eb veshjeve t\u00eb rrug\u00ebs jasht\u00eb orarit. Me nj\u00eb bluz\u00eb grafike t\u00eb vjet\u00ebruar me nj\u00eb fund t\u00eb zbeht\u00eb vintage, ajo kombinohet me pantallona t\u00eb shkurtra t\u00eb m\u00ebdha me nj\u00eb detaj minimalist. \u2014 Nj\u00eb kombinim urban i p\u00ebrjetsh\u00ebm. Shtoni nj\u00eb or\u00eb t\u00eb theksuar dhe tatuazhe t\u00eb dukshme p\u00ebr m\u00eb shum\u00eb stil dhe [&hellip;]<\/p>","protected":false},"featured_media":2169,"comment_status":"open","ping_status":"closed","template":"","meta":[],"product_brand":[],"product_cat":[69],"product_tag":[30,60,71,72,73,59,74,70,75,29],"class_list":{"0":"post-2159","1":"product","2":"type-product","3":"status-publish","4":"has-post-thumbnail","6":"product_cat-shorts","7":"product_tag-black","8":"product_tag-cream","9":"product_tag-darkgreen","10":"product_tag-greenstreet","11":"product_tag-lightgrey","12":"product_tag-navyblue","13":"product_tag-orange","14":"product_tag-shorts","15":"product_tag-violet","16":"product_tag-white","18":"first","19":"instock","20":"taxable","21":"shipping-taxable","22":"purchasable","23":"product-type-variable","24":"has-default-attributes"},"jetpack_sharing_enabled":true,"_links":{"self":[{"href":"https:\/\/urban-clothingstore.com\/en\/wp-json\/wp\/v2\/product\/2159","targetHints":{"allow":["GET"]}}],"collection":[{"href":"https:\/\/urban-clothingstore.com\/en\/wp-json\/wp\/v2\/product"}],"about":[{"href":"https:\/\/urban-clothingstore.com\/en\/wp-json\/wp\/v2\/types\/product"}],"replies":[{"embeddable":true,"href":"https:\/\/urban-clothingstore.com\/en\/wp-json\/wp\/v2\/comments?post=2159"}],"wp:featuredmedia":[{"embeddable":true,"href":"https:\/\/urban-clothingstore.com\/en\/wp-json\/wp\/v2\/media\/2169"}],"wp:attachment":[{"href":"https:\/\/urban-clothingstore.com\/en\/wp-json\/wp\/v2\/media?parent=2159"}],"wp:term":[{"taxonomy":"product_brand","embeddable":true,"href":"https:\/\/urban-clothingstore.com\/en\/wp-json\/wp\/v2\/product_brand?post=2159"},{"taxonomy":"product_cat","embeddable":true,"href":"https:\/\/urban-clothingstore.com\/en\/wp-json\/wp\/v2\/product_cat?post=2159"},{"taxonomy":"product_tag","embeddable":true,"href":"https:\/\/urban-clothingstore.com\/en\/wp-json\/wp\/v2\/product_tag?post=2159"}],"curies":[{"name":"wp","href":"https:\/\/api.w.org\/{rel}","templated":true}]}}