{"id":2694,"date":"2025-04-13T21:39:48","date_gmt":"2025-04-13T21:39:48","guid":{"rendered":"https:\/\/urban-clothingstore.com\/?post_type=product&#038;p=2694"},"modified":"2025-08-23T14:14:08","modified_gmt":"2025-08-23T14:14:08","slug":"mens-surf-break-matching-set-retro-athletic-shirt-shorts","status":"publish","type":"product","link":"https:\/\/urban-clothingstore.com\/en\/product\/mens-surf-break-matching-set-retro-athletic-shirt-shorts\/","title":{"rendered":"Set i P\u00ebrshtatsh\u00ebm \u201cSurf Break\u201d \u2013 Maic\u00eb dhe Pantallona t\u00eb Shkurtra Atletike Retro"},"content":{"rendered":"<p>Dilni n\u00eb rrug\u00eb ose n\u00eb sh\u00ebtitore me stil me k\u00ebt\u00eb set t\u00eb guximsh\u00ebm me dy pjes\u00eb &#8220;Surf Break&#8221;. I p\u00ebrb\u00ebr\u00eb nga nj\u00eb bluz\u00eb me m\u00ebng\u00eb t\u00eb shkurtra dhe kopsa, me panele blu kontrastuese, me vija dhe detaje t\u00eb q\u00ebndisura me tekst, ky set p\u00ebrzien atmosfer\u00ebn retro atletike me energjin\u00eb moderne t\u00eb veshjeve t\u00eb rrug\u00ebs. Pantallonat e shkurtra q\u00eb p\u00ebrputhen ofrojn\u00eb rehati dhe stil me vija t\u00eb koordinuara dhe nj\u00eb p\u00ebrshtatje t\u00eb relaksuar. I b\u00ebr\u00eb nga p\u00eblhur\u00eb e leht\u00eb dhe e ajrosshme q\u00eb ju mban t\u00eb fresk\u00ebt.<\/p>","protected":false},"excerpt":{"rendered":"<p>Dilni n\u00eb rrug\u00eb ose n\u00eb sh\u00ebtitore me stil me k\u00ebt\u00eb set t\u00eb guximsh\u00ebm me dy pjes\u00eb &#8220;Surf Break&#8221;. I p\u00ebrb\u00ebr\u00eb nga nj\u00eb bluz\u00eb me m\u00ebng\u00eb t\u00eb shkurtra dhe kopsa, me panele blu kontrastuese, me vija dhe detaje t\u00eb q\u00ebndisura me tekst, ky set p\u00ebrzien atmosfer\u00ebn retro atletike me energjin\u00eb moderne t\u00eb veshjeve t\u00eb rrug\u00ebs. Pantallonat [&hellip;]<\/p>","protected":false},"featured_media":2688,"comment_status":"open","ping_status":"closed","template":"","meta":[],"product_brand":[],"product_cat":[64],"product_tag":[237,66,238],"class_list":{"0":"post-2694","1":"product","2":"type-product","3":"status-publish","4":"has-post-thumbnail","6":"product_cat-set","7":"product_tag-blackblue","8":"product_tag-set","9":"product_tag-whiteblue","11":"first","12":"instock","13":"taxable","14":"shipping-taxable","15":"purchasable","16":"product-type-variable","17":"has-default-attributes"},"jetpack_sharing_enabled":true,"_links":{"self":[{"href":"https:\/\/urban-clothingstore.com\/en\/wp-json\/wp\/v2\/product\/2694","targetHints":{"allow":["GET"]}}],"collection":[{"href":"https:\/\/urban-clothingstore.com\/en\/wp-json\/wp\/v2\/product"}],"about":[{"href":"https:\/\/urban-clothingstore.com\/en\/wp-json\/wp\/v2\/types\/product"}],"replies":[{"embeddable":true,"href":"https:\/\/urban-clothingstore.com\/en\/wp-json\/wp\/v2\/comments?post=2694"}],"wp:featuredmedia":[{"embeddable":true,"href":"https:\/\/urban-clothingstore.com\/en\/wp-json\/wp\/v2\/media\/2688"}],"wp:attachment":[{"href":"https:\/\/urban-clothingstore.com\/en\/wp-json\/wp\/v2\/media?parent=2694"}],"wp:term":[{"taxonomy":"product_brand","embeddable":true,"href":"https:\/\/urban-clothingstore.com\/en\/wp-json\/wp\/v2\/product_brand?post=2694"},{"taxonomy":"product_cat","embeddable":true,"href":"https:\/\/urban-clothingstore.com\/en\/wp-json\/wp\/v2\/product_cat?post=2694"},{"taxonomy":"product_tag","embeddable":true,"href":"https:\/\/urban-clothingstore.com\/en\/wp-json\/wp\/v2\/product_tag?post=2694"}],"curies":[{"name":"wp","href":"https:\/\/api.w.org\/{rel}","templated":true}]}}