{"id":2704,"date":"2025-04-13T21:50:17","date_gmt":"2025-04-13T21:50:17","guid":{"rendered":"https:\/\/urban-clothingstore.com\/?post_type=product&#038;p=2704"},"modified":"2025-08-23T14:11:50","modified_gmt":"2025-08-23T14:11:50","slug":"mens-contrast-panel-polo-shorts-set-street-sport-edition","status":"publish","type":"product","link":"https:\/\/urban-clothingstore.com\/en\/product\/mens-contrast-panel-polo-shorts-set-street-sport-edition\/","title":{"rendered":"Set Polo dhe Pantallona t\u00eb Shkurtra me Kontrast \u2013 Edicioni Street Sport"},"content":{"rendered":"<p>P\u00ebrmir\u00ebsoni stilin tuaj t\u00eb p\u00ebrditsh\u00ebm me k\u00ebt\u00eb komplet t\u00eb guximsh\u00ebm me dy pjes\u00eb, t\u00eb frym\u00ebzuar nga atletika. Me nj\u00eb bluz\u00eb polo me m\u00ebng\u00eb t\u00eb shkurtra me jak\u00eb me zinxhir dhe panele me kontrast n\u00eb shpatulla, t\u00eb kombinuara me pantallona t\u00eb shkurtra me lidh\u00ebse, ky stil ofron kombinimin perfekt t\u00eb rehatis\u00eb dhe stilit t\u00eb veshjes s\u00eb rrug\u00ebs. I p\u00ebrfunduar me detaje minimaliste t\u00eb logos, \u00ebsht\u00eb krijuar p\u00ebr gjith\u00e7ka, nga veshjet rast\u00ebsore deri te vrapimet e fundjav\u00ebs.<\/p>\n<ul>\n<li>Set me 2 pjes\u00eb: P\u00ebrfshin bluz\u00eb polo me kontrast dhe pantallona t\u00eb shkurtra q\u00eb p\u00ebrputhen.<\/li>\n<li>Jak\u00eb polo: Nj\u00eb version modern i polos klasike p\u00ebr nj\u00eb pamje m\u00eb t\u00eb mir\u00eb n\u00eb stilin e rrug\u00ebs.<\/li>\n<li>Detajet e bardha t\u00eb shpatullave dhe jak\u00ebs bien n\u00eb sy.<\/li>\n<li>Mark\u00eb delikate n\u00eb gjoks dhe pantallona t\u00eb shkurtra p\u00ebr nj\u00eb pamje elegante.<\/li>\n<li>Pantallona t\u00eb shkurtra me lidh\u00ebse<\/li>\n<li>P\u00ebrzierje pambuku e but\u00eb: Material i leht\u00eb dhe i ajrosur p\u00ebr rehati gjat\u00eb gjith\u00eb dit\u00ebs.<\/li>\n<li>Veshje shum\u00ebfunksionale: Ideale p\u00ebr dalje t\u00eb rast\u00ebsishme, shkuarje n\u00eb palest\u00ebr ose fundjava t\u00eb qeta.<\/li>\n<\/ul>","protected":false},"excerpt":{"rendered":"<p>P\u00ebrmir\u00ebsoni stilin tuaj t\u00eb p\u00ebrditsh\u00ebm me k\u00ebt\u00eb komplet t\u00eb guximsh\u00ebm me dy pjes\u00eb, t\u00eb frym\u00ebzuar nga atletika. Me nj\u00eb bluz\u00eb polo me m\u00ebng\u00eb t\u00eb shkurtra me jak\u00eb me zinxhir dhe panele me kontrast n\u00eb shpatulla, t\u00eb kombinuara me pantallona t\u00eb shkurtra me lidh\u00ebse, ky stil ofron kombinimin perfekt t\u00eb rehatis\u00eb dhe stilit t\u00eb veshjes s\u00eb [&hellip;]<\/p>","protected":false},"featured_media":2705,"comment_status":"open","ping_status":"closed","template":"","meta":[],"product_brand":[],"product_cat":[64],"product_tag":[30,66,29],"class_list":{"0":"post-2704","1":"product","2":"type-product","3":"status-publish","4":"has-post-thumbnail","6":"product_cat-set","7":"product_tag-black","8":"product_tag-set","9":"product_tag-white","11":"first","12":"instock","13":"taxable","14":"shipping-taxable","15":"purchasable","16":"product-type-variable","17":"has-default-attributes"},"jetpack_sharing_enabled":true,"_links":{"self":[{"href":"https:\/\/urban-clothingstore.com\/en\/wp-json\/wp\/v2\/product\/2704","targetHints":{"allow":["GET"]}}],"collection":[{"href":"https:\/\/urban-clothingstore.com\/en\/wp-json\/wp\/v2\/product"}],"about":[{"href":"https:\/\/urban-clothingstore.com\/en\/wp-json\/wp\/v2\/types\/product"}],"replies":[{"embeddable":true,"href":"https:\/\/urban-clothingstore.com\/en\/wp-json\/wp\/v2\/comments?post=2704"}],"wp:featuredmedia":[{"embeddable":true,"href":"https:\/\/urban-clothingstore.com\/en\/wp-json\/wp\/v2\/media\/2705"}],"wp:attachment":[{"href":"https:\/\/urban-clothingstore.com\/en\/wp-json\/wp\/v2\/media?parent=2704"}],"wp:term":[{"taxonomy":"product_brand","embeddable":true,"href":"https:\/\/urban-clothingstore.com\/en\/wp-json\/wp\/v2\/product_brand?post=2704"},{"taxonomy":"product_cat","embeddable":true,"href":"https:\/\/urban-clothingstore.com\/en\/wp-json\/wp\/v2\/product_cat?post=2704"},{"taxonomy":"product_tag","embeddable":true,"href":"https:\/\/urban-clothingstore.com\/en\/wp-json\/wp\/v2\/product_tag?post=2704"}],"curies":[{"name":"wp","href":"https:\/\/api.w.org\/{rel}","templated":true}]}}