{"id":2717,"date":"2025-04-13T22:00:33","date_gmt":"2025-04-13T22:00:33","guid":{"rendered":"https:\/\/urban-clothingstore.com\/?post_type=product&#038;p=2717"},"modified":"2025-08-23T14:07:11","modified_gmt":"2025-08-23T14:07:11","slug":"ens-bold-palm-print-matching-set-tropical-button-up-shorts","status":"publish","type":"product","link":"https:\/\/urban-clothingstore.com\/en\/product\/ens-bold-palm-print-matching-set-tropical-button-up-shorts\/","title":{"rendered":"Set me Printim Palme \u2013 K\u00ebmish\u00eb Tropikale me Pulla dhe Pantallona t\u00eb Shkurtra"},"content":{"rendered":"<p>Sillni atmosfer\u00ebn e ishullit kudo q\u00eb t\u00eb shkoni me k\u00ebt\u00eb set t\u00eb guximsh\u00ebm me dy pjes\u00eb me printim palme. Me nj\u00eb k\u00ebmish\u00eb t\u00eb fresk\u00ebt dhe t\u00eb shkurt\u00ebr me m\u00ebng\u00eb t\u00eb shkurtra dhe pulla dhe pantallona t\u00eb shkurtra q\u00eb p\u00ebrputhen, kjo veshje ofron nj\u00eb stil t\u00eb leht\u00eb me ndikim serioz. Modeli i gjetheve t\u00eb palm\u00ebs i jep nj\u00eb prekje tropikale pamjes suaj, nd\u00ebrsa p\u00ebrshtatja e relaksuar i mban gj\u00ebrat t\u00eb fresk\u00ebta dhe t\u00eb rehatshme. Pavar\u00ebsisht n\u00ebse jeni me pushime apo thjesht po p\u00ebrjetoni nj\u00eb atmosfer\u00eb lokale, ky set \u00ebsht\u00eb krijuar p\u00ebr t&#8217;u dalluar n\u00eb m\u00ebnyr\u00ebn m\u00eb t\u00eb mir\u00eb.<\/p>\n<p>Set tropikal me 2 pjes\u00eb: P\u00ebrfshin k\u00ebmish\u00eb me printim me m\u00ebng\u00eb t\u00eb shkurtra dhe pantallona t\u00eb shkurtra q\u00eb p\u00ebrputhen<\/p>\n<ul>\n<li>K\u00ebmish\u00eb me pulla: Mbyllje klasike me jak\u00eb dhe kopsa p\u00ebr nj\u00eb pamje t\u00eb relaksuar turistike<\/li>\n<li>Pantallona t\u00eb shkurtra q\u00eb p\u00ebrputhen: P\u00ebrshtatje e relaksuar me xhepa an\u00ebsor\u00eb dhe brez elastik p\u00ebr rehati<\/li>\n<li>P\u00eblhur\u00eb e leht\u00eb: Material i but\u00eb dhe i frym\u00ebmarrsh\u00ebm, ideal p\u00ebr klimat e ngrohta<\/li>\n<li>Stil i gjithansh\u00ebm: Perfekt p\u00ebr dit\u00ebt n\u00eb plazh, festat n\u00eb pishin\u00eb, pushimet ose stilin e p\u00ebrditsh\u00ebm t\u00eb rrug\u00ebs<\/li>\n<li>Mir\u00ebmbajtje e leht\u00eb: Pastrohet n\u00eb lavatri\u00e7e dhe e p\u00ebrshtatshme p\u00ebr udh\u00ebtim<\/li>\n<\/ul>","protected":false},"excerpt":{"rendered":"<p>Sillni atmosfer\u00ebn e ishullit kudo q\u00eb t\u00eb shkoni me k\u00ebt\u00eb set t\u00eb guximsh\u00ebm me dy pjes\u00eb me printim palme. Me nj\u00eb k\u00ebmish\u00eb t\u00eb fresk\u00ebt dhe t\u00eb shkurt\u00ebr me m\u00ebng\u00eb t\u00eb shkurtra dhe pulla dhe pantallona t\u00eb shkurtra q\u00eb p\u00ebrputhen, kjo veshje ofron nj\u00eb stil t\u00eb leht\u00eb me ndikim serioz. Modeli i gjetheve t\u00eb palm\u00ebs i [&hellip;]<\/p>","protected":false},"featured_media":2720,"comment_status":"open","ping_status":"closed","template":"","meta":[],"product_brand":[],"product_cat":[64],"product_tag":[30,60,66],"class_list":{"0":"post-2717","1":"product","2":"type-product","3":"status-publish","4":"has-post-thumbnail","6":"product_cat-set","7":"product_tag-black","8":"product_tag-cream","9":"product_tag-set","11":"first","12":"instock","13":"taxable","14":"shipping-taxable","15":"purchasable","16":"product-type-variable","17":"has-default-attributes"},"jetpack_sharing_enabled":true,"_links":{"self":[{"href":"https:\/\/urban-clothingstore.com\/en\/wp-json\/wp\/v2\/product\/2717","targetHints":{"allow":["GET"]}}],"collection":[{"href":"https:\/\/urban-clothingstore.com\/en\/wp-json\/wp\/v2\/product"}],"about":[{"href":"https:\/\/urban-clothingstore.com\/en\/wp-json\/wp\/v2\/types\/product"}],"replies":[{"embeddable":true,"href":"https:\/\/urban-clothingstore.com\/en\/wp-json\/wp\/v2\/comments?post=2717"}],"wp:featuredmedia":[{"embeddable":true,"href":"https:\/\/urban-clothingstore.com\/en\/wp-json\/wp\/v2\/media\/2720"}],"wp:attachment":[{"href":"https:\/\/urban-clothingstore.com\/en\/wp-json\/wp\/v2\/media?parent=2717"}],"wp:term":[{"taxonomy":"product_brand","embeddable":true,"href":"https:\/\/urban-clothingstore.com\/en\/wp-json\/wp\/v2\/product_brand?post=2717"},{"taxonomy":"product_cat","embeddable":true,"href":"https:\/\/urban-clothingstore.com\/en\/wp-json\/wp\/v2\/product_cat?post=2717"},{"taxonomy":"product_tag","embeddable":true,"href":"https:\/\/urban-clothingstore.com\/en\/wp-json\/wp\/v2\/product_tag?post=2717"}],"curies":[{"name":"wp","href":"https:\/\/api.w.org\/{rel}","templated":true}]}}