{"id":2729,"date":"2025-04-13T22:14:41","date_gmt":"2025-04-13T22:14:41","guid":{"rendered":"https:\/\/urban-clothingstore.com\/?post_type=product&#038;p=2729"},"modified":"2025-08-23T14:02:08","modified_gmt":"2025-08-23T14:02:08","slug":"mens-raw-edge-sleeveless-set-muscle-tank-shorts-combo","status":"publish","type":"product","link":"https:\/\/urban-clothingstore.com\/en\/product\/mens-raw-edge-sleeveless-set-muscle-tank-shorts-combo\/","title":{"rendered":"Set pa M\u00ebng\u00eb me Skaje t\u00eb Pap\u00ebrpunuara \u2013 Kombinim me Pantallona t\u00eb Shkurtra dhe Muscle Tank"},"content":{"rendered":"<p class=\"\" data-start=\"207\" data-end=\"669\">Q\u00ebndro i fresk\u00ebt, elegante dhe mbaje stilin minimalist me k\u00ebt\u00eb komplet pa m\u00ebng\u00eb t\u00ebr\u00ebsisht t\u00eb zi. I projektuar p\u00ebr dit\u00eb jasht\u00eb pune dhe p\u00ebr nj\u00eb atmosfer\u00eb t\u00eb qet\u00eb, veshja p\u00ebrfshin nj\u00eb bluz\u00eb t\u00eb relaksuar dhe pantallona t\u00eb shkurtra me skaje t\u00eb pap\u00ebrpunuara.<\/p>\n<p class=\"\" data-start=\"207\" data-end=\"669\">Detajet karakteristike t\u00eb njollave i shtojn\u00eb prekjen e duhur identitetit t\u00eb veshjeve t\u00eb rrug\u00ebs, nd\u00ebrsa silueta e past\u00ebr e mban at\u00eb shum\u00ebfunksionale pa mundim. Pavar\u00ebsisht n\u00ebse po shkoni n\u00eb palest\u00ebr, po dilni n\u00eb rrug\u00eb apo thjesht po relaksoheni, ky komplet \u00ebsht\u00eb zgjidhja juaj p\u00ebr nj\u00eb stil t\u00eb leht\u00eb dhe t\u00eb sigurt.<\/p>","protected":false},"excerpt":{"rendered":"<p>Q\u00ebndro i fresk\u00ebt, elegante dhe mbaje stilin minimalist me k\u00ebt\u00eb komplet pa m\u00ebng\u00eb t\u00ebr\u00ebsisht t\u00eb zi. I projektuar p\u00ebr dit\u00eb jasht\u00eb pune dhe p\u00ebr nj\u00eb atmosfer\u00eb t\u00eb qet\u00eb, veshja p\u00ebrfshin nj\u00eb bluz\u00eb t\u00eb relaksuar dhe pantallona t\u00eb shkurtra me skaje t\u00eb pap\u00ebrpunuara. Detajet karakteristike t\u00eb njollave i shtojn\u00eb prekjen e duhur identitetit t\u00eb veshjeve t\u00eb [&hellip;]<\/p>","protected":false},"featured_media":2731,"comment_status":"open","ping_status":"closed","template":"","meta":[],"product_brand":[],"product_cat":[64],"product_tag":[30,60,66,29],"class_list":{"0":"post-2729","1":"product","2":"type-product","3":"status-publish","4":"has-post-thumbnail","6":"product_cat-set","7":"product_tag-black","8":"product_tag-cream","9":"product_tag-set","10":"product_tag-white","12":"first","13":"instock","14":"taxable","15":"shipping-taxable","16":"purchasable","17":"product-type-variable","18":"has-default-attributes"},"jetpack_sharing_enabled":true,"_links":{"self":[{"href":"https:\/\/urban-clothingstore.com\/en\/wp-json\/wp\/v2\/product\/2729","targetHints":{"allow":["GET"]}}],"collection":[{"href":"https:\/\/urban-clothingstore.com\/en\/wp-json\/wp\/v2\/product"}],"about":[{"href":"https:\/\/urban-clothingstore.com\/en\/wp-json\/wp\/v2\/types\/product"}],"replies":[{"embeddable":true,"href":"https:\/\/urban-clothingstore.com\/en\/wp-json\/wp\/v2\/comments?post=2729"}],"wp:featuredmedia":[{"embeddable":true,"href":"https:\/\/urban-clothingstore.com\/en\/wp-json\/wp\/v2\/media\/2731"}],"wp:attachment":[{"href":"https:\/\/urban-clothingstore.com\/en\/wp-json\/wp\/v2\/media?parent=2729"}],"wp:term":[{"taxonomy":"product_brand","embeddable":true,"href":"https:\/\/urban-clothingstore.com\/en\/wp-json\/wp\/v2\/product_brand?post=2729"},{"taxonomy":"product_cat","embeddable":true,"href":"https:\/\/urban-clothingstore.com\/en\/wp-json\/wp\/v2\/product_cat?post=2729"},{"taxonomy":"product_tag","embeddable":true,"href":"https:\/\/urban-clothingstore.com\/en\/wp-json\/wp\/v2\/product_tag?post=2729"}],"curies":[{"name":"wp","href":"https:\/\/api.w.org\/{rel}","templated":true}]}}