{"id":2822,"date":"2025-04-14T22:04:31","date_gmt":"2025-04-14T22:04:31","guid":{"rendered":"https:\/\/urban-clothingstore.com\/?post_type=product&#038;p=2822"},"modified":"2026-03-07T13:54:03","modified_gmt":"2026-03-07T13:54:03","slug":"mens-textured-short-sleeve-button-up-shirt-casual-summer-style","status":"publish","type":"product","link":"https:\/\/urban-clothingstore.com\/en\/product\/mens-textured-short-sleeve-button-up-shirt-casual-summer-style\/","title":{"rendered":"K\u00ebmish\u00eb me M\u00ebng\u00eb t\u00eb Shkurtra \u2013 Stil Veror i P\u00ebrditsh\u00ebm"},"content":{"rendered":"<p><span class=\"jCAhz ChMk0b\"><span class=\"ryNqvb\">P\u00ebrmir\u00ebsoni gard\u00ebrob\u00ebn tuaj verore me k\u00ebt\u00eb bluz\u00eb me m\u00ebng\u00eb t\u00eb shkurtra p\u00ebr meshkuj, me stil dhe pa mundim.<\/span><\/span> <span class=\"jCAhz ChMk0b\"><span class=\"ryNqvb\">E punuar nga nj\u00eb material i leht\u00eb dhe me tekstur\u00eb, kjo bluz\u00eb me kopsa ka nj\u00eb jak\u00eb t\u00eb hapur dhe nj\u00eb prerje t\u00eb personalizuar p\u00ebr nj\u00eb pamje moderne dhe t\u00eb l\u00ebmuar.<\/span><\/span> <span class=\"jCAhz ChMk0b\"><span class=\"ryNqvb\">Materiali i ajrossh\u00ebm siguron rehati gjat\u00eb gjith\u00eb dit\u00ebs, nd\u00ebrsa ngjyra klasike e bardh\u00eb e b\u00ebn at\u00eb nj\u00eb veshje t\u00eb gjithanshme p\u00ebr \u00e7do rast &#8211; nga daljet e rast\u00ebsishme deri te pushimet n\u00eb plazh.<\/span><\/span> <span class=\"jCAhz ChMk0b\"><span class=\"ryNqvb\">Kombinojeni me pantallona t\u00eb gjera, xhinse ose pantallona t\u00eb shkurtra p\u00ebr nj\u00eb pamje t\u00eb k\u00ebndshme dhe pa mundim.<\/span><\/span><\/p>","protected":false},"excerpt":{"rendered":"<p>P\u00ebrmir\u00ebsoni gard\u00ebrob\u00ebn tuaj verore me k\u00ebt\u00eb bluz\u00eb me m\u00ebng\u00eb t\u00eb shkurtra p\u00ebr meshkuj, me stil dhe pa mundim. E punuar nga nj\u00eb material i leht\u00eb dhe me tekstur\u00eb, kjo bluz\u00eb me kopsa ka nj\u00eb jak\u00eb t\u00eb hapur dhe nj\u00eb prerje t\u00eb personalizuar p\u00ebr nj\u00eb pamje moderne dhe t\u00eb l\u00ebmuar. Materiali i ajrossh\u00ebm siguron rehati gjat\u00eb [&hellip;]<\/p>","protected":false},"featured_media":2784,"comment_status":"open","ping_status":"closed","template":"","meta":[],"product_brand":[],"product_cat":[61],"product_tag":[30,240,242,241,62,29],"class_list":{"0":"post-2822","1":"product","2":"type-product","3":"status-publish","4":"has-post-thumbnail","6":"product_cat-shirt","7":"product_tag-black","8":"product_tag-cherry","9":"product_tag-lightgreen","10":"product_tag-olivegreen","11":"product_tag-shirt","12":"product_tag-white","14":"first","15":"instock","16":"sale","17":"taxable","18":"shipping-taxable","19":"purchasable","20":"product-type-variable","21":"has-default-attributes"},"jetpack_sharing_enabled":true,"_links":{"self":[{"href":"https:\/\/urban-clothingstore.com\/en\/wp-json\/wp\/v2\/product\/2822","targetHints":{"allow":["GET"]}}],"collection":[{"href":"https:\/\/urban-clothingstore.com\/en\/wp-json\/wp\/v2\/product"}],"about":[{"href":"https:\/\/urban-clothingstore.com\/en\/wp-json\/wp\/v2\/types\/product"}],"replies":[{"embeddable":true,"href":"https:\/\/urban-clothingstore.com\/en\/wp-json\/wp\/v2\/comments?post=2822"}],"wp:featuredmedia":[{"embeddable":true,"href":"https:\/\/urban-clothingstore.com\/en\/wp-json\/wp\/v2\/media\/2784"}],"wp:attachment":[{"href":"https:\/\/urban-clothingstore.com\/en\/wp-json\/wp\/v2\/media?parent=2822"}],"wp:term":[{"taxonomy":"product_brand","embeddable":true,"href":"https:\/\/urban-clothingstore.com\/en\/wp-json\/wp\/v2\/product_brand?post=2822"},{"taxonomy":"product_cat","embeddable":true,"href":"https:\/\/urban-clothingstore.com\/en\/wp-json\/wp\/v2\/product_cat?post=2822"},{"taxonomy":"product_tag","embeddable":true,"href":"https:\/\/urban-clothingstore.com\/en\/wp-json\/wp\/v2\/product_tag?post=2822"}],"curies":[{"name":"wp","href":"https:\/\/api.w.org\/{rel}","templated":true}]}}