{"id":2941,"date":"2025-04-15T22:44:42","date_gmt":"2025-04-15T22:44:42","guid":{"rendered":"https:\/\/urban-clothingstore.com\/?post_type=product&#038;p=2941"},"modified":"2025-08-16T11:17:45","modified_gmt":"2025-08-16T11:17:45","slug":"mens-soft-long-sleeve-button-up-shirt","status":"publish","type":"product","link":"https:\/\/urban-clothingstore.com\/en\/product\/mens-soft-long-sleeve-button-up-shirt\/","title":{"rendered":"K\u00ebmish\u00eb e But\u00eb me M\u00ebng\u00eb t\u00eb Gjata"},"content":{"rendered":"<p class=\"\" data-start=\"178\" data-end=\"710\">E guximshme, minimaliste dhe me stil t\u00eb leht\u00eb &#8211; kjo k\u00ebmish\u00eb me tekstur\u00eb dhe pulla \u00ebsht\u00eb nj\u00eb pjes\u00eb thelb\u00ebsore e garderob\u00ebs. E projektuar me nj\u00eb tekstur\u00eb delikate me brinj\u00eb dhe prerje t\u00eb personalizuar, kjo bluz\u00eb me m\u00ebng\u00eb t\u00eb gjata i sjell nj\u00eb nuanc\u00eb t\u00eb rafinuar pamjeve t\u00eb p\u00ebrditshme dhe atyre elegante. Perfekte p\u00ebr dalje n\u00eb mbr\u00ebmje, evente ose \u00e7do ambient ku d\u00ebshironi t\u00eb bini n\u00eb sy pa th\u00ebn\u00eb asnj\u00eb fjal\u00eb. Kombinojeni me xhinse t\u00eb zeza ose pantallona chino p\u00ebr nj\u00eb pamje monokrome.<\/p>","protected":false},"excerpt":{"rendered":"<p>E guximshme, minimaliste dhe me stil t\u00eb leht\u00eb &#8211; kjo k\u00ebmish\u00eb me tekstur\u00eb dhe pulla \u00ebsht\u00eb nj\u00eb pjes\u00eb thelb\u00ebsore e garderob\u00ebs. E projektuar me nj\u00eb tekstur\u00eb delikate me brinj\u00eb dhe prerje t\u00eb personalizuar, kjo bluz\u00eb me m\u00ebng\u00eb t\u00eb gjata i sjell nj\u00eb nuanc\u00eb t\u00eb rafinuar pamjeve t\u00eb p\u00ebrditshme dhe atyre elegante. Perfekte p\u00ebr dalje n\u00eb [&hellip;]<\/p>","protected":false},"featured_media":2948,"comment_status":"open","ping_status":"closed","template":"","meta":[],"product_brand":[],"product_cat":[61],"product_tag":[244,62],"class_list":{"0":"post-2941","1":"product","2":"type-product","3":"status-publish","4":"has-post-thumbnail","6":"product_cat-shirt","7":"product_tag-bottom-up","8":"product_tag-shirt","10":"first","11":"instock","12":"sale","13":"taxable","14":"shipping-taxable","15":"purchasable","16":"product-type-variable"},"jetpack_sharing_enabled":true,"_links":{"self":[{"href":"https:\/\/urban-clothingstore.com\/en\/wp-json\/wp\/v2\/product\/2941","targetHints":{"allow":["GET"]}}],"collection":[{"href":"https:\/\/urban-clothingstore.com\/en\/wp-json\/wp\/v2\/product"}],"about":[{"href":"https:\/\/urban-clothingstore.com\/en\/wp-json\/wp\/v2\/types\/product"}],"replies":[{"embeddable":true,"href":"https:\/\/urban-clothingstore.com\/en\/wp-json\/wp\/v2\/comments?post=2941"}],"wp:featuredmedia":[{"embeddable":true,"href":"https:\/\/urban-clothingstore.com\/en\/wp-json\/wp\/v2\/media\/2948"}],"wp:attachment":[{"href":"https:\/\/urban-clothingstore.com\/en\/wp-json\/wp\/v2\/media?parent=2941"}],"wp:term":[{"taxonomy":"product_brand","embeddable":true,"href":"https:\/\/urban-clothingstore.com\/en\/wp-json\/wp\/v2\/product_brand?post=2941"},{"taxonomy":"product_cat","embeddable":true,"href":"https:\/\/urban-clothingstore.com\/en\/wp-json\/wp\/v2\/product_cat?post=2941"},{"taxonomy":"product_tag","embeddable":true,"href":"https:\/\/urban-clothingstore.com\/en\/wp-json\/wp\/v2\/product_tag?post=2941"}],"curies":[{"name":"wp","href":"https:\/\/api.w.org\/{rel}","templated":true}]}}