{"id":3129,"date":"2025-04-16T22:52:52","date_gmt":"2025-04-16T22:52:52","guid":{"rendered":"https:\/\/urban-clothingstore.com\/?post_type=product&#038;p=3129"},"modified":"2026-03-21T13:55:05","modified_gmt":"2026-03-21T13:55:05","slug":"mens-casual-set-with-oversized-tee-and-joggers","status":"publish","type":"product","link":"https:\/\/urban-clothingstore.com\/en\/product\/mens-casual-set-with-oversized-tee-and-joggers\/","title":{"rendered":"Set me Maic\u00eb t\u00eb madhe OVERSIZE"},"content":{"rendered":"<p>Q\u00ebndroni elegant dhe rehat me k\u00ebt\u00eb veshje moderne t\u00eb p\u00ebrditshme, perfekte p\u00ebr dit\u00ebt jasht\u00eb orarit t\u00eb pun\u00ebs ose p\u00ebr nj\u00eb atmosfer\u00eb elegante streetstyle. Seti p\u00ebrmban nj\u00eb bluz\u00eb t\u00eb madhe me prerje t\u00eb relaksuar, t\u00eb b\u00ebr\u00eb nga p\u00eblhur\u00eb e but\u00eb q\u00eb lejon frym\u00ebmarrjen, e kombinuar me pantallona t\u00eb ngushta n\u00eb stilin e atleteve q\u00eb ofrojn\u00eb nj\u00eb siluet\u00eb t\u00eb qepur sipas d\u00ebshir\u00ebs, \u200b\u200bpor edhe t\u00eb relaksuar.<\/p>\n<p>T\u00eb theksuara me nj\u00eb var\u00ebse minimaliste dhe nj\u00eb byzylyk, pamja \u00ebsht\u00eb shum\u00eb e k\u00ebndshme. Atletet e bardha me maj\u00eb t\u00eb ul\u00ebt shtojn\u00eb nj\u00eb kontrast t\u00eb past\u00ebr, duke e b\u00ebr\u00eb k\u00ebt\u00eb veshje ideale p\u00ebr sh\u00ebtitjet n\u00eb qytet, daljet e p\u00ebrditshme ose pun\u00ebt e fundjav\u00ebs.<\/p>\n<p>Elegante, t\u00eb gjithanshme dhe t\u00eb rehatshme &#8211; kjo \u00ebsht\u00eb moda e p\u00ebrditshme e b\u00ebr\u00eb si\u00e7 duhet.<\/p>","protected":false},"excerpt":{"rendered":"<p>Q\u00ebndroni elegant dhe rehat me k\u00ebt\u00eb veshje moderne t\u00eb p\u00ebrditshme, perfekte p\u00ebr dit\u00ebt jasht\u00eb orarit t\u00eb pun\u00ebs ose p\u00ebr nj\u00eb atmosfer\u00eb elegante streetstyle. Seti p\u00ebrmban nj\u00eb bluz\u00eb t\u00eb madhe me prerje t\u00eb relaksuar, t\u00eb b\u00ebr\u00eb nga p\u00eblhur\u00eb e but\u00eb q\u00eb lejon frym\u00ebmarrjen, e kombinuar me pantallona t\u00eb ngushta n\u00eb stilin e atleteve q\u00eb ofrojn\u00eb nj\u00eb [&hellip;]<\/p>","protected":false},"featured_media":3131,"comment_status":"open","ping_status":"closed","template":"","meta":[],"product_brand":[],"product_cat":[64],"product_tag":[30,60,236,66,29],"class_list":{"0":"post-3129","1":"product","2":"type-product","3":"status-publish","4":"has-post-thumbnail","6":"product_cat-set","7":"product_tag-black","8":"product_tag-cream","9":"product_tag-gray","10":"product_tag-set","11":"product_tag-white","13":"first","14":"instock","15":"taxable","16":"shipping-taxable","17":"purchasable","18":"product-type-variable","19":"has-default-attributes"},"jetpack_sharing_enabled":true,"_links":{"self":[{"href":"https:\/\/urban-clothingstore.com\/en\/wp-json\/wp\/v2\/product\/3129","targetHints":{"allow":["GET"]}}],"collection":[{"href":"https:\/\/urban-clothingstore.com\/en\/wp-json\/wp\/v2\/product"}],"about":[{"href":"https:\/\/urban-clothingstore.com\/en\/wp-json\/wp\/v2\/types\/product"}],"replies":[{"embeddable":true,"href":"https:\/\/urban-clothingstore.com\/en\/wp-json\/wp\/v2\/comments?post=3129"}],"wp:featuredmedia":[{"embeddable":true,"href":"https:\/\/urban-clothingstore.com\/en\/wp-json\/wp\/v2\/media\/3131"}],"wp:attachment":[{"href":"https:\/\/urban-clothingstore.com\/en\/wp-json\/wp\/v2\/media?parent=3129"}],"wp:term":[{"taxonomy":"product_brand","embeddable":true,"href":"https:\/\/urban-clothingstore.com\/en\/wp-json\/wp\/v2\/product_brand?post=3129"},{"taxonomy":"product_cat","embeddable":true,"href":"https:\/\/urban-clothingstore.com\/en\/wp-json\/wp\/v2\/product_cat?post=3129"},{"taxonomy":"product_tag","embeddable":true,"href":"https:\/\/urban-clothingstore.com\/en\/wp-json\/wp\/v2\/product_tag?post=3129"}],"curies":[{"name":"wp","href":"https:\/\/api.w.org\/{rel}","templated":true}]}}