{"id":3244,"date":"2025-04-22T00:49:17","date_gmt":"2025-04-22T00:49:17","guid":{"rendered":"https:\/\/urban-clothingstore.com\/?post_type=product&#038;p=3244"},"modified":"2025-08-21T19:12:17","modified_gmt":"2025-08-21T19:12:17","slug":"mens-oversized-graphic-t-shirt-unefected","status":"publish","type":"product","link":"https:\/\/urban-clothingstore.com\/en\/product\/mens-oversized-graphic-t-shirt-unefected\/","title":{"rendered":"Bluz\u00eb e Madhe me Grafik\u00eb \u2013 &#8221;UNEFFECTED&#8221;"},"content":{"rendered":"<p>Dukuni t\u00eb fresk\u00ebt pa mundim me k\u00ebt\u00eb bluz\u00eb me grafik\u00eb t\u00eb madhe. Me nj\u00eb printim minimalist &#8220;UNEFFECTED&#8221; n\u00eb gjoks, kjo bluz\u00eb ofron nj\u00eb atmosfer\u00eb moderne rruge me nj\u00eb prerje t\u00eb relaksuar dhe shpatulla t\u00eb ul\u00ebta. E b\u00ebr\u00eb nga pambuk i but\u00eb dhe q\u00eb lejon frym\u00ebmarrjen, \u00ebsht\u00eb perfekte p\u00ebr ta veshur me shtresa ose p\u00ebr t&#8217;u veshur vet\u00ebm. Kombinojeni me xhinse, pantallona t\u00eb gjata ose pantallona t\u00ebrheq\u00ebse p\u00ebr nj\u00eb pamje t\u00eb p\u00ebrditshme t\u00eb gjithanshme q\u00eb flet stil me q\u00ebndrim.<\/p>","protected":false},"excerpt":{"rendered":"<p>Dukuni t\u00eb fresk\u00ebt pa mundim me k\u00ebt\u00eb bluz\u00eb me grafik\u00eb t\u00eb madhe. Me nj\u00eb printim minimalist &#8220;UNEFFECTED&#8221; n\u00eb gjoks, kjo bluz\u00eb ofron nj\u00eb atmosfer\u00eb moderne rruge me nj\u00eb prerje t\u00eb relaksuar dhe shpatulla t\u00eb ul\u00ebta. E b\u00ebr\u00eb nga pambuk i but\u00eb dhe q\u00eb lejon frym\u00ebmarrjen, \u00ebsht\u00eb perfekte p\u00ebr ta veshur me shtresa ose p\u00ebr t&#8217;u [&hellip;]<\/p>","protected":false},"featured_media":3246,"comment_status":"open","ping_status":"closed","template":"","meta":[],"product_brand":[],"product_cat":[21],"product_tag":[30,28,29],"class_list":{"0":"post-3244","1":"product","2":"type-product","3":"status-publish","4":"has-post-thumbnail","6":"product_cat-tshirts","7":"product_tag-black","8":"product_tag-t-shirt","9":"product_tag-white","11":"first","12":"instock","13":"sale","14":"taxable","15":"shipping-taxable","16":"purchasable","17":"product-type-variable","18":"has-default-attributes"},"jetpack_sharing_enabled":true,"_links":{"self":[{"href":"https:\/\/urban-clothingstore.com\/en\/wp-json\/wp\/v2\/product\/3244","targetHints":{"allow":["GET"]}}],"collection":[{"href":"https:\/\/urban-clothingstore.com\/en\/wp-json\/wp\/v2\/product"}],"about":[{"href":"https:\/\/urban-clothingstore.com\/en\/wp-json\/wp\/v2\/types\/product"}],"replies":[{"embeddable":true,"href":"https:\/\/urban-clothingstore.com\/en\/wp-json\/wp\/v2\/comments?post=3244"}],"wp:featuredmedia":[{"embeddable":true,"href":"https:\/\/urban-clothingstore.com\/en\/wp-json\/wp\/v2\/media\/3246"}],"wp:attachment":[{"href":"https:\/\/urban-clothingstore.com\/en\/wp-json\/wp\/v2\/media?parent=3244"}],"wp:term":[{"taxonomy":"product_brand","embeddable":true,"href":"https:\/\/urban-clothingstore.com\/en\/wp-json\/wp\/v2\/product_brand?post=3244"},{"taxonomy":"product_cat","embeddable":true,"href":"https:\/\/urban-clothingstore.com\/en\/wp-json\/wp\/v2\/product_cat?post=3244"},{"taxonomy":"product_tag","embeddable":true,"href":"https:\/\/urban-clothingstore.com\/en\/wp-json\/wp\/v2\/product_tag?post=3244"}],"curies":[{"name":"wp","href":"https:\/\/api.w.org\/{rel}","templated":true}]}}