{"id":3406,"date":"2025-05-25T12:12:41","date_gmt":"2025-05-25T12:12:41","guid":{"rendered":"https:\/\/urban-clothingstore.com\/?post_type=product&#038;p=3406"},"modified":"2025-08-21T19:09:28","modified_gmt":"2025-08-21T19:09:28","slug":"2y-gallery-oversized-t-shirt-streetwear-edition","status":"publish","type":"product","link":"https:\/\/urban-clothingstore.com\/en\/product\/2y-gallery-oversized-t-shirt-streetwear-edition\/","title":{"rendered":"Bluz\u00eb me M\u00ebng\u00eb t\u00eb Gjera 2Y Gallery \u2013 Edicioni Streetwear"},"content":{"rendered":"<p>B\u00ebj nj\u00eb deklarat\u00eb t\u00eb guximshme me bluz\u00ebn e zez\u00eb 2Y Gallery Oversized, e krijuar p\u00ebr ata q\u00eb e kan\u00eb stilin e tyre. Me nj\u00eb printim t\u00eb past\u00ebr p\u00ebrpara q\u00eb shkruan &#8220;2Y Gallery &#8211; My true mirror&#8221;, kjo bluz\u00eb kombinon dizajnin minimal me stilin urban. E punuar nga pambuk i but\u00eb dhe i ajrosur, prerja e saj e madhe dhe detajet delikate t\u00eb zbehta n\u00eb m\u00ebng\u00eb dhe n\u00eb fund i shtojn\u00eb thell\u00ebsi pamjes. Perfekte p\u00ebr ta veshur me shtresa ose vet\u00ebm, \u00ebsht\u00eb nj\u00eb bluz\u00eb e domosdoshme si p\u00ebr entuziast\u00ebt e veshjeve t\u00eb rrug\u00ebs ashtu edhe p\u00ebr krijuesit. Kombinoje me xhinse t\u00eb err\u00ebta ose atlete p\u00ebr nj\u00eb atmosfer\u00eb moderne dhe t\u00eb fresk\u00ebt pa mundim.<\/p>","protected":false},"excerpt":{"rendered":"<p>B\u00ebj nj\u00eb deklarat\u00eb t\u00eb guximshme me bluz\u00ebn e zez\u00eb 2Y Gallery Oversized, e krijuar p\u00ebr ata q\u00eb e kan\u00eb stilin e tyre. Me nj\u00eb printim t\u00eb past\u00ebr p\u00ebrpara q\u00eb shkruan &#8220;2Y Gallery &#8211; My true mirror&#8221;, kjo bluz\u00eb kombinon dizajnin minimal me stilin urban. E punuar nga pambuk i but\u00eb dhe i ajrosur, prerja e [&hellip;]<\/p>","protected":false},"featured_media":3408,"comment_status":"open","ping_status":"closed","template":"","meta":[],"product_brand":[],"product_cat":[21],"product_tag":[30,28,29],"class_list":{"0":"post-3406","1":"product","2":"type-product","3":"status-publish","4":"has-post-thumbnail","6":"product_cat-tshirts","7":"product_tag-black","8":"product_tag-t-shirt","9":"product_tag-white","11":"first","12":"instock","13":"taxable","14":"shipping-taxable","15":"purchasable","16":"product-type-variable","17":"has-default-attributes"},"jetpack_sharing_enabled":true,"_links":{"self":[{"href":"https:\/\/urban-clothingstore.com\/en\/wp-json\/wp\/v2\/product\/3406","targetHints":{"allow":["GET"]}}],"collection":[{"href":"https:\/\/urban-clothingstore.com\/en\/wp-json\/wp\/v2\/product"}],"about":[{"href":"https:\/\/urban-clothingstore.com\/en\/wp-json\/wp\/v2\/types\/product"}],"replies":[{"embeddable":true,"href":"https:\/\/urban-clothingstore.com\/en\/wp-json\/wp\/v2\/comments?post=3406"}],"wp:featuredmedia":[{"embeddable":true,"href":"https:\/\/urban-clothingstore.com\/en\/wp-json\/wp\/v2\/media\/3408"}],"wp:attachment":[{"href":"https:\/\/urban-clothingstore.com\/en\/wp-json\/wp\/v2\/media?parent=3406"}],"wp:term":[{"taxonomy":"product_brand","embeddable":true,"href":"https:\/\/urban-clothingstore.com\/en\/wp-json\/wp\/v2\/product_brand?post=3406"},{"taxonomy":"product_cat","embeddable":true,"href":"https:\/\/urban-clothingstore.com\/en\/wp-json\/wp\/v2\/product_cat?post=3406"},{"taxonomy":"product_tag","embeddable":true,"href":"https:\/\/urban-clothingstore.com\/en\/wp-json\/wp\/v2\/product_tag?post=3406"}],"curies":[{"name":"wp","href":"https:\/\/api.w.org\/{rel}","templated":true}]}}