{"id":3483,"date":"2025-05-25T12:57:11","date_gmt":"2025-05-25T12:57:11","guid":{"rendered":"https:\/\/urban-clothingstore.com\/?post_type=product&#038;p=3483"},"modified":"2025-08-21T19:07:52","modified_gmt":"2025-08-21T19:07:52","slug":"los-angeles-rugby-polo-shirt-retro-varsity-style","status":"publish","type":"product","link":"https:\/\/urban-clothingstore.com\/en\/product\/los-angeles-rugby-polo-shirt-retro-varsity-style\/","title":{"rendered":"Bluz\u00eb Polo Rugbi Los Angeles \u2013 Stil Retro Varsity"},"content":{"rendered":"<p>P\u00ebrjetoni atmosfer\u00ebn atletike vintage me bluz\u00ebn polo t\u00eb rugbit Los Angeles, nj\u00eb bashkim i guximsh\u00ebm i veshjeve t\u00eb rrug\u00ebs dhe trash\u00ebgimis\u00eb sportive. Me nj\u00eb jak\u00eb t\u00eb bardh\u00eb t\u00eb fresk\u00ebt, mbishkrimin e guximsh\u00ebm &#8220;LOS ANGELES 10&#8221; n\u00eb stilin e ekipit universitar dhe vija klasike t\u00eb rugbit n\u00eb m\u00ebng\u00eb, kjo bluz\u00eb ka t\u00eb b\u00ebj\u00eb me detajet q\u00eb bien n\u00eb sy.<\/p>\n<p>Prerja katrore, e relaksuar dhe njollat \u200b\u200be q\u00ebndisura me kontrast si &#8220;RUGBY&#8221; dhe &#8220;LEGENDARY&#8221; i japin nj\u00eb estetik\u00eb t\u00eb vjet\u00ebr. E punuar me pambuk cil\u00ebsor p\u00ebr rehati gjat\u00eb gjith\u00eb dit\u00ebs, \u00ebsht\u00eb perfekte p\u00ebr t&#8217;u kombinuar me xhinse ose atlete p\u00ebr nj\u00eb pamje t\u00eb relaksuar, por t\u00ebrheq\u00ebse.<\/p>","protected":false},"excerpt":{"rendered":"<p>P\u00ebrjetoni atmosfer\u00ebn atletike vintage me bluz\u00ebn polo t\u00eb rugbit Los Angeles, nj\u00eb bashkim i guximsh\u00ebm i veshjeve t\u00eb rrug\u00ebs dhe trash\u00ebgimis\u00eb sportive. Me nj\u00eb jak\u00eb t\u00eb bardh\u00eb t\u00eb fresk\u00ebt, mbishkrimin e guximsh\u00ebm &#8220;LOS ANGELES 10&#8221; n\u00eb stilin e ekipit universitar dhe vija klasike t\u00eb rugbit n\u00eb m\u00ebng\u00eb, kjo bluz\u00eb ka t\u00eb b\u00ebj\u00eb me detajet q\u00eb [&hellip;]<\/p>","protected":false},"featured_media":3485,"comment_status":"open","ping_status":"closed","template":"","meta":[],"product_brand":[],"product_cat":[21],"product_tag":[30,28,29],"class_list":{"0":"post-3483","1":"product","2":"type-product","3":"status-publish","4":"has-post-thumbnail","6":"product_cat-tshirts","7":"product_tag-black","8":"product_tag-t-shirt","9":"product_tag-white","11":"first","12":"instock","13":"sale","14":"taxable","15":"shipping-taxable","16":"purchasable","17":"product-type-variable","18":"has-default-attributes"},"jetpack_sharing_enabled":true,"_links":{"self":[{"href":"https:\/\/urban-clothingstore.com\/en\/wp-json\/wp\/v2\/product\/3483","targetHints":{"allow":["GET"]}}],"collection":[{"href":"https:\/\/urban-clothingstore.com\/en\/wp-json\/wp\/v2\/product"}],"about":[{"href":"https:\/\/urban-clothingstore.com\/en\/wp-json\/wp\/v2\/types\/product"}],"replies":[{"embeddable":true,"href":"https:\/\/urban-clothingstore.com\/en\/wp-json\/wp\/v2\/comments?post=3483"}],"wp:featuredmedia":[{"embeddable":true,"href":"https:\/\/urban-clothingstore.com\/en\/wp-json\/wp\/v2\/media\/3485"}],"wp:attachment":[{"href":"https:\/\/urban-clothingstore.com\/en\/wp-json\/wp\/v2\/media?parent=3483"}],"wp:term":[{"taxonomy":"product_brand","embeddable":true,"href":"https:\/\/urban-clothingstore.com\/en\/wp-json\/wp\/v2\/product_brand?post=3483"},{"taxonomy":"product_cat","embeddable":true,"href":"https:\/\/urban-clothingstore.com\/en\/wp-json\/wp\/v2\/product_cat?post=3483"},{"taxonomy":"product_tag","embeddable":true,"href":"https:\/\/urban-clothingstore.com\/en\/wp-json\/wp\/v2\/product_tag?post=3483"}],"curies":[{"name":"wp","href":"https:\/\/api.w.org\/{rel}","templated":true}]}}