{"id":3524,"date":"2025-05-26T23:14:31","date_gmt":"2025-05-26T23:14:31","guid":{"rendered":"https:\/\/urban-clothingstore.com\/?post_type=product&#038;p=3524"},"modified":"2025-12-13T23:45:12","modified_gmt":"2025-12-13T23:45:12","slug":"men-cuban-collar-shirt-street-luxe-edition","status":"publish","type":"product","link":"https:\/\/urban-clothingstore.com\/en\/product\/men-cuban-collar-shirt-street-luxe-edition\/","title":{"rendered":"Bluz\u00eb me Jak\u00eb Kubaneze \u2013 Edicioni Street Luxe"},"content":{"rendered":"<p>Q\u00ebndroni elegante dhe t\u00eb leht\u00eb me k\u00ebt\u00eb k\u00ebmish\u00eb me jak\u00eb kubaneze, t\u00eb dizenjuar p\u00ebr entuziast\u00ebt modern\u00eb t\u00eb veshjeve t\u00eb rrug\u00ebs. Me nj\u00eb siluet\u00eb t\u00eb relaksuar, p\u00eblhur\u00eb t\u00eb but\u00eb q\u00eb lejon frym\u00ebmarrjen dhe q\u00ebndisje delikate n\u00eb gjoks, ajo ofron nj\u00eb pamje t\u00eb past\u00ebr por t\u00eb guximshme.<\/p>\n<p>Ideale p\u00ebr dit\u00ebt e ver\u00ebs ose kostumet e shtresuara t\u00eb mbr\u00ebmjes, kjo k\u00ebmish\u00eb p\u00ebrzien rehatin\u00eb e p\u00ebrditshme me minimalizmin e lart\u00eb. Kombinojeni me pantallonat tuaja t\u00eb shkurtra, ato me xhinse p\u00ebr nj\u00eb pamje t\u00eb gjithanshme q\u00eb flet p\u00ebr vet\u00ebbesim.<\/p>","protected":false},"excerpt":{"rendered":"<p>Q\u00ebndroni elegante dhe t\u00eb leht\u00eb me k\u00ebt\u00eb k\u00ebmish\u00eb me jak\u00eb kubaneze, t\u00eb dizenjuar p\u00ebr entuziast\u00ebt modern\u00eb t\u00eb veshjeve t\u00eb rrug\u00ebs. Me nj\u00eb siluet\u00eb t\u00eb relaksuar, p\u00eblhur\u00eb t\u00eb but\u00eb q\u00eb lejon frym\u00ebmarrjen dhe q\u00ebndisje delikate n\u00eb gjoks, ajo ofron nj\u00eb pamje t\u00eb past\u00ebr por t\u00eb guximshme. Ideale p\u00ebr dit\u00ebt e ver\u00ebs ose kostumet e shtresuara t\u00eb [&hellip;]<\/p>","protected":false},"featured_media":3526,"comment_status":"open","ping_status":"closed","template":"","meta":[],"product_brand":[],"product_cat":[21],"product_tag":[30,28,29],"class_list":{"0":"post-3524","1":"product","2":"type-product","3":"status-publish","4":"has-post-thumbnail","6":"product_cat-tshirts","7":"product_tag-black","8":"product_tag-t-shirt","9":"product_tag-white","11":"first","12":"instock","13":"taxable","14":"shipping-taxable","15":"purchasable","16":"product-type-variable","17":"has-default-attributes"},"jetpack_sharing_enabled":true,"_links":{"self":[{"href":"https:\/\/urban-clothingstore.com\/en\/wp-json\/wp\/v2\/product\/3524","targetHints":{"allow":["GET"]}}],"collection":[{"href":"https:\/\/urban-clothingstore.com\/en\/wp-json\/wp\/v2\/product"}],"about":[{"href":"https:\/\/urban-clothingstore.com\/en\/wp-json\/wp\/v2\/types\/product"}],"replies":[{"embeddable":true,"href":"https:\/\/urban-clothingstore.com\/en\/wp-json\/wp\/v2\/comments?post=3524"}],"wp:featuredmedia":[{"embeddable":true,"href":"https:\/\/urban-clothingstore.com\/en\/wp-json\/wp\/v2\/media\/3526"}],"wp:attachment":[{"href":"https:\/\/urban-clothingstore.com\/en\/wp-json\/wp\/v2\/media?parent=3524"}],"wp:term":[{"taxonomy":"product_brand","embeddable":true,"href":"https:\/\/urban-clothingstore.com\/en\/wp-json\/wp\/v2\/product_brand?post=3524"},{"taxonomy":"product_cat","embeddable":true,"href":"https:\/\/urban-clothingstore.com\/en\/wp-json\/wp\/v2\/product_cat?post=3524"},{"taxonomy":"product_tag","embeddable":true,"href":"https:\/\/urban-clothingstore.com\/en\/wp-json\/wp\/v2\/product_tag?post=3524"}],"curies":[{"name":"wp","href":"https:\/\/api.w.org\/{rel}","templated":true}]}}