{"id":3537,"date":"2025-05-26T23:20:43","date_gmt":"2025-05-26T23:20:43","guid":{"rendered":"https:\/\/urban-clothingstore.com\/?post_type=product&#038;p=3537"},"modified":"2025-08-21T19:04:23","modified_gmt":"2025-08-21T19:04:23","slug":"mens-drift-graphic-tee-black","status":"publish","type":"product","link":"https:\/\/urban-clothingstore.com\/en\/product\/mens-drift-graphic-tee-black\/","title":{"rendered":"Bluz\u00eb e Zez\u00eb me Mbishkrim"},"content":{"rendered":"<p>B\u00ebj nj\u00eb deklarat\u00eb t\u00eb guximshme me bluz\u00ebn DRIFT. Me nj\u00eb printim t\u00ebrheq\u00ebs n\u00eb stilin e shabllonizuar n\u00eb gjoks, kjo bluz\u00eb i sjell stil dhe eleganc\u00eb pamjes t\u00ebnde t\u00eb p\u00ebrditshme. E punuar nga pambuk i but\u00eb dhe i ajrosur me nj\u00eb prerje t\u00eb relaksuar, \u00ebsht\u00eb perfekte p\u00ebr stile rruge ose p\u00ebr veshje t\u00eb rast\u00ebsishme. Kombinoje me xhinse t\u00eb grisura ose pantallona t\u00eb shkurtra cargo p\u00ebr nj\u00eb atmosfer\u00eb t\u00eb qet\u00eb dhe urbane q\u00eb flet p\u00ebr vet\u00ebbesim dhe l\u00ebvizje.<\/p>","protected":false},"excerpt":{"rendered":"<p>B\u00ebj nj\u00eb deklarat\u00eb t\u00eb guximshme me bluz\u00ebn DRIFT. Me nj\u00eb printim t\u00ebrheq\u00ebs n\u00eb stilin e shabllonizuar n\u00eb gjoks, kjo bluz\u00eb i sjell stil dhe eleganc\u00eb pamjes t\u00ebnde t\u00eb p\u00ebrditshme. E punuar nga pambuk i but\u00eb dhe i ajrosur me nj\u00eb prerje t\u00eb relaksuar, \u00ebsht\u00eb perfekte p\u00ebr stile rruge ose p\u00ebr veshje t\u00eb rast\u00ebsishme. Kombinoje me [&hellip;]<\/p>","protected":false},"featured_media":3539,"comment_status":"open","ping_status":"closed","template":"","meta":[],"product_brand":[],"product_cat":[21],"product_tag":[30,28],"class_list":{"0":"post-3537","1":"product","2":"type-product","3":"status-publish","4":"has-post-thumbnail","6":"product_cat-tshirts","7":"product_tag-black","8":"product_tag-t-shirt","10":"first","11":"instock","12":"taxable","13":"shipping-taxable","14":"purchasable","15":"product-type-variable","16":"has-default-attributes"},"jetpack_sharing_enabled":true,"_links":{"self":[{"href":"https:\/\/urban-clothingstore.com\/en\/wp-json\/wp\/v2\/product\/3537","targetHints":{"allow":["GET"]}}],"collection":[{"href":"https:\/\/urban-clothingstore.com\/en\/wp-json\/wp\/v2\/product"}],"about":[{"href":"https:\/\/urban-clothingstore.com\/en\/wp-json\/wp\/v2\/types\/product"}],"replies":[{"embeddable":true,"href":"https:\/\/urban-clothingstore.com\/en\/wp-json\/wp\/v2\/comments?post=3537"}],"wp:featuredmedia":[{"embeddable":true,"href":"https:\/\/urban-clothingstore.com\/en\/wp-json\/wp\/v2\/media\/3539"}],"wp:attachment":[{"href":"https:\/\/urban-clothingstore.com\/en\/wp-json\/wp\/v2\/media?parent=3537"}],"wp:term":[{"taxonomy":"product_brand","embeddable":true,"href":"https:\/\/urban-clothingstore.com\/en\/wp-json\/wp\/v2\/product_brand?post=3537"},{"taxonomy":"product_cat","embeddable":true,"href":"https:\/\/urban-clothingstore.com\/en\/wp-json\/wp\/v2\/product_cat?post=3537"},{"taxonomy":"product_tag","embeddable":true,"href":"https:\/\/urban-clothingstore.com\/en\/wp-json\/wp\/v2\/product_tag?post=3537"}],"curies":[{"name":"wp","href":"https:\/\/api.w.org\/{rel}","templated":true}]}}