{"id":3545,"date":"2025-05-26T23:23:51","date_gmt":"2025-05-26T23:23:51","guid":{"rendered":"https:\/\/urban-clothingstore.com\/?post_type=product&#038;p=3545"},"modified":"2026-03-23T10:34:47","modified_gmt":"2026-03-23T10:34:47","slug":"mens-lightweight-linen-shirt-off-white","status":"publish","type":"product","link":"https:\/\/urban-clothingstore.com\/en\/product\/mens-lightweight-linen-shirt-off-white\/","title":{"rendered":"K\u00ebmish\u00eb e Leht\u00eb prej Linen e Bardh\u00eb"},"content":{"rendered":"<div class=\"lRu31\" dir=\"ltr\">\n<p><span class=\"HwtZe\" lang=\"sq\"><span class=\"jCAhz ChMk0b\"><span class=\"ryNqvb\">Pa shum\u00eb mundim, e fresk\u00ebt, kjo k\u00ebmish\u00eb prej liri me m\u00ebng\u00eb t\u00eb gjata ngjyr\u00eb t\u00eb bardh\u00eb t\u00eb err\u00ebt \u00ebsht\u00eb veshja juaj e preferuar p\u00ebr nj\u00eb stil t\u00eb rehatsh\u00ebm dhe sofistikim.<\/span><\/span> <span class=\"jCAhz ChMk0b\"><span class=\"ryNqvb\">E projektuar me nj\u00eb prerje t\u00eb relaksuar, me kopsa p\u00ebrpara dhe xhep n\u00eb gjoks, ajo ofron nj\u00eb ndjesi natyrale dhe t\u00eb ajrosur q\u00eb \u00ebsht\u00eb perfekte p\u00ebr mot t\u00eb ngroht\u00eb.<\/span><\/span> <span class=\"jCAhz ChMk0b\"><span class=\"ryNqvb\">Qoft\u00eb e veshur hapur mbi nj\u00eb bluz\u00eb pa m\u00ebng\u00eb apo e kopsuar p\u00ebr darka buz\u00eb detit, kjo k\u00ebmish\u00eb i sjell eleganc\u00eb t\u00eb thjesht\u00eb linj\u00ebs suaj t\u00eb veshjeve t\u00eb p\u00ebrditshme.<\/span><\/span> <span class=\"jCAhz ChMk0b\"><span class=\"ryNqvb\">Ideale p\u00ebr pushime ose dit\u00eb me diell n\u00eb qytet.<\/span><\/span><\/span><\/p>\n<div class=\"OvtS8d\"><\/div>\n<div id=\"ow14\"><\/div>\n<\/div>\n<div class=\"UdTY9 WdefRb\" aria-hidden=\"true\" data-location=\"2\"><\/div>","protected":false},"excerpt":{"rendered":"<p>Pa shum\u00eb mundim, e fresk\u00ebt, kjo k\u00ebmish\u00eb prej liri me m\u00ebng\u00eb t\u00eb gjata ngjyr\u00eb t\u00eb bardh\u00eb t\u00eb err\u00ebt \u00ebsht\u00eb veshja juaj e preferuar p\u00ebr nj\u00eb stil t\u00eb rehatsh\u00ebm dhe sofistikim. E projektuar me nj\u00eb prerje t\u00eb relaksuar, me kopsa p\u00ebrpara dhe xhep n\u00eb gjoks, ajo ofron nj\u00eb ndjesi natyrale dhe t\u00eb ajrosur q\u00eb \u00ebsht\u00eb perfekte [&hellip;]<\/p>","protected":false},"featured_media":3547,"comment_status":"open","ping_status":"closed","template":"","meta":[],"product_brand":[],"product_cat":[61],"product_tag":[62,29],"class_list":{"0":"post-3545","1":"product","2":"type-product","3":"status-publish","4":"has-post-thumbnail","6":"product_cat-shirt","7":"product_tag-shirt","8":"product_tag-white","10":"first","11":"outofstock","12":"taxable","13":"shipping-taxable","14":"purchasable","15":"product-type-variable","16":"has-default-attributes"},"jetpack_sharing_enabled":true,"_links":{"self":[{"href":"https:\/\/urban-clothingstore.com\/en\/wp-json\/wp\/v2\/product\/3545","targetHints":{"allow":["GET"]}}],"collection":[{"href":"https:\/\/urban-clothingstore.com\/en\/wp-json\/wp\/v2\/product"}],"about":[{"href":"https:\/\/urban-clothingstore.com\/en\/wp-json\/wp\/v2\/types\/product"}],"replies":[{"embeddable":true,"href":"https:\/\/urban-clothingstore.com\/en\/wp-json\/wp\/v2\/comments?post=3545"}],"wp:featuredmedia":[{"embeddable":true,"href":"https:\/\/urban-clothingstore.com\/en\/wp-json\/wp\/v2\/media\/3547"}],"wp:attachment":[{"href":"https:\/\/urban-clothingstore.com\/en\/wp-json\/wp\/v2\/media?parent=3545"}],"wp:term":[{"taxonomy":"product_brand","embeddable":true,"href":"https:\/\/urban-clothingstore.com\/en\/wp-json\/wp\/v2\/product_brand?post=3545"},{"taxonomy":"product_cat","embeddable":true,"href":"https:\/\/urban-clothingstore.com\/en\/wp-json\/wp\/v2\/product_cat?post=3545"},{"taxonomy":"product_tag","embeddable":true,"href":"https:\/\/urban-clothingstore.com\/en\/wp-json\/wp\/v2\/product_tag?post=3545"}],"curies":[{"name":"wp","href":"https:\/\/api.w.org\/{rel}","templated":true}]}}