{"id":3800,"date":"2025-06-14T20:15:48","date_gmt":"2025-06-14T20:15:48","guid":{"rendered":"https:\/\/urban-clothingstore.com\/?post_type=product&#038;p=3800"},"modified":"2025-08-26T12:39:34","modified_gmt":"2025-08-26T12:39:34","slug":"mens-washed-black-denim-shorts","status":"publish","type":"product","link":"https:\/\/urban-clothingstore.com\/en\/product\/mens-washed-black-denim-shorts\/","title":{"rendered":"Xhinse t\u00eb Shkurtra t\u00eb Zeza t\u00eb Shlyera"},"content":{"rendered":"<p><span class=\"jCAhz ChMk0b\"><span class=\"ryNqvb\">P\u00ebrmir\u00ebsoni pamjen tuaj t\u00eb p\u00ebrditshme me k\u00ebto pantallona t\u00eb shkurtra xhins t\u00eb zeza t\u00eb shlyera p\u00ebr meshkuj.<\/span><\/span> <span class=\"jCAhz ChMk0b\"><span class=\"ryNqvb\">T\u00eb dizajnuara me nj\u00eb prerje moderne t\u00eb ngusht\u00eb dhe detaje delikate t\u00eb vjetra, ato ofrojn\u00eb nj\u00eb pamje t\u00eb qet\u00eb por elegante.<\/span><\/span> <span class=\"jCAhz ChMk0b\"><span class=\"ryNqvb\">Ngjyra e zez\u00eb e zbeht\u00eb shkon pa mundim me \u00e7do bluz\u00eb, duke i b\u00ebr\u00eb ato nj\u00eb element baz\u00eb t\u00eb gjithansh\u00ebm p\u00ebr dit\u00ebt me mot t\u00eb ngroht\u00eb.<\/span><\/span> <span class=\"jCAhz ChMk0b\"><span class=\"ryNqvb\">T\u00eb punuara nga xhins i q\u00ebndruesh\u00ebm me nj\u00eb elasticitet t\u00eb rehatsh\u00ebm, ato ofrojn\u00eb leht\u00ebsi gjat\u00eb gjith\u00eb dit\u00ebs pa b\u00ebr\u00eb kompromis me stilin.<\/span><\/span> <span class=\"jCAhz ChMk0b\"><span class=\"ryNqvb\">Perfekte p\u00ebr veshje t\u00eb p\u00ebrditshme, sh\u00ebtitje n\u00eb qytet ose dalje n\u00eb fundjav\u00eb.<\/span><\/span><\/p>","protected":false},"excerpt":{"rendered":"<p>P\u00ebrmir\u00ebsoni pamjen tuaj t\u00eb p\u00ebrditshme me k\u00ebto pantallona t\u00eb shkurtra xhins t\u00eb zeza t\u00eb shlyera p\u00ebr meshkuj. T\u00eb dizajnuara me nj\u00eb prerje moderne t\u00eb ngusht\u00eb dhe detaje delikate t\u00eb vjetra, ato ofrojn\u00eb nj\u00eb pamje t\u00eb qet\u00eb por elegante. Ngjyra e zez\u00eb e zbeht\u00eb shkon pa mundim me \u00e7do bluz\u00eb, duke i b\u00ebr\u00eb ato nj\u00eb element [&hellip;]<\/p>","protected":false},"featured_media":3803,"comment_status":"open","ping_status":"closed","template":"","meta":[],"product_brand":[],"product_cat":[69],"product_tag":[236,70],"class_list":{"0":"post-3800","1":"product","2":"type-product","3":"status-publish","4":"has-post-thumbnail","6":"product_cat-shorts","7":"product_tag-gray","8":"product_tag-shorts","10":"first","11":"instock","12":"taxable","13":"shipping-taxable","14":"purchasable","15":"product-type-variable","16":"has-default-attributes"},"jetpack_sharing_enabled":true,"_links":{"self":[{"href":"https:\/\/urban-clothingstore.com\/en\/wp-json\/wp\/v2\/product\/3800","targetHints":{"allow":["GET"]}}],"collection":[{"href":"https:\/\/urban-clothingstore.com\/en\/wp-json\/wp\/v2\/product"}],"about":[{"href":"https:\/\/urban-clothingstore.com\/en\/wp-json\/wp\/v2\/types\/product"}],"replies":[{"embeddable":true,"href":"https:\/\/urban-clothingstore.com\/en\/wp-json\/wp\/v2\/comments?post=3800"}],"wp:featuredmedia":[{"embeddable":true,"href":"https:\/\/urban-clothingstore.com\/en\/wp-json\/wp\/v2\/media\/3803"}],"wp:attachment":[{"href":"https:\/\/urban-clothingstore.com\/en\/wp-json\/wp\/v2\/media?parent=3800"}],"wp:term":[{"taxonomy":"product_brand","embeddable":true,"href":"https:\/\/urban-clothingstore.com\/en\/wp-json\/wp\/v2\/product_brand?post=3800"},{"taxonomy":"product_cat","embeddable":true,"href":"https:\/\/urban-clothingstore.com\/en\/wp-json\/wp\/v2\/product_cat?post=3800"},{"taxonomy":"product_tag","embeddable":true,"href":"https:\/\/urban-clothingstore.com\/en\/wp-json\/wp\/v2\/product_tag?post=3800"}],"curies":[{"name":"wp","href":"https:\/\/api.w.org\/{rel}","templated":true}]}}