{"id":3814,"date":"2025-06-14T20:22:11","date_gmt":"2025-06-14T20:22:11","guid":{"rendered":"https:\/\/urban-clothingstore.com\/?post_type=product&#038;p=3814"},"modified":"2025-08-26T12:38:44","modified_gmt":"2025-08-26T12:38:44","slug":"mens-black-denim-shorts","status":"publish","type":"product","link":"https:\/\/urban-clothingstore.com\/en\/product\/mens-black-denim-shorts\/","title":{"rendered":"Xhinse t\u00eb Shkurtra t\u00eb Zeza p\u00ebr meshkuj"},"content":{"rendered":"<p><span class=\"jCAhz ChMk0b\"><span class=\"ryNqvb\">Mbajeni stilin klasik me k\u00ebto pantallona t\u00eb shkurtra xhins t\u00eb zeza p\u00ebr meshkuj \u2014 nj\u00eb gard\u00ebrob\u00eb thelb\u00ebsore p\u00ebr nj\u00eb stil t\u00eb p\u00ebrditsh\u00ebm pa mundim.<\/span><\/span> <span class=\"jCAhz ChMk0b\"><span class=\"ryNqvb\">Me nj\u00eb prerje t\u00eb past\u00ebr dhe t\u00eb drejt\u00eb dhe nj\u00eb prerje t\u00eb zez\u00eb t\u00eb plot\u00eb, k\u00ebto pantallona t\u00eb shkurtra sjellin nj\u00eb pamje t\u00eb p\u00ebrjetshme q\u00eb kombinohet leht\u00ebsisht me \u00e7do bluz\u00eb ose atlete.<\/span><\/span> <span class=\"jCAhz ChMk0b\"><span class=\"ryNqvb\">T\u00eb b\u00ebra nga xhins cil\u00ebsor me nj\u00eb prekje elasticiteti p\u00ebr m\u00eb shum\u00eb rehati, ato jan\u00eb perfekte p\u00ebr dit\u00eb t\u00eb rast\u00ebsishme ose fundjava t\u00eb qeta.<\/span><\/span> <span class=\"jCAhz ChMk0b\"><span class=\"ryNqvb\">T\u00eb thjeshta, t\u00eb gjithanshme dhe gjithmon\u00eb me stil.<\/span><\/span><\/p>","protected":false},"excerpt":{"rendered":"<p>Mbajeni stilin klasik me k\u00ebto pantallona t\u00eb shkurtra xhins t\u00eb zeza p\u00ebr meshkuj \u2014 nj\u00eb gard\u00ebrob\u00eb thelb\u00ebsore p\u00ebr nj\u00eb stil t\u00eb p\u00ebrditsh\u00ebm pa mundim. Me nj\u00eb prerje t\u00eb past\u00ebr dhe t\u00eb drejt\u00eb dhe nj\u00eb prerje t\u00eb zez\u00eb t\u00eb plot\u00eb, k\u00ebto pantallona t\u00eb shkurtra sjellin nj\u00eb pamje t\u00eb p\u00ebrjetshme q\u00eb kombinohet leht\u00ebsisht me \u00e7do bluz\u00eb ose [&hellip;]<\/p>","protected":false},"featured_media":3812,"comment_status":"open","ping_status":"closed","template":"","meta":[],"product_brand":[],"product_cat":[69],"product_tag":[30,70],"class_list":{"0":"post-3814","1":"product","2":"type-product","3":"status-publish","4":"has-post-thumbnail","6":"product_cat-shorts","7":"product_tag-black","8":"product_tag-shorts","10":"first","11":"instock","12":"taxable","13":"shipping-taxable","14":"purchasable","15":"product-type-variable","16":"has-default-attributes"},"jetpack_sharing_enabled":true,"_links":{"self":[{"href":"https:\/\/urban-clothingstore.com\/en\/wp-json\/wp\/v2\/product\/3814","targetHints":{"allow":["GET"]}}],"collection":[{"href":"https:\/\/urban-clothingstore.com\/en\/wp-json\/wp\/v2\/product"}],"about":[{"href":"https:\/\/urban-clothingstore.com\/en\/wp-json\/wp\/v2\/types\/product"}],"replies":[{"embeddable":true,"href":"https:\/\/urban-clothingstore.com\/en\/wp-json\/wp\/v2\/comments?post=3814"}],"wp:featuredmedia":[{"embeddable":true,"href":"https:\/\/urban-clothingstore.com\/en\/wp-json\/wp\/v2\/media\/3812"}],"wp:attachment":[{"href":"https:\/\/urban-clothingstore.com\/en\/wp-json\/wp\/v2\/media?parent=3814"}],"wp:term":[{"taxonomy":"product_brand","embeddable":true,"href":"https:\/\/urban-clothingstore.com\/en\/wp-json\/wp\/v2\/product_brand?post=3814"},{"taxonomy":"product_cat","embeddable":true,"href":"https:\/\/urban-clothingstore.com\/en\/wp-json\/wp\/v2\/product_cat?post=3814"},{"taxonomy":"product_tag","embeddable":true,"href":"https:\/\/urban-clothingstore.com\/en\/wp-json\/wp\/v2\/product_tag?post=3814"}],"curies":[{"name":"wp","href":"https:\/\/api.w.org\/{rel}","templated":true}]}}