{"id":3823,"date":"2025-06-14T20:27:32","date_gmt":"2025-06-14T20:27:32","guid":{"rendered":"https:\/\/urban-clothingstore.com\/?post_type=product&#038;p=3823"},"modified":"2025-08-26T12:36:34","modified_gmt":"2025-08-26T12:36:34","slug":"mens-blue-all-over-print-denim-shorts","status":"publish","type":"product","link":"https:\/\/urban-clothingstore.com\/en\/product\/mens-blue-all-over-print-denim-shorts\/","title":{"rendered":"Xhinse t\u00eb Shkurtra Blu me Printim t\u00eb Plot\u00eb"},"content":{"rendered":"<p><span class=\"jCAhz ChMk0b\"><span class=\"ryNqvb\">B\u00ebni nj\u00eb deklarat\u00eb t\u00eb guximshme me k\u00ebto pantallona t\u00eb shkurtra xhins blu me nj\u00eb printim grafik n\u00eb t\u00eb gjith\u00eb sip\u00ebrfaqen.<\/span><\/span> <span class=\"jCAhz ChMk0b\"><span class=\"ryNqvb\">T\u00eb dizajnuara p\u00ebr nj\u00eb stil rruge q\u00eb bie n\u00eb sy, ato kombinojn\u00eb nj\u00eb prerje t\u00eb relaksuar me pamje t\u00ebrheq\u00ebse, duke p\u00ebrfshir\u00eb modele teksti p\u00ebrs\u00ebrit\u00ebse &#8220;2Y&#8221; dhe &#8220;Premium&#8221;.<\/span><\/span> <span class=\"jCAhz ChMk0b\"><span class=\"ryNqvb\">Prerja me gjat\u00ebsi t\u00eb mesme dhe xhinsi i but\u00eb dhe elastik sigurojn\u00eb rehati dhe l\u00ebvizje maksimale, perfekte p\u00ebr pamje urbane ose dalje verore.<\/span><\/span> <span class=\"jCAhz ChMk0b\"><span class=\"ryNqvb\">Kombinojini me nj\u00eb bluz\u00eb t\u00eb thjesht\u00eb ose me kapel\u00eb p\u00ebr ta l\u00ebn\u00eb printin t\u00eb dal\u00eb n\u00eb pah.<\/span><\/span><\/p>","protected":false},"excerpt":{"rendered":"<p>B\u00ebni nj\u00eb deklarat\u00eb t\u00eb guximshme me k\u00ebto pantallona t\u00eb shkurtra xhins blu me nj\u00eb printim grafik n\u00eb t\u00eb gjith\u00eb sip\u00ebrfaqen. T\u00eb dizajnuara p\u00ebr nj\u00eb stil rruge q\u00eb bie n\u00eb sy, ato kombinojn\u00eb nj\u00eb prerje t\u00eb relaksuar me pamje t\u00ebrheq\u00ebse, duke p\u00ebrfshir\u00eb modele teksti p\u00ebrs\u00ebrit\u00ebse &#8220;2Y&#8221; dhe &#8220;Premium&#8221;. Prerja me gjat\u00ebsi t\u00eb mesme dhe xhinsi i [&hellip;]<\/p>","protected":false},"featured_media":3824,"comment_status":"open","ping_status":"closed","template":"","meta":[],"product_brand":[],"product_cat":[69],"product_tag":[43,70],"class_list":{"0":"post-3823","1":"product","2":"type-product","3":"status-publish","4":"has-post-thumbnail","6":"product_cat-shorts","7":"product_tag-blue","8":"product_tag-shorts","10":"first","11":"instock","12":"taxable","13":"shipping-taxable","14":"purchasable","15":"product-type-variable","16":"has-default-attributes"},"jetpack_sharing_enabled":true,"_links":{"self":[{"href":"https:\/\/urban-clothingstore.com\/en\/wp-json\/wp\/v2\/product\/3823","targetHints":{"allow":["GET"]}}],"collection":[{"href":"https:\/\/urban-clothingstore.com\/en\/wp-json\/wp\/v2\/product"}],"about":[{"href":"https:\/\/urban-clothingstore.com\/en\/wp-json\/wp\/v2\/types\/product"}],"replies":[{"embeddable":true,"href":"https:\/\/urban-clothingstore.com\/en\/wp-json\/wp\/v2\/comments?post=3823"}],"wp:featuredmedia":[{"embeddable":true,"href":"https:\/\/urban-clothingstore.com\/en\/wp-json\/wp\/v2\/media\/3824"}],"wp:attachment":[{"href":"https:\/\/urban-clothingstore.com\/en\/wp-json\/wp\/v2\/media?parent=3823"}],"wp:term":[{"taxonomy":"product_brand","embeddable":true,"href":"https:\/\/urban-clothingstore.com\/en\/wp-json\/wp\/v2\/product_brand?post=3823"},{"taxonomy":"product_cat","embeddable":true,"href":"https:\/\/urban-clothingstore.com\/en\/wp-json\/wp\/v2\/product_cat?post=3823"},{"taxonomy":"product_tag","embeddable":true,"href":"https:\/\/urban-clothingstore.com\/en\/wp-json\/wp\/v2\/product_tag?post=3823"}],"curies":[{"name":"wp","href":"https:\/\/api.w.org\/{rel}","templated":true}]}}