{"id":3832,"date":"2025-06-14T20:32:55","date_gmt":"2025-06-14T20:32:55","guid":{"rendered":"https:\/\/urban-clothingstore.com\/?post_type=product&#038;p=3832"},"modified":"2025-08-26T12:05:11","modified_gmt":"2025-08-26T12:05:11","slug":"mens-distressed-black-denim-shorts","status":"publish","type":"product","link":"https:\/\/urban-clothingstore.com\/en\/product\/mens-distressed-black-denim-shorts\/","title":{"rendered":"Xhinse Denim t\u00eb Shkurta t\u00eb Grisura \u2013 ngjyra e Zez\u00eb"},"content":{"rendered":"<p><span class=\"jCAhz ChMk0b\"><span class=\"ryNqvb\">Shtoni nj\u00eb nuanc\u00eb urbane veshjes suaj t\u00eb p\u00ebrditshme me k\u00ebto pantallona t\u00eb shkurtra xhins t\u00eb zeza t\u00eb grisura p\u00ebr meshkuj.<\/span><\/span> <span class=\"jCAhz ChMk0b\"><span class=\"ryNqvb\">Me detaje t\u00eb zbehta dhe t\u00eb grisura n\u00eb pjes\u00ebn e p\u00ebrparme, ato ofrojn\u00eb nj\u00eb atmosfer\u00eb t\u00eb guximshme urbane.<\/span><\/span> <span class=\"jCAhz ChMk0b\"><span class=\"ryNqvb\">P\u00ebrshtatja e relaksuar siguron rehati, nd\u00ebrsa larja n\u00eb stilin vintage u jep atyre nj\u00eb pamje t\u00eb gjall\u00eb.<\/span><\/span> <span class=\"jCAhz ChMk0b\"><span class=\"ryNqvb\">Perfekte p\u00ebr t&#8217;u kombinuar me bluza ose fanella t\u00eb m\u00ebdha, k\u00ebto pantallona t\u00eb shkurtra i sjellin stil t\u00eb spikatur veshjeve t\u00eb p\u00ebrditshme.<\/span><\/span><\/p>","protected":false},"excerpt":{"rendered":"<p>Shtoni nj\u00eb nuanc\u00eb urbane veshjes suaj t\u00eb p\u00ebrditshme me k\u00ebto pantallona t\u00eb shkurtra xhins t\u00eb zeza t\u00eb grisura p\u00ebr meshkuj. Me detaje t\u00eb zbehta dhe t\u00eb grisura n\u00eb pjes\u00ebn e p\u00ebrparme, ato ofrojn\u00eb nj\u00eb atmosfer\u00eb t\u00eb guximshme urbane. P\u00ebrshtatja e relaksuar siguron rehati, nd\u00ebrsa larja n\u00eb stilin vintage u jep atyre nj\u00eb pamje t\u00eb gjall\u00eb. [&hellip;]<\/p>","protected":false},"featured_media":3833,"comment_status":"open","ping_status":"closed","template":"","meta":[],"product_brand":[],"product_cat":[69],"product_tag":[30,70],"class_list":{"0":"post-3832","1":"product","2":"type-product","3":"status-publish","4":"has-post-thumbnail","6":"product_cat-shorts","7":"product_tag-black","8":"product_tag-shorts","10":"first","11":"instock","12":"taxable","13":"shipping-taxable","14":"purchasable","15":"product-type-variable","16":"has-default-attributes"},"jetpack_sharing_enabled":true,"_links":{"self":[{"href":"https:\/\/urban-clothingstore.com\/en\/wp-json\/wp\/v2\/product\/3832","targetHints":{"allow":["GET"]}}],"collection":[{"href":"https:\/\/urban-clothingstore.com\/en\/wp-json\/wp\/v2\/product"}],"about":[{"href":"https:\/\/urban-clothingstore.com\/en\/wp-json\/wp\/v2\/types\/product"}],"replies":[{"embeddable":true,"href":"https:\/\/urban-clothingstore.com\/en\/wp-json\/wp\/v2\/comments?post=3832"}],"wp:featuredmedia":[{"embeddable":true,"href":"https:\/\/urban-clothingstore.com\/en\/wp-json\/wp\/v2\/media\/3833"}],"wp:attachment":[{"href":"https:\/\/urban-clothingstore.com\/en\/wp-json\/wp\/v2\/media?parent=3832"}],"wp:term":[{"taxonomy":"product_brand","embeddable":true,"href":"https:\/\/urban-clothingstore.com\/en\/wp-json\/wp\/v2\/product_brand?post=3832"},{"taxonomy":"product_cat","embeddable":true,"href":"https:\/\/urban-clothingstore.com\/en\/wp-json\/wp\/v2\/product_cat?post=3832"},{"taxonomy":"product_tag","embeddable":true,"href":"https:\/\/urban-clothingstore.com\/en\/wp-json\/wp\/v2\/product_tag?post=3832"}],"curies":[{"name":"wp","href":"https:\/\/api.w.org\/{rel}","templated":true}]}}