{"id":3841,"date":"2025-06-14T20:41:01","date_gmt":"2025-06-14T20:41:01","guid":{"rendered":"https:\/\/urban-clothingstore.com\/?post_type=product&#038;p=3841"},"modified":"2025-08-26T12:34:21","modified_gmt":"2025-08-26T12:34:21","slug":"mens-light-blue-ripped-denim-shorts","status":"publish","type":"product","link":"https:\/\/urban-clothingstore.com\/en\/product\/mens-light-blue-ripped-denim-shorts\/","title":{"rendered":"Xhinse t\u00eb Shkurtra t\u00eb Grisura Ngjyr\u00eb Blu e \u00e7el\u00ebt"},"content":{"rendered":"<p><span class=\"jCAhz ChMk0b\"><span class=\"ryNqvb\">Avanconi dukjen me k\u00ebto pantallona t\u00eb shkurtra xhins t\u00eb grisura ngjyr\u00eb blu t\u00eb \u00e7el\u00ebt p\u00ebr meshkuj.<\/span><\/span> <span class=\"jCAhz ChMk0b\"><span class=\"ryNqvb\">Me skaje t\u00eb forta e t\u00eb grisura dhe nj\u00eb prerje t\u00eb relaksuar, k\u00ebto pantallona t\u00eb shkurtra ofrojn\u00eb energji t\u00eb guximshme t\u00eb veshjes.<\/span><\/span> <span class=\"jCAhz ChMk0b\"><span class=\"ryNqvb\">Larja e zbeht\u00eb shton nj\u00eb atmosfer\u00eb vintage, nd\u00ebrsa detajet e grisura u japin atyre nj\u00eb stil rebel.<\/span><\/span> <span class=\"jCAhz ChMk0b\"><span class=\"ryNqvb\">T\u00eb b\u00ebra nga xhins i but\u00eb dhe i ajrosur, ato jan\u00eb perfekte p\u00ebr dit\u00ebt e ver\u00ebs, festivalet ose daljet e fundjav\u00ebs.<\/span><\/span> <span class=\"jCAhz ChMk0b\"><span class=\"ryNqvb\">Vishini me atlete dhe nj\u00eb bluz\u00eb grafike p\u00ebr nj\u00eb pamje pa mundim.<\/span><\/span><\/p>","protected":false},"excerpt":{"rendered":"<p>Avanconi dukjen me k\u00ebto pantallona t\u00eb shkurtra xhins t\u00eb grisura ngjyr\u00eb blu t\u00eb \u00e7el\u00ebt p\u00ebr meshkuj. Me skaje t\u00eb forta e t\u00eb grisura dhe nj\u00eb prerje t\u00eb relaksuar, k\u00ebto pantallona t\u00eb shkurtra ofrojn\u00eb energji t\u00eb guximshme t\u00eb veshjes. Larja e zbeht\u00eb shton nj\u00eb atmosfer\u00eb vintage, nd\u00ebrsa detajet e grisura u japin atyre nj\u00eb stil rebel. [&hellip;]<\/p>","protected":false},"featured_media":3843,"comment_status":"open","ping_status":"closed","template":"","meta":[],"product_brand":[],"product_cat":[61,69],"product_tag":[43,70],"class_list":{"0":"post-3841","1":"product","2":"type-product","3":"status-publish","4":"has-post-thumbnail","6":"product_cat-shirt","7":"product_cat-shorts","8":"product_tag-blue","9":"product_tag-shorts","11":"first","12":"instock","13":"taxable","14":"shipping-taxable","15":"purchasable","16":"product-type-variable","17":"has-default-attributes"},"jetpack_sharing_enabled":true,"_links":{"self":[{"href":"https:\/\/urban-clothingstore.com\/en\/wp-json\/wp\/v2\/product\/3841","targetHints":{"allow":["GET"]}}],"collection":[{"href":"https:\/\/urban-clothingstore.com\/en\/wp-json\/wp\/v2\/product"}],"about":[{"href":"https:\/\/urban-clothingstore.com\/en\/wp-json\/wp\/v2\/types\/product"}],"replies":[{"embeddable":true,"href":"https:\/\/urban-clothingstore.com\/en\/wp-json\/wp\/v2\/comments?post=3841"}],"wp:featuredmedia":[{"embeddable":true,"href":"https:\/\/urban-clothingstore.com\/en\/wp-json\/wp\/v2\/media\/3843"}],"wp:attachment":[{"href":"https:\/\/urban-clothingstore.com\/en\/wp-json\/wp\/v2\/media?parent=3841"}],"wp:term":[{"taxonomy":"product_brand","embeddable":true,"href":"https:\/\/urban-clothingstore.com\/en\/wp-json\/wp\/v2\/product_brand?post=3841"},{"taxonomy":"product_cat","embeddable":true,"href":"https:\/\/urban-clothingstore.com\/en\/wp-json\/wp\/v2\/product_cat?post=3841"},{"taxonomy":"product_tag","embeddable":true,"href":"https:\/\/urban-clothingstore.com\/en\/wp-json\/wp\/v2\/product_tag?post=3841"}],"curies":[{"name":"wp","href":"https:\/\/api.w.org\/{rel}","templated":true}]}}