{"id":3851,"date":"2025-06-14T20:47:18","date_gmt":"2025-06-14T20:47:18","guid":{"rendered":"https:\/\/urban-clothingstore.com\/?post_type=product&#038;p=3851"},"modified":"2025-08-26T12:14:09","modified_gmt":"2025-08-26T12:14:09","slug":"mens-light-wash-ripped-denim-shorts","status":"publish","type":"product","link":"https:\/\/urban-clothingstore.com\/en\/product\/mens-light-wash-ripped-denim-shorts\/","title":{"rendered":"Xhinse t\u00eb Shkurtra t\u00eb Grisura me ngjyr\u00eb t\u00eb \u00e7el\u00ebt"},"content":{"rendered":"<p><span class=\"jCAhz ChMk0b\"><span class=\"ryNqvb\">Rifreskoni stilin tuaj veror me k\u00ebto pantallona t\u00eb shkurtra xhins p\u00ebr meshkuj me larje t\u00eb leht\u00eb, t\u00eb paraqitura me detaje t\u00eb forta dhe t\u00eb grisura.<\/span><\/span> <span class=\"jCAhz ChMk0b\"><span class=\"ryNqvb\">Me nj\u00eb prerje t\u00eb relaksuar dhe nj\u00eb pamje t\u00eb zbehur vintage, k\u00ebto pantallona t\u00eb shkurtra ofrojn\u00eb freski pa mundim dhe rehati gjat\u00eb gjith\u00eb dit\u00ebs.<\/span><\/span> <span class=\"jCAhz ChMk0b\"><span class=\"ryNqvb\">Pjesa e p\u00ebrparme me ngjyr\u00eb t\u00eb grisur shton nj\u00eb atmosfer\u00eb t\u00eb ve\u00e7ant\u00eb, nd\u00ebrsa xhinsi i but\u00eb dhe i ajrosur i b\u00ebn ato ideale p\u00ebr t&#8217;u veshur n\u00eb mot t\u00eb ngroht\u00eb.<\/span><\/span> <span class=\"jCAhz ChMk0b\"><span class=\"ryNqvb\">Kombinojini me nj\u00eb bluz\u00eb t\u00eb thjesht\u00eb dhe atlete p\u00ebr nj\u00eb veshje t\u00eb past\u00ebr dhe gati p\u00ebr dalje.<\/span><\/span><\/p>","protected":false},"excerpt":{"rendered":"<p>Rifreskoni stilin tuaj veror me k\u00ebto pantallona t\u00eb shkurtra xhins p\u00ebr meshkuj me larje t\u00eb leht\u00eb, t\u00eb paraqitura me detaje t\u00eb forta dhe t\u00eb grisura. Me nj\u00eb prerje t\u00eb relaksuar dhe nj\u00eb pamje t\u00eb zbehur vintage, k\u00ebto pantallona t\u00eb shkurtra ofrojn\u00eb freski pa mundim dhe rehati gjat\u00eb gjith\u00eb dit\u00ebs. Pjesa e p\u00ebrparme me ngjyr\u00eb t\u00eb [&hellip;]<\/p>","protected":false},"featured_media":3853,"comment_status":"open","ping_status":"closed","template":"","meta":[],"product_brand":[],"product_cat":[69],"product_tag":[70,45],"class_list":{"0":"post-3851","1":"product","2":"type-product","3":"status-publish","4":"has-post-thumbnail","6":"product_cat-shorts","7":"product_tag-shorts","8":"product_tag-skyblue","10":"first","11":"instock","12":"taxable","13":"shipping-taxable","14":"purchasable","15":"product-type-variable","16":"has-default-attributes"},"jetpack_sharing_enabled":true,"_links":{"self":[{"href":"https:\/\/urban-clothingstore.com\/en\/wp-json\/wp\/v2\/product\/3851","targetHints":{"allow":["GET"]}}],"collection":[{"href":"https:\/\/urban-clothingstore.com\/en\/wp-json\/wp\/v2\/product"}],"about":[{"href":"https:\/\/urban-clothingstore.com\/en\/wp-json\/wp\/v2\/types\/product"}],"replies":[{"embeddable":true,"href":"https:\/\/urban-clothingstore.com\/en\/wp-json\/wp\/v2\/comments?post=3851"}],"wp:featuredmedia":[{"embeddable":true,"href":"https:\/\/urban-clothingstore.com\/en\/wp-json\/wp\/v2\/media\/3853"}],"wp:attachment":[{"href":"https:\/\/urban-clothingstore.com\/en\/wp-json\/wp\/v2\/media?parent=3851"}],"wp:term":[{"taxonomy":"product_brand","embeddable":true,"href":"https:\/\/urban-clothingstore.com\/en\/wp-json\/wp\/v2\/product_brand?post=3851"},{"taxonomy":"product_cat","embeddable":true,"href":"https:\/\/urban-clothingstore.com\/en\/wp-json\/wp\/v2\/product_cat?post=3851"},{"taxonomy":"product_tag","embeddable":true,"href":"https:\/\/urban-clothingstore.com\/en\/wp-json\/wp\/v2\/product_tag?post=3851"}],"curies":[{"name":"wp","href":"https:\/\/api.w.org\/{rel}","templated":true}]}}