{"id":3868,"date":"2025-06-14T21:01:34","date_gmt":"2025-06-14T21:01:34","guid":{"rendered":"https:\/\/urban-clothingstore.com\/?post_type=product&#038;p=3868"},"modified":"2025-08-15T12:47:11","modified_gmt":"2025-08-15T12:47:11","slug":"mens-cream-textured-button-up-shirt","status":"publish","type":"product","link":"https:\/\/urban-clothingstore.com\/en\/product\/mens-cream-textured-button-up-shirt\/","title":{"rendered":"K\u00ebmish\u00eb me Tekstur\u00eb Krem p\u00ebr Meshkuj"},"content":{"rendered":"<p>Q\u00ebndroni t\u00eb fresk\u00ebt dhe t\u00eb rafinuar me k\u00ebt\u00eb bluz\u00eb me tekstur\u00eb krem p\u00ebr meshkuj. Me materialin e saj t\u00eb but\u00eb dhe t\u00eb leht\u00eb dhe jak\u00ebn e relaksuar, \u00ebsht\u00eb perfekte p\u00ebr dit\u00ebt e ver\u00ebs, sh\u00ebtitjet n\u00eb plazh ose mbr\u00ebmjet. P\u00ebrshtatja e relaksuar dhe tekstura delikate e rrudhosur i japin nj\u00eb ndjesi moderne por edhe t\u00eb fresk\u00ebt, nd\u00ebrsa toni i but\u00eb i pjeshk\u00ebs shton nj\u00eb prekje t\u00eb fresk\u00ebt ngjyre. Ideale p\u00ebr t&#8217;u kombinuar me pantallona t\u00eb bardha ose pantallona t\u00eb shkurtra prej liri p\u00ebr nj\u00eb pamje t\u00eb past\u00ebr dhe sezonale.<\/p>","protected":false},"excerpt":{"rendered":"<p>Q\u00ebndroni t\u00eb fresk\u00ebt dhe t\u00eb rafinuar me k\u00ebt\u00eb bluz\u00eb me tekstur\u00eb krem p\u00ebr meshkuj. Me materialin e saj t\u00eb but\u00eb dhe t\u00eb leht\u00eb dhe jak\u00ebn e relaksuar, \u00ebsht\u00eb perfekte p\u00ebr dit\u00ebt e ver\u00ebs, sh\u00ebtitjet n\u00eb plazh ose mbr\u00ebmjet. P\u00ebrshtatja e relaksuar dhe tekstura delikate e rrudhosur i japin nj\u00eb ndjesi moderne por edhe t\u00eb fresk\u00ebt, [&hellip;]<\/p>","protected":false},"featured_media":3869,"comment_status":"open","ping_status":"closed","template":"","meta":[],"product_brand":[],"product_cat":[61],"product_tag":[60,62],"class_list":{"0":"post-3868","1":"product","2":"type-product","3":"status-publish","4":"has-post-thumbnail","6":"product_cat-shirt","7":"product_tag-cream","8":"product_tag-shirt","10":"first","11":"instock","12":"sale","13":"taxable","14":"shipping-taxable","15":"purchasable","16":"product-type-variable","17":"has-default-attributes"},"jetpack_sharing_enabled":true,"_links":{"self":[{"href":"https:\/\/urban-clothingstore.com\/en\/wp-json\/wp\/v2\/product\/3868","targetHints":{"allow":["GET"]}}],"collection":[{"href":"https:\/\/urban-clothingstore.com\/en\/wp-json\/wp\/v2\/product"}],"about":[{"href":"https:\/\/urban-clothingstore.com\/en\/wp-json\/wp\/v2\/types\/product"}],"replies":[{"embeddable":true,"href":"https:\/\/urban-clothingstore.com\/en\/wp-json\/wp\/v2\/comments?post=3868"}],"wp:featuredmedia":[{"embeddable":true,"href":"https:\/\/urban-clothingstore.com\/en\/wp-json\/wp\/v2\/media\/3869"}],"wp:attachment":[{"href":"https:\/\/urban-clothingstore.com\/en\/wp-json\/wp\/v2\/media?parent=3868"}],"wp:term":[{"taxonomy":"product_brand","embeddable":true,"href":"https:\/\/urban-clothingstore.com\/en\/wp-json\/wp\/v2\/product_brand?post=3868"},{"taxonomy":"product_cat","embeddable":true,"href":"https:\/\/urban-clothingstore.com\/en\/wp-json\/wp\/v2\/product_cat?post=3868"},{"taxonomy":"product_tag","embeddable":true,"href":"https:\/\/urban-clothingstore.com\/en\/wp-json\/wp\/v2\/product_tag?post=3868"}],"curies":[{"name":"wp","href":"https:\/\/api.w.org\/{rel}","templated":true}]}}