{"id":3883,"date":"2025-06-14T21:13:46","date_gmt":"2025-06-14T21:13:46","guid":{"rendered":"https:\/\/urban-clothingstore.com\/?post_type=product&#038;p=3883"},"modified":"2025-08-21T19:02:55","modified_gmt":"2025-08-21T19:02:55","slug":"mens-oversized-black-graphic-t-shirt-fromearth","status":"publish","type":"product","link":"https:\/\/urban-clothingstore.com\/en\/product\/mens-oversized-black-graphic-t-shirt-fromearth\/","title":{"rendered":"Maic\u00eb e Zez\u00eb me Grafik\u00eb"},"content":{"rendered":"<p>B\u00ebj nj\u00eb deklarat\u00eb t\u00eb guximshme me k\u00ebt\u00eb bluz\u00eb t\u00eb zez\u00eb grafike t\u00eb madhe. Me nj\u00eb printim t\u00eb spikatur &#8220;FROM EARTH&#8221; p\u00ebrpara dhe mbishkrime gotike n\u00eb m\u00ebng\u00eb, kjo bluz\u00eb sjell nj\u00eb q\u00ebndrim serioz rruge. E punuar me pambuk t\u00eb but\u00eb dhe t\u00eb ajrosur, ofron nj\u00eb prerje t\u00eb relaksuar p\u00ebr rehati dhe stil gjat\u00eb gjith\u00eb dit\u00ebs. Ideale p\u00ebr t&#8217;u kombinuar me xhinse t\u00eb grisura ose pantallona t\u00eb shkurtra, \u00ebsht\u00eb maica perfekte p\u00ebr t\u00eb p\u00ebrmir\u00ebsuar pamjen tuaj urbane.<\/p>","protected":false},"excerpt":{"rendered":"<p>B\u00ebj nj\u00eb deklarat\u00eb t\u00eb guximshme me k\u00ebt\u00eb bluz\u00eb t\u00eb zez\u00eb grafike t\u00eb madhe. Me nj\u00eb printim t\u00eb spikatur &#8220;FROM EARTH&#8221; p\u00ebrpara dhe mbishkrime gotike n\u00eb m\u00ebng\u00eb, kjo bluz\u00eb sjell nj\u00eb q\u00ebndrim serioz rruge. E punuar me pambuk t\u00eb but\u00eb dhe t\u00eb ajrosur, ofron nj\u00eb prerje t\u00eb relaksuar p\u00ebr rehati dhe stil gjat\u00eb gjith\u00eb dit\u00ebs. Ideale [&hellip;]<\/p>","protected":false},"featured_media":3889,"comment_status":"open","ping_status":"closed","template":"","meta":[],"product_brand":[],"product_cat":[21],"product_tag":[30,28],"class_list":{"0":"post-3883","1":"product","2":"type-product","3":"status-publish","4":"has-post-thumbnail","6":"product_cat-tshirts","7":"product_tag-black","8":"product_tag-t-shirt","10":"first","11":"instock","12":"taxable","13":"shipping-taxable","14":"purchasable","15":"product-type-variable","16":"has-default-attributes"},"jetpack_sharing_enabled":true,"_links":{"self":[{"href":"https:\/\/urban-clothingstore.com\/en\/wp-json\/wp\/v2\/product\/3883","targetHints":{"allow":["GET"]}}],"collection":[{"href":"https:\/\/urban-clothingstore.com\/en\/wp-json\/wp\/v2\/product"}],"about":[{"href":"https:\/\/urban-clothingstore.com\/en\/wp-json\/wp\/v2\/types\/product"}],"replies":[{"embeddable":true,"href":"https:\/\/urban-clothingstore.com\/en\/wp-json\/wp\/v2\/comments?post=3883"}],"wp:featuredmedia":[{"embeddable":true,"href":"https:\/\/urban-clothingstore.com\/en\/wp-json\/wp\/v2\/media\/3889"}],"wp:attachment":[{"href":"https:\/\/urban-clothingstore.com\/en\/wp-json\/wp\/v2\/media?parent=3883"}],"wp:term":[{"taxonomy":"product_brand","embeddable":true,"href":"https:\/\/urban-clothingstore.com\/en\/wp-json\/wp\/v2\/product_brand?post=3883"},{"taxonomy":"product_cat","embeddable":true,"href":"https:\/\/urban-clothingstore.com\/en\/wp-json\/wp\/v2\/product_cat?post=3883"},{"taxonomy":"product_tag","embeddable":true,"href":"https:\/\/urban-clothingstore.com\/en\/wp-json\/wp\/v2\/product_tag?post=3883"}],"curies":[{"name":"wp","href":"https:\/\/api.w.org\/{rel}","templated":true}]}}