{"id":3913,"date":"2025-06-17T11:49:27","date_gmt":"2025-06-17T11:49:27","guid":{"rendered":"https:\/\/urban-clothingstore.com\/?post_type=product&#038;p=3913"},"modified":"2025-08-15T11:12:55","modified_gmt":"2025-08-15T11:12:55","slug":"mens-slim-fit-black-casual-shirt","status":"publish","type":"product","link":"https:\/\/urban-clothingstore.com\/en\/product\/mens-slim-fit-black-casual-shirt\/","title":{"rendered":"K\u00ebmish\u00eb Slim-fit me Vija e Zez\u00eb"},"content":{"rendered":"<p>Ngrit stilin t\u00ebnd t\u00eb p\u00ebrditsh\u00ebm me k\u00ebt\u00eb k\u00ebmish\u00eb elegante t\u00eb zez\u00eb p\u00ebr meshkuj, slim-fit. E p\u00ebrshtatur p\u00ebr nj\u00eb siluet\u00eb moderne. E punuar nga nj\u00eb material i but\u00eb dhe q\u00eb lejon ajrosjen, kombinohet leht\u00ebsisht me xhinse ose pantallona t\u00eb gjera. Perfekte p\u00ebr dalje t\u00eb zakonshme, takime n\u00eb mbr\u00ebmje. Kombinoje me syzet e diellit dhe nj\u00eb or\u00eb dore p\u00ebr nj\u00eb pamje t\u00eb guximshme dhe t\u00eb sigurt.<\/p>","protected":false},"excerpt":{"rendered":"<p>Ngrit stilin t\u00ebnd t\u00eb p\u00ebrditsh\u00ebm me k\u00ebt\u00eb k\u00ebmish\u00eb elegante t\u00eb zez\u00eb p\u00ebr meshkuj, slim-fit. E p\u00ebrshtatur p\u00ebr nj\u00eb siluet\u00eb moderne. E punuar nga nj\u00eb material i but\u00eb dhe q\u00eb lejon ajrosjen, kombinohet leht\u00ebsisht me xhinse ose pantallona t\u00eb gjera. Perfekte p\u00ebr dalje t\u00eb zakonshme, takime n\u00eb mbr\u00ebmje. Kombinoje me syzet e diellit dhe nj\u00eb or\u00eb [&hellip;]<\/p>","protected":false},"featured_media":3914,"comment_status":"open","ping_status":"closed","template":"","meta":[],"product_brand":[],"product_cat":[61],"product_tag":[30,62],"class_list":{"0":"post-3913","1":"product","2":"type-product","3":"status-publish","4":"has-post-thumbnail","6":"product_cat-shirt","7":"product_tag-black","8":"product_tag-shirt","10":"first","11":"instock","12":"taxable","13":"shipping-taxable","14":"purchasable","15":"product-type-variable","16":"has-default-attributes"},"jetpack_sharing_enabled":true,"_links":{"self":[{"href":"https:\/\/urban-clothingstore.com\/en\/wp-json\/wp\/v2\/product\/3913","targetHints":{"allow":["GET"]}}],"collection":[{"href":"https:\/\/urban-clothingstore.com\/en\/wp-json\/wp\/v2\/product"}],"about":[{"href":"https:\/\/urban-clothingstore.com\/en\/wp-json\/wp\/v2\/types\/product"}],"replies":[{"embeddable":true,"href":"https:\/\/urban-clothingstore.com\/en\/wp-json\/wp\/v2\/comments?post=3913"}],"wp:featuredmedia":[{"embeddable":true,"href":"https:\/\/urban-clothingstore.com\/en\/wp-json\/wp\/v2\/media\/3914"}],"wp:attachment":[{"href":"https:\/\/urban-clothingstore.com\/en\/wp-json\/wp\/v2\/media?parent=3913"}],"wp:term":[{"taxonomy":"product_brand","embeddable":true,"href":"https:\/\/urban-clothingstore.com\/en\/wp-json\/wp\/v2\/product_brand?post=3913"},{"taxonomy":"product_cat","embeddable":true,"href":"https:\/\/urban-clothingstore.com\/en\/wp-json\/wp\/v2\/product_cat?post=3913"},{"taxonomy":"product_tag","embeddable":true,"href":"https:\/\/urban-clothingstore.com\/en\/wp-json\/wp\/v2\/product_tag?post=3913"}],"curies":[{"name":"wp","href":"https:\/\/api.w.org\/{rel}","templated":true}]}}