{"id":3919,"date":"2025-06-17T11:58:02","date_gmt":"2025-06-17T11:58:02","guid":{"rendered":"https:\/\/urban-clothingstore.com\/?post_type=product&#038;p=3919"},"modified":"2025-08-15T11:10:48","modified_gmt":"2025-08-15T11:10:48","slug":"mens-white-mandarin-collar-slim-fit-shirt","status":"publish","type":"product","link":"https:\/\/urban-clothingstore.com\/en\/product\/mens-white-mandarin-collar-slim-fit-shirt\/","title":{"rendered":"K\u00ebmish\u00eb e Bardh\u00eb me Jak\u00eb Mandarin, Slim-fit"},"content":{"rendered":"<p>Shtoni sofistikimin me k\u00ebt\u00eb bluz\u00eb t\u00eb bardh\u00eb me jak\u00eb t\u00eb holl\u00eb Mandarin p\u00ebr meshkuj \u2014 p\u00ebrzierja perfekte e minimalizmit dhe stilit modern. Kjo bluz\u00eb ka nj\u00eb jak\u00eb t\u00eb past\u00ebr Mandarin me shirita dhe nj\u00eb pjes\u00eb t\u00eb p\u00ebrparme elegante me pulla. E b\u00ebr\u00eb me material cil\u00ebsor, ajo siguron si rehati ashtu edhe klas. Ideale si p\u00ebr raste elegante ashtu edhe p\u00ebr mbr\u00ebmje, kombinohet pa mundim me pantallona.<\/p>\n<p>Karakteristikat kryesore:<\/p>\n<ul>\n<li>Ngjyra: E bardh\u00eb klasike<\/li>\n<li>Jak\u00eb: Mandarin\/Jak\u00eb me shirit<\/li>\n<li>Materiali: P\u00ebrzierje pambuku<\/li>\n<li>M\u00ebng\u00eb: Gjat\u00ebsi e plot\u00eb<\/li>\n<li>Mbyllje: Me pulla p\u00ebrpara<\/li>\n<\/ul>","protected":false},"excerpt":{"rendered":"<p>Shtoni sofistikimin me k\u00ebt\u00eb bluz\u00eb t\u00eb bardh\u00eb me jak\u00eb t\u00eb holl\u00eb Mandarin p\u00ebr meshkuj \u2014 p\u00ebrzierja perfekte e minimalizmit dhe stilit modern. Kjo bluz\u00eb ka nj\u00eb jak\u00eb t\u00eb past\u00ebr Mandarin me shirita dhe nj\u00eb pjes\u00eb t\u00eb p\u00ebrparme elegante me pulla. E b\u00ebr\u00eb me material cil\u00ebsor, ajo siguron si rehati ashtu edhe klas. Ideale si p\u00ebr [&hellip;]<\/p>","protected":false},"featured_media":3920,"comment_status":"open","ping_status":"closed","template":"","meta":[],"product_brand":[],"product_cat":[61],"product_tag":[62,29],"class_list":{"0":"post-3919","1":"product","2":"type-product","3":"status-publish","4":"has-post-thumbnail","6":"product_cat-shirt","7":"product_tag-shirt","8":"product_tag-white","10":"first","11":"instock","12":"taxable","13":"shipping-taxable","14":"purchasable","15":"product-type-variable","16":"has-default-attributes"},"jetpack_sharing_enabled":true,"_links":{"self":[{"href":"https:\/\/urban-clothingstore.com\/en\/wp-json\/wp\/v2\/product\/3919","targetHints":{"allow":["GET"]}}],"collection":[{"href":"https:\/\/urban-clothingstore.com\/en\/wp-json\/wp\/v2\/product"}],"about":[{"href":"https:\/\/urban-clothingstore.com\/en\/wp-json\/wp\/v2\/types\/product"}],"replies":[{"embeddable":true,"href":"https:\/\/urban-clothingstore.com\/en\/wp-json\/wp\/v2\/comments?post=3919"}],"wp:featuredmedia":[{"embeddable":true,"href":"https:\/\/urban-clothingstore.com\/en\/wp-json\/wp\/v2\/media\/3920"}],"wp:attachment":[{"href":"https:\/\/urban-clothingstore.com\/en\/wp-json\/wp\/v2\/media?parent=3919"}],"wp:term":[{"taxonomy":"product_brand","embeddable":true,"href":"https:\/\/urban-clothingstore.com\/en\/wp-json\/wp\/v2\/product_brand?post=3919"},{"taxonomy":"product_cat","embeddable":true,"href":"https:\/\/urban-clothingstore.com\/en\/wp-json\/wp\/v2\/product_cat?post=3919"},{"taxonomy":"product_tag","embeddable":true,"href":"https:\/\/urban-clothingstore.com\/en\/wp-json\/wp\/v2\/product_tag?post=3919"}],"curies":[{"name":"wp","href":"https:\/\/api.w.org\/{rel}","templated":true}]}}