{"id":4204,"date":"2025-06-24T21:20:49","date_gmt":"2025-06-24T21:20:49","guid":{"rendered":"https:\/\/urban-clothingstore.com\/?post_type=product&#038;p=4204"},"modified":"2026-04-28T14:36:57","modified_gmt":"2026-04-28T14:36:57","slug":"mens-slim-fit-striped-dress-shirt","status":"publish","type":"product","link":"https:\/\/urban-clothingstore.com\/en\/product\/mens-slim-fit-striped-dress-shirt\/","title":{"rendered":"K\u00ebmish\u00eb Slim-fit me Vija"},"content":{"rendered":"<div class=\"html-div xdj266r x14z9mp xat24cr x1lziwak xexx8yu xyri2b x18d9i69 x1c1uobl x78zum5 x15zctf7\">\n<div class=\"html-div xdj266r x14z9mp xat24cr x1lziwak xexx8yu xyri2b x18d9i69 x1c1uobl xeuugli x1vjfegm\">\n<div>\n<div class=\"html-div xdj266r x14z9mp xat24cr x1lziwak xexx8yu xyri2b x18d9i69 x1c1uobl x78zum5 xh8yej3\" role=\"presentation\">\n<div class=\"x78zum5 xdt5ytf x193iq5w x1n2onr6 x1kxipp6 xuk3077\">\n<div class=\"x78zum5 xh8yej3\" role=\"none\">\n<div class=\"html-div xdj266r x14z9mp xat24cr x1lziwak xexx8yu xyri2b x18d9i69 x1c1uobl x6ikm8r x10wlt62\">\n<div class=\"html-div xdj266r x14z9mp xat24cr x1lziwak x14ctfv x13sv91t x6ikm8r x10wlt62 xerhiuh x1pn3fxy x10zy8in xm9bcq3 x1n2onr6 x1vjfegm x1k4qllp x1mzt3pk x13faqbe x11jlvup xpmdkuv xrmkrer x12z03op x9wyiwl x13fuv20 x18b5jzi x1q0q8m5 x1t7ytsu x12lizq0 x1nrdd72 x1ybe9c6 xx487zo xaymx6s x1lu5o8o x1ou5ly4 xofb2d2\" role=\"presentation\">\n<div class=\"html-div xexx8yu xyri2b x18d9i69 x1c1uobl x1gslohp x14z9mp x12nagc x1lziwak x1yc453h x126k92a xyk4ms5\" dir=\"auto\">\n<p>Sofistokoni pamjen tuaj elegante ose t\u00eb biznesit me k\u00ebmish\u00ebn ton\u00eb t\u00eb ngusht\u00eb me vija, kjo k\u00ebmish\u00eb nxjerr n\u00eb pah nj\u00eb prani t\u00eb guximshme, por edhe t\u00eb rafinuar. Perfekte p\u00ebr raste zyrtare ose mbr\u00ebmje elegante. E holl\u00eb e p\u00ebrshtatur p\u00ebr nj\u00eb siluet\u00eb t\u00eb mpreht\u00eb. P\u00ebrzierje pambuku me cil\u00ebsi t\u00eb lart\u00eb q\u00eb lejon ajrosje. P\u00ebrpara me pulla dhe mang\u00eb t\u00eb rregullueshme. Kombinohet n\u00eb m\u00ebnyr\u00eb perfekte me pantallona.<\/p>\n<\/div>\n<\/div>\n<\/div>\n<\/div>\n<\/div>\n<\/div>\n<\/div>\n<\/div>\n<\/div>","protected":false},"excerpt":{"rendered":"<p>Sofistokoni pamjen tuaj elegante ose t\u00eb biznesit me k\u00ebmish\u00ebn ton\u00eb t\u00eb ngusht\u00eb me vija, kjo k\u00ebmish\u00eb nxjerr n\u00eb pah nj\u00eb prani t\u00eb guximshme, por edhe t\u00eb rafinuar. Perfekte p\u00ebr raste zyrtare ose mbr\u00ebmje elegante. E holl\u00eb e p\u00ebrshtatur p\u00ebr nj\u00eb siluet\u00eb t\u00eb mpreht\u00eb. P\u00ebrzierje pambuku me cil\u00ebsi t\u00eb lart\u00eb q\u00eb lejon ajrosje. P\u00ebrpara me pulla [&hellip;]<\/p>","protected":false},"featured_media":18680,"comment_status":"open","ping_status":"closed","template":"","meta":[],"product_brand":[],"product_cat":[61],"product_tag":[62,269],"class_list":{"0":"post-4204","1":"product","2":"type-product","3":"status-publish","4":"has-post-thumbnail","6":"product_cat-shirt","7":"product_tag-shirt","8":"product_tag-whitenavyblue","10":"first","11":"instock","12":"taxable","13":"shipping-taxable","14":"purchasable","15":"product-type-variable","16":"has-default-attributes"},"jetpack_sharing_enabled":true,"_links":{"self":[{"href":"https:\/\/urban-clothingstore.com\/en\/wp-json\/wp\/v2\/product\/4204","targetHints":{"allow":["GET"]}}],"collection":[{"href":"https:\/\/urban-clothingstore.com\/en\/wp-json\/wp\/v2\/product"}],"about":[{"href":"https:\/\/urban-clothingstore.com\/en\/wp-json\/wp\/v2\/types\/product"}],"replies":[{"embeddable":true,"href":"https:\/\/urban-clothingstore.com\/en\/wp-json\/wp\/v2\/comments?post=4204"}],"wp:featuredmedia":[{"embeddable":true,"href":"https:\/\/urban-clothingstore.com\/en\/wp-json\/wp\/v2\/media\/18680"}],"wp:attachment":[{"href":"https:\/\/urban-clothingstore.com\/en\/wp-json\/wp\/v2\/media?parent=4204"}],"wp:term":[{"taxonomy":"product_brand","embeddable":true,"href":"https:\/\/urban-clothingstore.com\/en\/wp-json\/wp\/v2\/product_brand?post=4204"},{"taxonomy":"product_cat","embeddable":true,"href":"https:\/\/urban-clothingstore.com\/en\/wp-json\/wp\/v2\/product_cat?post=4204"},{"taxonomy":"product_tag","embeddable":true,"href":"https:\/\/urban-clothingstore.com\/en\/wp-json\/wp\/v2\/product_tag?post=4204"}],"curies":[{"name":"wp","href":"https:\/\/api.w.org\/{rel}","templated":true}]}}