{"id":4274,"date":"2025-06-24T22:20:29","date_gmt":"2025-06-24T22:20:29","guid":{"rendered":"https:\/\/urban-clothingstore.com\/?post_type=product&#038;p=4274"},"modified":"2025-09-08T08:36:39","modified_gmt":"2025-09-08T08:36:39","slug":"mens-slim-fit-red-striped-dress-shirt-2","status":"publish","type":"product","link":"https:\/\/urban-clothingstore.com\/en\/product\/mens-slim-fit-red-striped-dress-shirt-2\/","title":{"rendered":"K\u00ebmish\u00eb Slim-fit me Vija t\u00eb Kuqe"},"content":{"rendered":"<p>Ngritni pamjen tuaj elegante ose t\u00eb biznesit me k\u00ebmish\u00ebn me vija t\u00eb kuqe. E projektuar me vija t\u00eb bardha vertikale n\u00eb nj\u00eb baz\u00eb t\u00eb err\u00ebt blu t\u00eb err\u00ebt, kjo k\u00ebmish\u00eb nxjerr n\u00eb pah nj\u00eb prani t\u00eb guximshme, por edhe t\u00eb rafinuar. Perfekte p\u00ebr veshje zyre ose mbr\u00ebmje elegante. E holl\u00eb e p\u00ebrshtatur p\u00ebr nj\u00eb siluet\u00eb t\u00eb mpreht\u00eb. P\u00ebrzierje pambuku me cil\u00ebsi t\u00eb lart\u00eb q\u00eb lejon ajrosje. P\u00ebrpara me pulla dhe m\u00ebng\u00eb t\u00eb rregullueshme. Kombinohet n\u00eb m\u00ebnyr\u00eb perfekte me pantallona t\u00eb ngushta ose pantallona t\u00eb gjera.<\/p>","protected":false},"excerpt":{"rendered":"<p>Ngritni pamjen tuaj elegante ose t\u00eb biznesit me k\u00ebmish\u00ebn me vija t\u00eb kuqe. E projektuar me vija t\u00eb bardha vertikale n\u00eb nj\u00eb baz\u00eb t\u00eb err\u00ebt blu t\u00eb err\u00ebt, kjo k\u00ebmish\u00eb nxjerr n\u00eb pah nj\u00eb prani t\u00eb guximshme, por edhe t\u00eb rafinuar. Perfekte p\u00ebr veshje zyre ose mbr\u00ebmje elegante. E holl\u00eb e p\u00ebrshtatur p\u00ebr nj\u00eb siluet\u00eb [&hellip;]<\/p>","protected":false},"featured_media":4275,"comment_status":"open","ping_status":"closed","template":"","meta":[],"product_brand":[],"product_cat":[61],"product_tag":[247,62],"class_list":{"0":"post-4274","1":"product","2":"type-product","3":"status-publish","4":"has-post-thumbnail","6":"product_cat-shirt","7":"product_tag-redwhite","8":"product_tag-shirt","10":"first","11":"instock","12":"taxable","13":"shipping-taxable","14":"purchasable","15":"product-type-variable"},"jetpack_sharing_enabled":true,"_links":{"self":[{"href":"https:\/\/urban-clothingstore.com\/en\/wp-json\/wp\/v2\/product\/4274","targetHints":{"allow":["GET"]}}],"collection":[{"href":"https:\/\/urban-clothingstore.com\/en\/wp-json\/wp\/v2\/product"}],"about":[{"href":"https:\/\/urban-clothingstore.com\/en\/wp-json\/wp\/v2\/types\/product"}],"replies":[{"embeddable":true,"href":"https:\/\/urban-clothingstore.com\/en\/wp-json\/wp\/v2\/comments?post=4274"}],"wp:featuredmedia":[{"embeddable":true,"href":"https:\/\/urban-clothingstore.com\/en\/wp-json\/wp\/v2\/media\/4275"}],"wp:attachment":[{"href":"https:\/\/urban-clothingstore.com\/en\/wp-json\/wp\/v2\/media?parent=4274"}],"wp:term":[{"taxonomy":"product_brand","embeddable":true,"href":"https:\/\/urban-clothingstore.com\/en\/wp-json\/wp\/v2\/product_brand?post=4274"},{"taxonomy":"product_cat","embeddable":true,"href":"https:\/\/urban-clothingstore.com\/en\/wp-json\/wp\/v2\/product_cat?post=4274"},{"taxonomy":"product_tag","embeddable":true,"href":"https:\/\/urban-clothingstore.com\/en\/wp-json\/wp\/v2\/product_tag?post=4274"}],"curies":[{"name":"wp","href":"https:\/\/api.w.org\/{rel}","templated":true}]}}