{"id":4382,"date":"2025-06-27T16:42:24","date_gmt":"2025-06-27T16:42:24","guid":{"rendered":"https:\/\/urban-clothingstore.com\/?post_type=product&#038;p=4382"},"modified":"2025-09-15T13:33:00","modified_gmt":"2025-09-15T13:33:00","slug":"mens-slim-fit-black-trousers","status":"publish","type":"product","link":"https:\/\/urban-clothingstore.com\/en\/product\/mens-slim-fit-black-trousers\/","title":{"rendered":"Pantallona t\u00eb Zeza t\u00eb Ngusht\u00eb"},"content":{"rendered":"<p dir=\"auto\"><span class=\"jCAhz ChMk0b\"><span class=\"ryNqvb\">K\u00ebto pantallona t\u00eb zeza me prerje t\u00eb ngusht\u00eb ofrojn\u00eb nj\u00eb pamje elegante dhe moderne, ideale si p\u00ebr raste t\u00eb rast\u00ebsishme ashtu edhe p\u00ebr raste gjysm\u00eb-formale.<\/span><\/span> <span class=\"jCAhz ChMk0b\"><span class=\"ryNqvb\">T\u00eb punuara nga p\u00eblhur\u00eb me cil\u00ebsi t\u00eb lart\u00eb, ato kan\u00eb nj\u00eb prerje t\u00eb p\u00ebrshtatur me nj\u00eb brez dhe rrip t\u00eb rehatsh\u00ebm.<\/span><\/span> <span class=\"jCAhz ChMk0b\"><span class=\"ryNqvb\">T\u00eb kombinuara me atlete t\u00eb bardha dhe nj\u00eb or\u00eb elegante, ato ofrojn\u00eb nj\u00eb shtes\u00eb t\u00eb gjithanshme dhe elegante p\u00ebr \u00e7do gard\u00ebrob\u00eb.<\/span><\/span><\/p>","protected":false},"excerpt":{"rendered":"<p>K\u00ebto pantallona t\u00eb zeza me prerje t\u00eb ngusht\u00eb ofrojn\u00eb nj\u00eb pamje elegante dhe moderne, ideale si p\u00ebr raste t\u00eb rast\u00ebsishme ashtu edhe p\u00ebr raste gjysm\u00eb-formale. T\u00eb punuara nga p\u00eblhur\u00eb me cil\u00ebsi t\u00eb lart\u00eb, ato kan\u00eb nj\u00eb prerje t\u00eb p\u00ebrshtatur me nj\u00eb brez dhe rrip t\u00eb rehatsh\u00ebm. T\u00eb kombinuara me atlete t\u00eb bardha dhe nj\u00eb or\u00eb [&hellip;]<\/p>","protected":false},"featured_media":4391,"comment_status":"open","ping_status":"closed","template":"","meta":[],"product_brand":[],"product_cat":[58],"product_tag":[30,54],"class_list":{"0":"post-4382","1":"product","2":"type-product","3":"status-publish","4":"has-post-thumbnail","6":"product_cat-pants","7":"product_tag-black","8":"product_tag-pants","10":"first","11":"instock","12":"taxable","13":"shipping-taxable","14":"purchasable","15":"product-type-variable"},"jetpack_sharing_enabled":true,"_links":{"self":[{"href":"https:\/\/urban-clothingstore.com\/en\/wp-json\/wp\/v2\/product\/4382","targetHints":{"allow":["GET"]}}],"collection":[{"href":"https:\/\/urban-clothingstore.com\/en\/wp-json\/wp\/v2\/product"}],"about":[{"href":"https:\/\/urban-clothingstore.com\/en\/wp-json\/wp\/v2\/types\/product"}],"replies":[{"embeddable":true,"href":"https:\/\/urban-clothingstore.com\/en\/wp-json\/wp\/v2\/comments?post=4382"}],"wp:featuredmedia":[{"embeddable":true,"href":"https:\/\/urban-clothingstore.com\/en\/wp-json\/wp\/v2\/media\/4391"}],"wp:attachment":[{"href":"https:\/\/urban-clothingstore.com\/en\/wp-json\/wp\/v2\/media?parent=4382"}],"wp:term":[{"taxonomy":"product_brand","embeddable":true,"href":"https:\/\/urban-clothingstore.com\/en\/wp-json\/wp\/v2\/product_brand?post=4382"},{"taxonomy":"product_cat","embeddable":true,"href":"https:\/\/urban-clothingstore.com\/en\/wp-json\/wp\/v2\/product_cat?post=4382"},{"taxonomy":"product_tag","embeddable":true,"href":"https:\/\/urban-clothingstore.com\/en\/wp-json\/wp\/v2\/product_tag?post=4382"}],"curies":[{"name":"wp","href":"https:\/\/api.w.org\/{rel}","templated":true}]}}