{"id":4392,"date":"2025-06-27T16:46:29","date_gmt":"2025-06-27T16:46:29","guid":{"rendered":"https:\/\/urban-clothingstore.com\/?post_type=product&#038;p=4392"},"modified":"2025-09-15T13:31:26","modified_gmt":"2025-09-15T13:31:26","slug":"mens-slim-fit-navy-blue-trousers","status":"publish","type":"product","link":"https:\/\/urban-clothingstore.com\/en\/product\/mens-slim-fit-navy-blue-trousers\/","title":{"rendered":"Pantallona t\u00eb Ngushta Ngjyr\u00eb Blu Marine"},"content":{"rendered":"<p dir=\"auto\"><span class=\"jCAhz ChMk0b\"><span class=\"ryNqvb\">K\u00ebto pantallona t\u00eb ngushta ngjyr\u00eb blu marine ofrojn\u00eb nj\u00eb pamje t\u00eb sofistikuar dhe t\u00eb gjithanshme, t\u00eb p\u00ebrshtatshme si p\u00ebr ambiente t\u00eb rast\u00ebsishme ashtu edhe p\u00ebr ato gjysm\u00ebformale.<\/span><\/span> <span class=\"jCAhz ChMk0b\"><span class=\"ryNqvb\">T\u00eb b\u00ebra nga p\u00eblhur\u00eb me cil\u00ebsi t\u00eb lart\u00eb, ato kan\u00eb nj\u00eb prerje t\u00eb personalizuar me nj\u00eb brez dhe rrip t\u00eb rehatsh\u00ebm.<\/span><\/span> <span class=\"jCAhz ChMk0b\"><span class=\"ryNqvb\">T\u00eb kombinuara me atlete t\u00eb bardha dhe nj\u00eb or\u00eb elegante, ato ofrojn\u00eb nj\u00eb shtes\u00eb elegante dhe moderne p\u00ebr \u00e7do gard\u00ebrob\u00eb.<\/span><\/span><\/p>","protected":false},"excerpt":{"rendered":"<p>K\u00ebto pantallona t\u00eb ngushta ngjyr\u00eb blu marine ofrojn\u00eb nj\u00eb pamje t\u00eb sofistikuar dhe t\u00eb gjithanshme, t\u00eb p\u00ebrshtatshme si p\u00ebr ambiente t\u00eb rast\u00ebsishme ashtu edhe p\u00ebr ato gjysm\u00ebformale. T\u00eb b\u00ebra nga p\u00eblhur\u00eb me cil\u00ebsi t\u00eb lart\u00eb, ato kan\u00eb nj\u00eb prerje t\u00eb personalizuar me nj\u00eb brez dhe rrip t\u00eb rehatsh\u00ebm. T\u00eb kombinuara me atlete t\u00eb bardha dhe [&hellip;]<\/p>","protected":false},"featured_media":4393,"comment_status":"open","ping_status":"closed","template":"","meta":[],"product_brand":[],"product_cat":[58],"product_tag":[59,54],"class_list":{"0":"post-4392","1":"product","2":"type-product","3":"status-publish","4":"has-post-thumbnail","6":"product_cat-pants","7":"product_tag-navyblue","8":"product_tag-pants","10":"first","11":"instock","12":"taxable","13":"shipping-taxable","14":"purchasable","15":"product-type-variable","16":"has-default-attributes"},"jetpack_sharing_enabled":true,"_links":{"self":[{"href":"https:\/\/urban-clothingstore.com\/en\/wp-json\/wp\/v2\/product\/4392","targetHints":{"allow":["GET"]}}],"collection":[{"href":"https:\/\/urban-clothingstore.com\/en\/wp-json\/wp\/v2\/product"}],"about":[{"href":"https:\/\/urban-clothingstore.com\/en\/wp-json\/wp\/v2\/types\/product"}],"replies":[{"embeddable":true,"href":"https:\/\/urban-clothingstore.com\/en\/wp-json\/wp\/v2\/comments?post=4392"}],"wp:featuredmedia":[{"embeddable":true,"href":"https:\/\/urban-clothingstore.com\/en\/wp-json\/wp\/v2\/media\/4393"}],"wp:attachment":[{"href":"https:\/\/urban-clothingstore.com\/en\/wp-json\/wp\/v2\/media?parent=4392"}],"wp:term":[{"taxonomy":"product_brand","embeddable":true,"href":"https:\/\/urban-clothingstore.com\/en\/wp-json\/wp\/v2\/product_brand?post=4392"},{"taxonomy":"product_cat","embeddable":true,"href":"https:\/\/urban-clothingstore.com\/en\/wp-json\/wp\/v2\/product_cat?post=4392"},{"taxonomy":"product_tag","embeddable":true,"href":"https:\/\/urban-clothingstore.com\/en\/wp-json\/wp\/v2\/product_tag?post=4392"}],"curies":[{"name":"wp","href":"https:\/\/api.w.org\/{rel}","templated":true}]}}