{"id":4402,"date":"2025-06-27T16:50:00","date_gmt":"2025-06-27T16:50:00","guid":{"rendered":"https:\/\/urban-clothingstore.com\/?post_type=product&#038;p=4402"},"modified":"2025-09-15T13:30:39","modified_gmt":"2025-09-15T13:30:39","slug":"mens-slim-fit-light-grey-trousers","status":"publish","type":"product","link":"https:\/\/urban-clothingstore.com\/en\/product\/mens-slim-fit-light-grey-trousers\/","title":{"rendered":"Pantallona t\u00eb Ngushta Ngjyr\u00eb Gri"},"content":{"rendered":"<p dir=\"auto\"><span class=\"jCAhz ChMk0b\"><span class=\"ryNqvb\">K\u00ebto pantallona t\u00eb ngushta ngjyr\u00eb gri t\u00eb \u00e7el\u00ebt ofrojn\u00eb nj\u00eb pamje elegante dhe t\u00eb gjithanshme, perfekte p\u00ebr raste t\u00eb rast\u00ebsishme ose gjysm\u00eb-formale.<\/span><\/span> <span class=\"jCAhz ChMk0b\"><span class=\"ryNqvb\">T\u00eb b\u00ebra nga p\u00eblhur\u00eb cil\u00ebsore, ato kan\u00eb nj\u00eb prerje t\u00eb personalizuar me nj\u00eb brez dhe rrip t\u00eb rehatsh\u00ebm.<\/span><\/span> <span class=\"jCAhz ChMk0b\"><span class=\"ryNqvb\">T\u00eb kombinuara me atlete t\u00eb bardha dhe nj\u00eb or\u00eb elegante, ato ofrojn\u00eb nj\u00eb shtes\u00eb moderne dhe t\u00eb sofistikuar p\u00ebr \u00e7do gard\u00ebrob\u00eb.<\/span><\/span><\/p>","protected":false},"excerpt":{"rendered":"<p>K\u00ebto pantallona t\u00eb ngushta ngjyr\u00eb gri t\u00eb \u00e7el\u00ebt ofrojn\u00eb nj\u00eb pamje elegante dhe t\u00eb gjithanshme, perfekte p\u00ebr raste t\u00eb rast\u00ebsishme ose gjysm\u00eb-formale. T\u00eb b\u00ebra nga p\u00eblhur\u00eb cil\u00ebsore, ato kan\u00eb nj\u00eb prerje t\u00eb personalizuar me nj\u00eb brez dhe rrip t\u00eb rehatsh\u00ebm. T\u00eb kombinuara me atlete t\u00eb bardha dhe nj\u00eb or\u00eb elegante, ato ofrojn\u00eb nj\u00eb shtes\u00eb moderne [&hellip;]<\/p>","protected":false},"featured_media":4403,"comment_status":"open","ping_status":"closed","template":"","meta":[],"product_brand":[],"product_cat":[58],"product_tag":[251,54],"class_list":{"0":"post-4402","1":"product","2":"type-product","3":"status-publish","4":"has-post-thumbnail","6":"product_cat-pants","7":"product_tag-lightgray","8":"product_tag-pants","10":"first","11":"instock","12":"taxable","13":"shipping-taxable","14":"purchasable","15":"product-type-variable","16":"has-default-attributes"},"jetpack_sharing_enabled":true,"_links":{"self":[{"href":"https:\/\/urban-clothingstore.com\/en\/wp-json\/wp\/v2\/product\/4402","targetHints":{"allow":["GET"]}}],"collection":[{"href":"https:\/\/urban-clothingstore.com\/en\/wp-json\/wp\/v2\/product"}],"about":[{"href":"https:\/\/urban-clothingstore.com\/en\/wp-json\/wp\/v2\/types\/product"}],"replies":[{"embeddable":true,"href":"https:\/\/urban-clothingstore.com\/en\/wp-json\/wp\/v2\/comments?post=4402"}],"wp:featuredmedia":[{"embeddable":true,"href":"https:\/\/urban-clothingstore.com\/en\/wp-json\/wp\/v2\/media\/4403"}],"wp:attachment":[{"href":"https:\/\/urban-clothingstore.com\/en\/wp-json\/wp\/v2\/media?parent=4402"}],"wp:term":[{"taxonomy":"product_brand","embeddable":true,"href":"https:\/\/urban-clothingstore.com\/en\/wp-json\/wp\/v2\/product_brand?post=4402"},{"taxonomy":"product_cat","embeddable":true,"href":"https:\/\/urban-clothingstore.com\/en\/wp-json\/wp\/v2\/product_cat?post=4402"},{"taxonomy":"product_tag","embeddable":true,"href":"https:\/\/urban-clothingstore.com\/en\/wp-json\/wp\/v2\/product_tag?post=4402"}],"curies":[{"name":"wp","href":"https:\/\/api.w.org\/{rel}","templated":true}]}}