{"id":4434,"date":"2025-06-28T15:29:03","date_gmt":"2025-06-28T15:29:03","guid":{"rendered":"https:\/\/urban-clothingstore.com\/?post_type=product&#038;p=4434"},"modified":"2026-03-23T11:06:36","modified_gmt":"2026-03-23T11:06:36","slug":"mens-black-casual-shirt","status":"publish","type":"product","link":"https:\/\/urban-clothingstore.com\/en\/product\/mens-black-casual-shirt\/","title":{"rendered":"K\u00ebmish\u00eb e Zez\u00eb p\u00ebr Meshkuj"},"content":{"rendered":"<p dir=\"auto\">Kjo k\u00ebmish\u00eb e zez\u00eb e p\u00ebrditshme ofron nj\u00eb stil t\u00eb leht\u00eb dhe t\u00eb relaksuar, perfekt p\u00ebr mot t\u00eb ngroht\u00eb ose dalje t\u00eb p\u00ebrditshme. E b\u00ebr\u00eb nga p\u00eblhur\u00eb e ajrosur dhe me tekstur\u00eb, ka nj\u00eb pjes\u00eb t\u00eb p\u00ebrparme me pulla dhe m\u00ebng\u00eb t\u00eb gjata. E kombinuar me pantallona ngjyr\u00eb bezh\u00eb, ajo ofron nj\u00eb pamje t\u00eb fresk\u00ebt dhe t\u00eb moderne.<\/p>","protected":false},"excerpt":{"rendered":"<p>Kjo k\u00ebmish\u00eb e zez\u00eb e p\u00ebrditshme ofron nj\u00eb stil t\u00eb leht\u00eb dhe t\u00eb relaksuar, perfekt p\u00ebr mot t\u00eb ngroht\u00eb ose dalje t\u00eb p\u00ebrditshme. E b\u00ebr\u00eb nga p\u00eblhur\u00eb e ajrosur dhe me tekstur\u00eb, ka nj\u00eb pjes\u00eb t\u00eb p\u00ebrparme me pulla dhe m\u00ebng\u00eb t\u00eb gjata. E kombinuar me pantallona ngjyr\u00eb bezh\u00eb, ajo ofron nj\u00eb pamje t\u00eb fresk\u00ebt [&hellip;]<\/p>","protected":false},"featured_media":4435,"comment_status":"open","ping_status":"closed","template":"","meta":[],"product_brand":[],"product_cat":[61],"product_tag":[30,62],"class_list":{"0":"post-4434","1":"product","2":"type-product","3":"status-publish","4":"has-post-thumbnail","6":"product_cat-shirt","7":"product_tag-black","8":"product_tag-shirt","10":"first","11":"instock","12":"taxable","13":"shipping-taxable","14":"purchasable","15":"product-type-variable","16":"has-default-attributes"},"jetpack_sharing_enabled":true,"_links":{"self":[{"href":"https:\/\/urban-clothingstore.com\/en\/wp-json\/wp\/v2\/product\/4434","targetHints":{"allow":["GET"]}}],"collection":[{"href":"https:\/\/urban-clothingstore.com\/en\/wp-json\/wp\/v2\/product"}],"about":[{"href":"https:\/\/urban-clothingstore.com\/en\/wp-json\/wp\/v2\/types\/product"}],"replies":[{"embeddable":true,"href":"https:\/\/urban-clothingstore.com\/en\/wp-json\/wp\/v2\/comments?post=4434"}],"wp:featuredmedia":[{"embeddable":true,"href":"https:\/\/urban-clothingstore.com\/en\/wp-json\/wp\/v2\/media\/4435"}],"wp:attachment":[{"href":"https:\/\/urban-clothingstore.com\/en\/wp-json\/wp\/v2\/media?parent=4434"}],"wp:term":[{"taxonomy":"product_brand","embeddable":true,"href":"https:\/\/urban-clothingstore.com\/en\/wp-json\/wp\/v2\/product_brand?post=4434"},{"taxonomy":"product_cat","embeddable":true,"href":"https:\/\/urban-clothingstore.com\/en\/wp-json\/wp\/v2\/product_cat?post=4434"},{"taxonomy":"product_tag","embeddable":true,"href":"https:\/\/urban-clothingstore.com\/en\/wp-json\/wp\/v2\/product_tag?post=4434"}],"curies":[{"name":"wp","href":"https:\/\/api.w.org\/{rel}","templated":true}]}}