{"id":4453,"date":"2025-06-28T15:39:41","date_gmt":"2025-06-28T15:39:41","guid":{"rendered":"https:\/\/urban-clothingstore.com\/?post_type=product&#038;p=4453"},"modified":"2026-03-23T11:09:22","modified_gmt":"2026-03-23T11:09:22","slug":"mens-blue-casual-shirt","status":"publish","type":"product","link":"https:\/\/urban-clothingstore.com\/en\/product\/mens-blue-casual-shirt\/","title":{"rendered":"K\u00ebmish\u00eb Blu p\u00ebr Meshkuj"},"content":{"rendered":"<p>Kjo k\u00ebmish\u00eb blu e p\u00ebrditshme ofron nj\u00eb stil t\u00eb gjall\u00eb dhe t\u00eb relaksuar, perfekt p\u00ebr mot t\u00eb ngroht\u00eb ose dalje t\u00eb p\u00ebrditshme. E b\u00ebr\u00eb nga p\u00eblhur\u00eb e leht\u00eb dhe me tekstur\u00eb, ajo ka nj\u00eb pjes\u00eb t\u00eb p\u00ebrparme me pulla dhe m\u00ebng\u00eb t\u00eb gjata. E kombinuar me pantallona ngjyr\u00eb bezh\u00eb, ajo ofron nj\u00eb pamje t\u00eb fresk\u00ebt dhe moderne.<\/p>","protected":false},"excerpt":{"rendered":"<p>Kjo k\u00ebmish\u00eb blu e p\u00ebrditshme ofron nj\u00eb stil t\u00eb gjall\u00eb dhe t\u00eb relaksuar, perfekt p\u00ebr mot t\u00eb ngroht\u00eb ose dalje t\u00eb p\u00ebrditshme. E b\u00ebr\u00eb nga p\u00eblhur\u00eb e leht\u00eb dhe me tekstur\u00eb, ajo ka nj\u00eb pjes\u00eb t\u00eb p\u00ebrparme me pulla dhe m\u00ebng\u00eb t\u00eb gjata. E kombinuar me pantallona ngjyr\u00eb bezh\u00eb, ajo ofron nj\u00eb pamje t\u00eb fresk\u00ebt [&hellip;]<\/p>","protected":false},"featured_media":4454,"comment_status":"open","ping_status":"closed","template":"","meta":[],"product_brand":[],"product_cat":[61],"product_tag":[43,62],"class_list":{"0":"post-4453","1":"product","2":"type-product","3":"status-publish","4":"has-post-thumbnail","6":"product_cat-shirt","7":"product_tag-blue","8":"product_tag-shirt","10":"first","11":"instock","12":"taxable","13":"shipping-taxable","14":"purchasable","15":"product-type-variable","16":"has-default-attributes"},"jetpack_sharing_enabled":true,"_links":{"self":[{"href":"https:\/\/urban-clothingstore.com\/en\/wp-json\/wp\/v2\/product\/4453","targetHints":{"allow":["GET"]}}],"collection":[{"href":"https:\/\/urban-clothingstore.com\/en\/wp-json\/wp\/v2\/product"}],"about":[{"href":"https:\/\/urban-clothingstore.com\/en\/wp-json\/wp\/v2\/types\/product"}],"replies":[{"embeddable":true,"href":"https:\/\/urban-clothingstore.com\/en\/wp-json\/wp\/v2\/comments?post=4453"}],"wp:featuredmedia":[{"embeddable":true,"href":"https:\/\/urban-clothingstore.com\/en\/wp-json\/wp\/v2\/media\/4454"}],"wp:attachment":[{"href":"https:\/\/urban-clothingstore.com\/en\/wp-json\/wp\/v2\/media?parent=4453"}],"wp:term":[{"taxonomy":"product_brand","embeddable":true,"href":"https:\/\/urban-clothingstore.com\/en\/wp-json\/wp\/v2\/product_brand?post=4453"},{"taxonomy":"product_cat","embeddable":true,"href":"https:\/\/urban-clothingstore.com\/en\/wp-json\/wp\/v2\/product_cat?post=4453"},{"taxonomy":"product_tag","embeddable":true,"href":"https:\/\/urban-clothingstore.com\/en\/wp-json\/wp\/v2\/product_tag?post=4453"}],"curies":[{"name":"wp","href":"https:\/\/api.w.org\/{rel}","templated":true}]}}