{"id":4470,"date":"2025-06-28T15:56:14","date_gmt":"2025-06-28T15:56:14","guid":{"rendered":"https:\/\/urban-clothingstore.com\/?post_type=product&#038;p=4470"},"modified":"2025-08-14T18:11:50","modified_gmt":"2025-08-14T18:11:50","slug":"mens-slim-fit-shirt","status":"publish","type":"product","link":"https:\/\/urban-clothingstore.com\/en\/product\/mens-slim-fit-shirt\/","title":{"rendered":"K\u00ebmish\u00eb Slim-fit p\u00ebr Meshkuj"},"content":{"rendered":"<p dir=\"auto\">Kjo k\u00ebmish\u00eb ofron nj\u00eb pamje t\u00ebrheq\u00ebse dhe elegante. E b\u00ebr\u00eb nga nj\u00eb material i l\u00ebmuar, ka n\u00eb pjes\u00ebn e p\u00ebrparme pulla dhe m\u00ebng\u00eb t\u00eb gjata, t\u00eb kombinuara me pantallona t\u00eb nj\u00ebjta. E aksesuar me syze dielli, ajo ofron nj\u00eb dukje moderne dhe t\u00eb sigurt.<\/p>","protected":false},"excerpt":{"rendered":"<p>Kjo k\u00ebmish\u00eb ofron nj\u00eb pamje t\u00ebrheq\u00ebse dhe elegante. E b\u00ebr\u00eb nga nj\u00eb material i l\u00ebmuar, ka n\u00eb pjes\u00ebn e p\u00ebrparme pulla dhe m\u00ebng\u00eb t\u00eb gjata, t\u00eb kombinuara me pantallona t\u00eb nj\u00ebjta. E aksesuar me syze dielli, ajo ofron nj\u00eb dukje moderne dhe t\u00eb sigurt.<\/p>","protected":false},"featured_media":4464,"comment_status":"open","ping_status":"closed","template":"","meta":[],"product_brand":[],"product_cat":[61],"product_tag":[30,62,29],"class_list":{"0":"post-4470","1":"product","2":"type-product","3":"status-publish","4":"has-post-thumbnail","6":"product_cat-shirt","7":"product_tag-black","8":"product_tag-shirt","9":"product_tag-white","11":"first","12":"instock","13":"taxable","14":"shipping-taxable","15":"purchasable","16":"product-type-variable","17":"has-default-attributes"},"jetpack_sharing_enabled":true,"_links":{"self":[{"href":"https:\/\/urban-clothingstore.com\/en\/wp-json\/wp\/v2\/product\/4470","targetHints":{"allow":["GET"]}}],"collection":[{"href":"https:\/\/urban-clothingstore.com\/en\/wp-json\/wp\/v2\/product"}],"about":[{"href":"https:\/\/urban-clothingstore.com\/en\/wp-json\/wp\/v2\/types\/product"}],"replies":[{"embeddable":true,"href":"https:\/\/urban-clothingstore.com\/en\/wp-json\/wp\/v2\/comments?post=4470"}],"wp:featuredmedia":[{"embeddable":true,"href":"https:\/\/urban-clothingstore.com\/en\/wp-json\/wp\/v2\/media\/4464"}],"wp:attachment":[{"href":"https:\/\/urban-clothingstore.com\/en\/wp-json\/wp\/v2\/media?parent=4470"}],"wp:term":[{"taxonomy":"product_brand","embeddable":true,"href":"https:\/\/urban-clothingstore.com\/en\/wp-json\/wp\/v2\/product_brand?post=4470"},{"taxonomy":"product_cat","embeddable":true,"href":"https:\/\/urban-clothingstore.com\/en\/wp-json\/wp\/v2\/product_cat?post=4470"},{"taxonomy":"product_tag","embeddable":true,"href":"https:\/\/urban-clothingstore.com\/en\/wp-json\/wp\/v2\/product_tag?post=4470"}],"curies":[{"name":"wp","href":"https:\/\/api.w.org\/{rel}","templated":true}]}}