{"id":4598,"date":"2025-06-29T23:48:34","date_gmt":"2025-06-29T23:48:34","guid":{"rendered":"https:\/\/urban-clothingstore.com\/?post_type=product&#038;p=4598"},"modified":"2025-08-21T18:58:26","modified_gmt":"2025-08-21T18:58:26","slug":"mens-black-zip-polo-shirt","status":"publish","type":"product","link":"https:\/\/urban-clothingstore.com\/en\/product\/mens-black-zip-polo-shirt\/","title":{"rendered":"Maic\u00eb e Zez\u00eb Polo me Zinxhir"},"content":{"rendered":"<p dir=\"auto\">P\u00ebrmir\u00ebsoni gard\u00ebrob\u00ebn tuaj t\u00eb p\u00ebrditshme me k\u00ebt\u00eb bluz\u00eb polo t\u00eb zez\u00eb me zinxhir p\u00ebr meshkuj, nj\u00eb p\u00ebrzierje perfekte e stilit dhe rehatis\u00eb. E punuar me material me cil\u00ebsi t\u00eb lart\u00eb dhe q\u00eb lejon frym\u00ebmarrjen, kjo bluz\u00eb me m\u00ebng\u00eb t\u00eb shkurtra paraqet nj\u00eb dizajn elegant dhe minimalist t\u00eb theksuar nga nj\u00eb jak\u00eb elegante me zinxhir q\u00eb i shton nj\u00eb prekje moderne siluet\u00ebs s\u00eb saj klasike polo.<\/p>\n<p dir=\"auto\">Siguron nj\u00eb pamje t\u00ebrheq\u00ebse duke ruajtur rehatin\u00eb gjat\u00eb gjith\u00eb dit\u00ebs. Pavar\u00ebsisht n\u00ebse po dilni p\u00ebr nj\u00eb dit\u00eb n\u00eb qytet apo nj\u00eb mbr\u00ebmje t\u00eb relaksuar me miqt\u00eb, kjo bluz\u00eb polo kombinon mod\u00ebn bashk\u00ebkohore me nj\u00eb pamje t\u00eb p\u00ebrjetshme, duke e b\u00ebr\u00eb at\u00eb nj\u00eb shtes\u00eb t\u00eb domosdoshme p\u00ebr \u00e7do koleksion elegant p\u00ebr meshkuj.<\/p>","protected":false},"excerpt":{"rendered":"<p>P\u00ebrmir\u00ebsoni gard\u00ebrob\u00ebn tuaj t\u00eb p\u00ebrditshme me k\u00ebt\u00eb bluz\u00eb polo t\u00eb zez\u00eb me zinxhir p\u00ebr meshkuj, nj\u00eb p\u00ebrzierje perfekte e stilit dhe rehatis\u00eb. E punuar me material me cil\u00ebsi t\u00eb lart\u00eb dhe q\u00eb lejon frym\u00ebmarrjen, kjo bluz\u00eb me m\u00ebng\u00eb t\u00eb shkurtra paraqet nj\u00eb dizajn elegant dhe minimalist t\u00eb theksuar nga nj\u00eb jak\u00eb elegante me zinxhir q\u00eb [&hellip;]<\/p>","protected":false},"featured_media":4600,"comment_status":"open","ping_status":"closed","template":"","meta":[],"product_brand":[],"product_cat":[21],"product_tag":[30,281,283],"class_list":{"0":"post-4598","1":"product","2":"type-product","3":"status-publish","4":"has-post-thumbnail","6":"product_cat-tshirts","7":"product_tag-black","8":"product_tag-tshirt","9":"product_tag-zip","11":"first","12":"instock","13":"sale","14":"taxable","15":"shipping-taxable","16":"purchasable","17":"product-type-variable"},"jetpack_sharing_enabled":true,"_links":{"self":[{"href":"https:\/\/urban-clothingstore.com\/en\/wp-json\/wp\/v2\/product\/4598","targetHints":{"allow":["GET"]}}],"collection":[{"href":"https:\/\/urban-clothingstore.com\/en\/wp-json\/wp\/v2\/product"}],"about":[{"href":"https:\/\/urban-clothingstore.com\/en\/wp-json\/wp\/v2\/types\/product"}],"replies":[{"embeddable":true,"href":"https:\/\/urban-clothingstore.com\/en\/wp-json\/wp\/v2\/comments?post=4598"}],"wp:featuredmedia":[{"embeddable":true,"href":"https:\/\/urban-clothingstore.com\/en\/wp-json\/wp\/v2\/media\/4600"}],"wp:attachment":[{"href":"https:\/\/urban-clothingstore.com\/en\/wp-json\/wp\/v2\/media?parent=4598"}],"wp:term":[{"taxonomy":"product_brand","embeddable":true,"href":"https:\/\/urban-clothingstore.com\/en\/wp-json\/wp\/v2\/product_brand?post=4598"},{"taxonomy":"product_cat","embeddable":true,"href":"https:\/\/urban-clothingstore.com\/en\/wp-json\/wp\/v2\/product_cat?post=4598"},{"taxonomy":"product_tag","embeddable":true,"href":"https:\/\/urban-clothingstore.com\/en\/wp-json\/wp\/v2\/product_tag?post=4598"}],"curies":[{"name":"wp","href":"https:\/\/api.w.org\/{rel}","templated":true}]}}