{"id":4624,"date":"2025-06-30T00:02:01","date_gmt":"2025-06-30T00:02:01","guid":{"rendered":"https:\/\/urban-clothingstore.com\/?post_type=product&#038;p=4624"},"modified":"2025-08-21T18:53:39","modified_gmt":"2025-08-21T18:53:39","slug":"mens-black-textured-polo-shirt","status":"publish","type":"product","link":"https:\/\/urban-clothingstore.com\/en\/product\/mens-black-textured-polo-shirt\/","title":{"rendered":"Maic\u00eb Polo me Tekstur\u00eb e Zez\u00eb"},"content":{"rendered":"<p dir=\"auto\">B\u00ebni nj\u00eb deklarat\u00eb t\u00eb guximshme me k\u00ebt\u00eb bluz\u00eb polo t\u00eb zez\u00eb me tekstur\u00eb p\u00ebr meshkuj, nj\u00eb bashkim perfekt i stilit dhe rehatis\u00eb. E punuar nga p\u00eblhur\u00eb me cil\u00ebsi t\u00eb lart\u00eb, e ajrosur me nj\u00eb model t\u00eb ve\u00e7ant\u00eb me tekstur\u00eb, kjo bluz\u00eb me m\u00ebng\u00eb t\u00eb shkurtra paraqet nj\u00eb jak\u00eb polo klasike dhe nj\u00eb prerje t\u00eb p\u00ebrshtatur q\u00eb thekson nj\u00eb trup muskulor. Ngjyra e zez\u00eb e thell\u00eb nxjerr n\u00eb pah sofistikimin dhe shkatht\u00ebsin\u00eb, duke e b\u00ebr\u00eb at\u00eb t\u00eb p\u00ebrshtatshme si p\u00ebr dalje t\u00eb rast\u00ebsishme ashtu edhe p\u00ebr evente gjysm\u00eb-formale. E kombinuar me pantallona t\u00eb bardha t\u00eb pastra dhe nj\u00eb or\u00eb t\u00eb zez\u00eb elegante, kjo bluz\u00eb ofron nj\u00eb kontrast t\u00eb mrekulluesh\u00ebm dhe nj\u00eb pamje t\u00eb l\u00ebmuar.<\/p>\n<p dir=\"auto\">E projektuar p\u00ebr t&#8217;u veshur gjat\u00eb gjith\u00eb dit\u00ebs, duke siguruar q\u00eb t\u00eb q\u00ebndroni rehat dhe t\u00eb sigurt. Ideale p\u00ebr burrin modern q\u00eb vler\u00ebson mod\u00ebn dhe funksionalitetin, kjo bluz\u00eb polo \u00ebsht\u00eb nj\u00eb shtes\u00eb thelb\u00ebsore p\u00ebr \u00e7do gard\u00ebrob\u00eb elegante.<\/p>","protected":false},"excerpt":{"rendered":"<p>B\u00ebni nj\u00eb deklarat\u00eb t\u00eb guximshme me k\u00ebt\u00eb bluz\u00eb polo t\u00eb zez\u00eb me tekstur\u00eb p\u00ebr meshkuj, nj\u00eb bashkim perfekt i stilit dhe rehatis\u00eb. E punuar nga p\u00eblhur\u00eb me cil\u00ebsi t\u00eb lart\u00eb, e ajrosur me nj\u00eb model t\u00eb ve\u00e7ant\u00eb me tekstur\u00eb, kjo bluz\u00eb me m\u00ebng\u00eb t\u00eb shkurtra paraqet nj\u00eb jak\u00eb polo klasike dhe nj\u00eb prerje t\u00eb p\u00ebrshtatur [&hellip;]<\/p>","protected":false},"featured_media":4625,"comment_status":"open","ping_status":"closed","template":"","meta":[],"product_brand":[],"product_cat":[21],"product_tag":[30,281],"class_list":{"0":"post-4624","1":"product","2":"type-product","3":"status-publish","4":"has-post-thumbnail","6":"product_cat-tshirts","7":"product_tag-black","8":"product_tag-tshirt","10":"first","11":"instock","12":"sale","13":"taxable","14":"shipping-taxable","15":"purchasable","16":"product-type-variable"},"jetpack_sharing_enabled":true,"_links":{"self":[{"href":"https:\/\/urban-clothingstore.com\/en\/wp-json\/wp\/v2\/product\/4624","targetHints":{"allow":["GET"]}}],"collection":[{"href":"https:\/\/urban-clothingstore.com\/en\/wp-json\/wp\/v2\/product"}],"about":[{"href":"https:\/\/urban-clothingstore.com\/en\/wp-json\/wp\/v2\/types\/product"}],"replies":[{"embeddable":true,"href":"https:\/\/urban-clothingstore.com\/en\/wp-json\/wp\/v2\/comments?post=4624"}],"wp:featuredmedia":[{"embeddable":true,"href":"https:\/\/urban-clothingstore.com\/en\/wp-json\/wp\/v2\/media\/4625"}],"wp:attachment":[{"href":"https:\/\/urban-clothingstore.com\/en\/wp-json\/wp\/v2\/media?parent=4624"}],"wp:term":[{"taxonomy":"product_brand","embeddable":true,"href":"https:\/\/urban-clothingstore.com\/en\/wp-json\/wp\/v2\/product_brand?post=4624"},{"taxonomy":"product_cat","embeddable":true,"href":"https:\/\/urban-clothingstore.com\/en\/wp-json\/wp\/v2\/product_cat?post=4624"},{"taxonomy":"product_tag","embeddable":true,"href":"https:\/\/urban-clothingstore.com\/en\/wp-json\/wp\/v2\/product_tag?post=4624"}],"curies":[{"name":"wp","href":"https:\/\/api.w.org\/{rel}","templated":true}]}}